{"id":27403,"date":"2025-03-27T11:04:23","date_gmt":"2025-03-27T11:04:23","guid":{"rendered":"https:\/\/adidascombat.md\/product\/%d0%b1%d0%be%d0%ba%d1%81%d0%b5%d1%80%d1%81%d0%ba%d0%b8%d0%b5-%d0%bf%d0%b5%d1%80%d1%87%d0%b0%d1%82%d0%ba%d0%b8-%d0%b4%d0%bb%d1%8f-%d1%82%d1%80%d0%b5%d0%bd%d0%b8%d1%80%d0%be%d0%b2%d0%be%d0%ba-pro-%d0%ba\/"},"modified":"2025-03-27T11:06:31","modified_gmt":"2025-03-27T11:06:31","slug":"%d0%b1%d0%be%d0%ba%d1%81%d0%b5%d1%80%d1%81%d0%ba%d0%b8%d0%b5-%d0%bf%d0%b5%d1%80%d1%87%d0%b0%d1%82%d0%ba%d0%b8-%d0%b4%d0%bb%d1%8f-%d1%82%d1%80%d0%b5%d0%bd%d0%b8%d1%80%d0%be%d0%b2%d0%be%d0%ba-pro-%d0%ba","status":"publish","type":"product","link":"https:\/\/adidascombat.md\/ro\/Produs\/%d0%b1%d0%be%d0%ba%d1%81%d0%b5%d1%80%d1%81%d0%ba%d0%b8%d0%b5-%d0%bf%d0%b5%d1%80%d1%87%d0%b0%d1%82%d0%ba%d0%b8-%d0%b4%d0%bb%d1%8f-%d1%82%d1%80%d0%b5%d0%bd%d0%b8%d1%80%d0%be%d0%b2%d0%be%d0%ba-pro-%d0%ba\/","title":{"rendered":"M\u0103nu\u0219i de box pentru antrenament Pro Leather V2 negru\/ro\u0219u"},"content":{"rendered":"<p>M\u0103nu\u0219ile de box Training 2.0 de la Ju-Sports au c\u0103ptu\u0219eal\u0103 multistrat pentru o amortizare optim\u0103. \u00cen plus, orificiile de ventila\u021bie asigur\u0103 o reglare ideal\u0103 a umidit\u0103\u021bii \u00een timpul utiliz\u0103rii. Interiorul m\u0103nu\u0219ilor este c\u0103ptu\u0219it pentru a oferi o potrivire confortabil\u0103. M\u0103nu\u0219ile de box pot fi \u00eenchise cu o \u00eenchidere Velcro. Pielea natural\u0103 rezistent\u0103 la uzur\u0103 este de cea mai \u00eenalt\u0103 calitate.<\/p>\n<p>&#8211; Captuseala multistrat pentru amortizare optima &#8211; Orificii de ventilatie pentru reglarea umiditatii &#8211; Fabricat din piele naturala de inalta calitate<\/p>\n","protected":false},"excerpt":{"rendered":"<p>M\u0103nu\u0219ile de box Training 2.0 de la Ju-Sports au c\u0103ptu\u0219eal\u0103 multistrat pentru o amortizare optim\u0103. \u00cen plus, orificiile de ventila\u021bie<\/p>\n","protected":false},"featured_media":31225,"comment_status":"open","ping_status":"closed","template":"","meta":[],"product_brand":[],"product_cat":[517,757,533,765,876,875],"product_tag":[],"class_list":{"0":"post-27403","1":"product","2":"type-product","3":"status-publish","4":"has-post-thumbnail","6":"product_cat-adidas-box-ro","7":"product_cat-adidas-kickbox-ro","8":"product_cat-manusi-ro-4","9":"product_cat-manusi-ro-5","10":"product_cat-manusi-13","11":"product_cat-mmafreefight-thaiboxing","13":"first","14":"instock","15":"shipping-taxable","16":"purchasable","17":"product-type-variable"},"_links":{"self":[{"href":"https:\/\/adidascombat.md\/ro\/wp-json\/wp\/v2\/product\/27403","targetHints":{"allow":["GET"]}}],"collection":[{"href":"https:\/\/adidascombat.md\/ro\/wp-json\/wp\/v2\/product"}],"about":[{"href":"https:\/\/adidascombat.md\/ro\/wp-json\/wp\/v2\/types\/product"}],"replies":[{"embeddable":true,"href":"https:\/\/adidascombat.md\/ro\/wp-json\/wp\/v2\/comments?post=27403"}],"version-history":[{"count":1,"href":"https:\/\/adidascombat.md\/ro\/wp-json\/wp\/v2\/product\/27403\/revisions"}],"predecessor-version":[{"id":27407,"href":"https:\/\/adidascombat.md\/ro\/wp-json\/wp\/v2\/product\/27403\/revisions\/27407"}],"wp:featuredmedia":[{"embeddable":true,"href":"https:\/\/adidascombat.md\/ro\/wp-json\/wp\/v2\/media\/31225"}],"wp:attachment":[{"href":"https:\/\/adidascombat.md\/ro\/wp-json\/wp\/v2\/media?parent=27403"}],"wp:term":[{"taxonomy":"product_brand","embeddable":true,"href":"https:\/\/adidascombat.md\/ro\/wp-json\/wp\/v2\/product_brand?post=27403"},{"taxonomy":"product_cat","embeddable":true,"href":"https:\/\/adidascombat.md\/ro\/wp-json\/wp\/v2\/product_cat?post=27403"},{"taxonomy":"product_tag","embeddable":true,"href":"https:\/\/adidascombat.md\/ro\/wp-json\/wp\/v2\/product_tag?post=27403"}],"curies":[{"name":"wp","href":"https:\/\/api.w.org\/{rel}","templated":true}]}}