{"id":27680,"date":"2025-05-03T16:42:17","date_gmt":"2025-05-03T16:42:17","guid":{"rendered":"https:\/\/adidascombat.md\/product\/adidas-%d0%bf%d0%b5%d1%80%d1%87%d0%b0%d1%82%d0%ba%d0%b0-%d0%b4%d0%bb%d1%8f-%d1%81%d0%be%d1%80%d0%b5%d0%b2%d0%bd%d0%be%d0%b2%d0%b0%d0%bd%d0%b8%d0%b9-%d0%ba%d1%80%d0%b0%d1%81%d0%bd%d0%b0%d1%8f-%d0%b1\/"},"modified":"2025-05-03T16:44:11","modified_gmt":"2025-05-03T16:44:11","slug":"adidas-%d0%bf%d0%b5%d1%80%d1%87%d0%b0%d1%82%d0%ba%d0%b0-%d0%b4%d0%bb%d1%8f-%d1%81%d0%be%d1%80%d0%b5%d0%b2%d0%bd%d0%be%d0%b2%d0%b0%d0%bd%d0%b8%d0%b9-%d0%ba%d1%80%d0%b0%d1%81%d0%bd%d0%b0%d1%8f-%d0%b1","status":"publish","type":"product","link":"https:\/\/adidascombat.md\/ro\/Produs\/adidas-%d0%bf%d0%b5%d1%80%d1%87%d0%b0%d1%82%d0%ba%d0%b0-%d0%b4%d0%bb%d1%8f-%d1%81%d0%be%d1%80%d0%b5%d0%b2%d0%bd%d0%be%d0%b2%d0%b0%d0%bd%d0%b8%d0%b9-%d0%ba%d1%80%d0%b0%d1%81%d0%bd%d0%b0%d1%8f-%d0%b1\/","title":{"rendered":"M\u0103nu\u0219\u0103 de competi\u021bie adidas Ro\u0219ie\/Alb\u0103, adiKBWKF200"},"content":{"rendered":"<p>M\u0103nu\u0219i de competi\u021bie de kickboxing este fabricat\u0103 din piele de vac\u0103 de \u00eenalt\u0103 calitate pe fa\u021b\u0103 pentru durabilitate. Palma este fabricat\u0103 din poliuretan sintetic FLX 3.0. Sistemul de fixare cu velcro asigur\u0103 o potrivire perfect\u0103 \u0219i sigur\u0103. M\u0103nu\u0219i WAKO aprobate oficial, cu suprafa\u021b\u0103 rezistent\u0103 la impact, fabricate din piele natural\u0103. M\u0103nu\u0219a de box senza\u021bional\u0103 de la adidas are un look nou, disponibil\u0103 \u00een mai multe culori, exist\u0103 c\u00e2te ceva pentru fiecare!<\/p>\n<p>Pentru competi\u021bii doar 10 oz. M\u0103nu\u0219ile sunt permise!<\/p>\n<p>&nbsp;<\/p>\n","protected":false},"excerpt":{"rendered":"<p>M\u0103nu\u0219i de competi\u021bie de kickboxing este fabricat\u0103 din piele de vac\u0103 de \u00eenalt\u0103 calitate pe fa\u021b\u0103 pentru durabilitate. Palma este<\/p>\n","protected":false},"featured_media":27675,"comment_status":"open","ping_status":"closed","template":"","meta":[],"product_brand":[],"product_cat":[517,757,533,765],"product_tag":[],"class_list":{"0":"post-27680","1":"product","2":"type-product","3":"status-publish","4":"has-post-thumbnail","6":"product_cat-adidas-box-ro","7":"product_cat-adidas-kickbox-ro","8":"product_cat-manusi-ro-4","9":"product_cat-manusi-ro-5","11":"first","12":"instock","13":"shipping-taxable","14":"purchasable","15":"product-type-variable"},"_links":{"self":[{"href":"https:\/\/adidascombat.md\/ro\/wp-json\/wp\/v2\/product\/27680","targetHints":{"allow":["GET"]}}],"collection":[{"href":"https:\/\/adidascombat.md\/ro\/wp-json\/wp\/v2\/product"}],"about":[{"href":"https:\/\/adidascombat.md\/ro\/wp-json\/wp\/v2\/types\/product"}],"replies":[{"embeddable":true,"href":"https:\/\/adidascombat.md\/ro\/wp-json\/wp\/v2\/comments?post=27680"}],"version-history":[{"count":2,"href":"https:\/\/adidascombat.md\/ro\/wp-json\/wp\/v2\/product\/27680\/revisions"}],"predecessor-version":[{"id":27684,"href":"https:\/\/adidascombat.md\/ro\/wp-json\/wp\/v2\/product\/27680\/revisions\/27684"}],"wp:featuredmedia":[{"embeddable":true,"href":"https:\/\/adidascombat.md\/ro\/wp-json\/wp\/v2\/media\/27675"}],"wp:attachment":[{"href":"https:\/\/adidascombat.md\/ro\/wp-json\/wp\/v2\/media?parent=27680"}],"wp:term":[{"taxonomy":"product_brand","embeddable":true,"href":"https:\/\/adidascombat.md\/ro\/wp-json\/wp\/v2\/product_brand?post=27680"},{"taxonomy":"product_cat","embeddable":true,"href":"https:\/\/adidascombat.md\/ro\/wp-json\/wp\/v2\/product_cat?post=27680"},{"taxonomy":"product_tag","embeddable":true,"href":"https:\/\/adidascombat.md\/ro\/wp-json\/wp\/v2\/product_tag?post=27680"}],"curies":[{"name":"wp","href":"https:\/\/api.w.org\/{rel}","templated":true}]}}