{"id":28118,"date":"2025-05-12T07:42:43","date_gmt":"2025-05-12T07:42:43","guid":{"rendered":"https:\/\/adidascombat.md\/product\/adidas-%d0%b1%d0%be%d0%ba%d1%81%d0%b5%d1%80%d1%81%d0%ba%d0%b8%d0%b5-%d0%bf%d0%b5%d1%80%d1%87%d0%b0%d1%82%d0%ba%d0%b8-hybrid-300-adih300-%d1%87%d0%b5%d1%80%d0%bd%d1%8b%d0%b9-%d0%b7%d0%be%d0%bb%d0%be\/"},"modified":"2025-05-12T07:44:04","modified_gmt":"2025-05-12T07:44:04","slug":"adidas-%d0%b1%d0%be%d0%ba%d1%81%d0%b5%d1%80%d1%81%d0%ba%d0%b8%d0%b5-%d0%bf%d0%b5%d1%80%d1%87%d0%b0%d1%82%d0%ba%d0%b8-hybrid-300-adih300-%d1%87%d0%b5%d1%80%d0%bd%d1%8b%d0%b9-%d0%b7%d0%be%d0%bb%d0%be","status":"publish","type":"product","link":"https:\/\/adidascombat.md\/ro\/Produs\/adidas-%d0%b1%d0%be%d0%ba%d1%81%d0%b5%d1%80%d1%81%d0%ba%d0%b8%d0%b5-%d0%bf%d0%b5%d1%80%d1%87%d0%b0%d1%82%d0%ba%d0%b8-hybrid-300-adih300-%d1%87%d0%b5%d1%80%d0%bd%d1%8b%d0%b9-%d0%b7%d0%be%d0%bb%d0%be\/","title":{"rendered":"M\u0103nu\u0219i de box adidas Hybrid 300 ADIH300 Negre\/Aurii"},"content":{"rendered":"<p>Modelul Hybrid 300 este fabricat din piele natural\u0103 de bivol \u0219i spum\u0103 bicomponent\u0103 pentru o durabilitate superioar\u0103. Designul unic este ideal pentru m\u00e2ini mai mici cu \u00eencheieturi mai \u00eenguste. Datorit\u0103 fix\u0103rii flexibile cu velcro de la Hybrid 300, m\u0103nu\u0219a de box poate fi ajustat\u0103 pentru a se potrivi perfect.<\/p>\n<ul>\n<li>\u00a0Parte superioar\u0103: Piele de bivol de \u00eenalt\u0103 calitate<\/li>\n<li>C\u0103ptu\u0219eal\u0103: Spum\u0103 turnat\u0103 prin injec\u021bie pentru o amortizare excep\u021bional\u0103<\/li>\n<li>Ideal pentru lovituri dure \u0219i rapide datorit\u0103 formei sale ergonomice<\/li>\n<li>Design unic pentru m\u00e2ini mai mici cu \u00eencheieturi mai \u00eenguste<\/li>\n<\/ul>\n","protected":false},"excerpt":{"rendered":"<p>Modelul Hybrid 300 este fabricat din piele natural\u0103 de bivol \u0219i spum\u0103 bicomponent\u0103 pentru o durabilitate superioar\u0103. Designul unic este<\/p>\n","protected":false},"featured_media":28112,"comment_status":"open","ping_status":"closed","template":"","meta":[],"product_brand":[],"product_cat":[517,533],"product_tag":[],"class_list":{"0":"post-28118","1":"product","2":"type-product","3":"status-publish","4":"has-post-thumbnail","6":"product_cat-adidas-box-ro","7":"product_cat-manusi-ro-4","9":"first","10":"instock","11":"shipping-taxable","12":"purchasable","13":"product-type-variable"},"_links":{"self":[{"href":"https:\/\/adidascombat.md\/ro\/wp-json\/wp\/v2\/product\/28118","targetHints":{"allow":["GET"]}}],"collection":[{"href":"https:\/\/adidascombat.md\/ro\/wp-json\/wp\/v2\/product"}],"about":[{"href":"https:\/\/adidascombat.md\/ro\/wp-json\/wp\/v2\/types\/product"}],"replies":[{"embeddable":true,"href":"https:\/\/adidascombat.md\/ro\/wp-json\/wp\/v2\/comments?post=28118"}],"version-history":[{"count":1,"href":"https:\/\/adidascombat.md\/ro\/wp-json\/wp\/v2\/product\/28118\/revisions"}],"predecessor-version":[{"id":28124,"href":"https:\/\/adidascombat.md\/ro\/wp-json\/wp\/v2\/product\/28118\/revisions\/28124"}],"wp:featuredmedia":[{"embeddable":true,"href":"https:\/\/adidascombat.md\/ro\/wp-json\/wp\/v2\/media\/28112"}],"wp:attachment":[{"href":"https:\/\/adidascombat.md\/ro\/wp-json\/wp\/v2\/media?parent=28118"}],"wp:term":[{"taxonomy":"product_brand","embeddable":true,"href":"https:\/\/adidascombat.md\/ro\/wp-json\/wp\/v2\/product_brand?post=28118"},{"taxonomy":"product_cat","embeddable":true,"href":"https:\/\/adidascombat.md\/ro\/wp-json\/wp\/v2\/product_cat?post=28118"},{"taxonomy":"product_tag","embeddable":true,"href":"https:\/\/adidascombat.md\/ro\/wp-json\/wp\/v2\/product_tag?post=28118"}],"curies":[{"name":"wp","href":"https:\/\/api.w.org\/{rel}","templated":true}]}}