{"id":28231,"date":"2025-05-12T08:04:53","date_gmt":"2025-05-12T08:04:53","guid":{"rendered":"https:\/\/adidascombat.md\/product\/adidas-%d0%b1%d0%be%d0%ba%d1%81%d0%b5%d1%80%d1%81%d0%ba%d0%b8%d0%b5-%d0%bf%d0%b5%d1%80%d1%87%d0%b0%d1%82%d0%ba%d0%b8-speed-500-%d0%b1%d0%b5%d0%bb%d1%8b%d0%b9-%d1%87%d0%b5%d1%80%d0%bd%d1%8b%d0%b9\/"},"modified":"2025-05-12T08:06:22","modified_gmt":"2025-05-12T08:06:22","slug":"adidas-%d0%b1%d0%be%d0%ba%d1%81%d0%b5%d1%80%d1%81%d0%ba%d0%b8%d0%b5-%d0%bf%d0%b5%d1%80%d1%87%d0%b0%d1%82%d0%ba%d0%b8-speed-500-%d0%b1%d0%b5%d0%bb%d1%8b%d0%b9-%d1%87%d0%b5%d1%80%d0%bd%d1%8b%d0%b9","status":"publish","type":"product","link":"https:\/\/adidascombat.md\/ro\/Produs\/adidas-%d0%b1%d0%be%d0%ba%d1%81%d0%b5%d1%80%d1%81%d0%ba%d0%b8%d0%b5-%d0%bf%d0%b5%d1%80%d1%87%d0%b0%d1%82%d0%ba%d0%b8-speed-500-%d0%b1%d0%b5%d0%bb%d1%8b%d0%b9-%d1%87%d0%b5%d1%80%d0%bd%d1%8b%d0%b9\/","title":{"rendered":"M\u0103nu\u0219i de box adidas Speed \u200b\u200b\u200b\u200b500 Alb\/Negru Microfibr\u0103, ADISBG501"},"content":{"rendered":"<p>Noua m\u0103nu\u0219\u0103 de box adiSPEED Strap Up este fabricat\u0103 din microfibr\u0103 de \u00eenalt\u0103 calitate. Pentru o stabilizare optim\u0103 \u0219i un suport sigur pentru \u00eencheietura m\u00e2inii, aceast\u0103 m\u0103nu\u0219\u0103 de box este prev\u0103zut\u0103 cu sistemul de \u00eenchidere adidas Strap Up, deja dovedit. Este alc\u0103tuit\u0103 dintr-o construc\u021bie din spum\u0103 multistrat pentru o amortizare optim\u0103. C\u0103ptu\u0219eala interioar\u0103 a m\u0103nu\u0219ii este confec\u021bionat\u0103 din material satinat pentru un confort sporit.<\/p>\n<ul>\n<li>\u00a0M\u0103rimi disponibile: 12, 14, 16, 18 \u0219i 20 oz.<\/li>\n<li>\u00a0Material: Piele sintetic\u0103 din microfibr\u0103 de \u00eenalt\u0103 calitate<\/li>\n<li>\u00cenchidere puternic\u0103 cu velcro<\/li>\n<li>Spuma ofer\u0103 o amortizare excep\u021bional\u0103<\/li>\n<li>C\u0103ptu\u0219eal\u0103 interioar\u0103 din \u021bes\u0103tur\u0103 satinat\u0103 moale<\/li>\n<\/ul>\n","protected":false},"excerpt":{"rendered":"<p>Noua m\u0103nu\u0219\u0103 de box adiSPEED Strap Up este fabricat\u0103 din microfibr\u0103 de \u00eenalt\u0103 calitate. Pentru o stabilizare optim\u0103 \u0219i un<\/p>\n","protected":false},"featured_media":31314,"comment_status":"open","ping_status":"closed","template":"","meta":[],"product_brand":[],"product_cat":[517,757,533,765],"product_tag":[],"class_list":{"0":"post-28231","1":"product","2":"type-product","3":"status-publish","4":"has-post-thumbnail","6":"product_cat-adidas-box-ro","7":"product_cat-adidas-kickbox-ro","8":"product_cat-manusi-ro-4","9":"product_cat-manusi-ro-5","11":"first","12":"instock","13":"shipping-taxable","14":"purchasable","15":"product-type-variable"},"_links":{"self":[{"href":"https:\/\/adidascombat.md\/ro\/wp-json\/wp\/v2\/product\/28231","targetHints":{"allow":["GET"]}}],"collection":[{"href":"https:\/\/adidascombat.md\/ro\/wp-json\/wp\/v2\/product"}],"about":[{"href":"https:\/\/adidascombat.md\/ro\/wp-json\/wp\/v2\/types\/product"}],"replies":[{"embeddable":true,"href":"https:\/\/adidascombat.md\/ro\/wp-json\/wp\/v2\/comments?post=28231"}],"version-history":[{"count":2,"href":"https:\/\/adidascombat.md\/ro\/wp-json\/wp\/v2\/product\/28231\/revisions"}],"predecessor-version":[{"id":28238,"href":"https:\/\/adidascombat.md\/ro\/wp-json\/wp\/v2\/product\/28231\/revisions\/28238"}],"wp:featuredmedia":[{"embeddable":true,"href":"https:\/\/adidascombat.md\/ro\/wp-json\/wp\/v2\/media\/31314"}],"wp:attachment":[{"href":"https:\/\/adidascombat.md\/ro\/wp-json\/wp\/v2\/media?parent=28231"}],"wp:term":[{"taxonomy":"product_brand","embeddable":true,"href":"https:\/\/adidascombat.md\/ro\/wp-json\/wp\/v2\/product_brand?post=28231"},{"taxonomy":"product_cat","embeddable":true,"href":"https:\/\/adidascombat.md\/ro\/wp-json\/wp\/v2\/product_cat?post=28231"},{"taxonomy":"product_tag","embeddable":true,"href":"https:\/\/adidascombat.md\/ro\/wp-json\/wp\/v2\/product_tag?post=28231"}],"curies":[{"name":"wp","href":"https:\/\/api.w.org\/{rel}","templated":true}]}}