{"id":28363,"date":"2025-05-12T08:40:21","date_gmt":"2025-05-12T08:40:21","guid":{"rendered":"https:\/\/adidascombat.md\/product\/adidas-%d0%b1%d0%be%d0%ba%d1%81%d0%b5%d1%80%d1%81%d0%ba%d0%b8%d0%b5-%d0%bf%d0%b5%d1%80%d1%87%d0%b0%d1%82%d0%ba%d0%b8-speed-500-%d1%88%d0%bd%d1%83%d1%80%d0%ba%d0%b8-%d1%87%d0%b5%d1%80%d0%bd%d1%8b%d0%b9\/"},"modified":"2025-05-12T08:45:18","modified_gmt":"2025-05-12T08:45:18","slug":"adidas-%d0%b1%d0%be%d0%ba%d1%81%d0%b5%d1%80%d1%81%d0%ba%d0%b8%d0%b5-%d0%bf%d0%b5%d1%80%d1%87%d0%b0%d1%82%d0%ba%d0%b8-speed-500-%d1%88%d0%bd%d1%83%d1%80%d0%ba%d0%b8-%d1%87%d0%b5%d1%80%d0%bd%d1%8b%d0%b9","status":"publish","type":"product","link":"https:\/\/adidascombat.md\/ro\/Produs\/adidas-%d0%b1%d0%be%d0%ba%d1%81%d0%b5%d1%80%d1%81%d0%ba%d0%b8%d0%b5-%d0%bf%d0%b5%d1%80%d1%87%d0%b0%d1%82%d0%ba%d0%b8-speed-500-%d1%88%d0%bd%d1%83%d1%80%d0%ba%d0%b8-%d1%87%d0%b5%d1%80%d0%bd%d1%8b%d0%b9\/","title":{"rendered":"M\u0103nu\u0219i de box adidas Speed \u200b\u200b\u200b\u200b500 Lace-uri Negre, ADISBG500"},"content":{"rendered":"<p>Noua m\u0103nu\u0219\u0103 de box profesional\u0103 Speed \u200b\u200b500 de la adidas este perfect\u0103. Materialul exterior este fabricat din microfibr\u0103, care este aproape identic\u0103 cu pielea natural\u0103 \u00een toate propriet\u0103\u021bile sale. Microfibra este o piele artificial\u0103 produs\u0103 \u00eentr-un mod ecologic. \u00cen plus, c\u0103ptu\u0219eala din spum\u0103 multistrat ofer\u0103 o amortizare optim\u0103 pentru loviturile tale. Interiorul acestei m\u0103nu\u0219i de box Speed \u200b\u200b500 este c\u0103ptu\u0219it cu material satinat pentru o aderen\u021b\u0103 \u0219i un confort optime.<\/p>\n<p><strong>Disponibil \u00een urm\u0103toarele dimensiuni \u0219i culori:<\/strong><\/p>\n<p>\u0218ireturile adidas Speed \u200b\u200b\u200b\u200b500 sunt disponibile \u00een urm\u0103toarele dimensiuni: 10oz, 12oz, 14oz, 16oz, 18oz, 20oz. Toate m\u0103rimile sunt disponibile \u00een culoarea: &#8211; Negru\/Auriu.<\/p>\n<p><strong>Avantajele adidas Speed \u200b\u200b\u200b\u200bTilt 500<\/strong><\/p>\n<p>&#8211; Fabricat din microfibr\u0103 ecologic\u0103<br \/>\ncu \u0219ireturi<\/p>\n","protected":false},"excerpt":{"rendered":"<p>Noua m\u0103nu\u0219\u0103 de box profesional\u0103 Speed \u200b\u200b500 de la adidas este perfect\u0103. Materialul exterior este fabricat din microfibr\u0103, care este<\/p>\n","protected":false},"featured_media":31320,"comment_status":"open","ping_status":"closed","template":"","meta":[],"product_brand":[],"product_cat":[517,757,533,765],"product_tag":[],"class_list":{"0":"post-28363","1":"product","2":"type-product","3":"status-publish","4":"has-post-thumbnail","6":"product_cat-adidas-box-ro","7":"product_cat-adidas-kickbox-ro","8":"product_cat-manusi-ro-4","9":"product_cat-manusi-ro-5","11":"first","12":"instock","13":"shipping-taxable","14":"purchasable","15":"product-type-variable"},"_links":{"self":[{"href":"https:\/\/adidascombat.md\/ro\/wp-json\/wp\/v2\/product\/28363","targetHints":{"allow":["GET"]}}],"collection":[{"href":"https:\/\/adidascombat.md\/ro\/wp-json\/wp\/v2\/product"}],"about":[{"href":"https:\/\/adidascombat.md\/ro\/wp-json\/wp\/v2\/types\/product"}],"replies":[{"embeddable":true,"href":"https:\/\/adidascombat.md\/ro\/wp-json\/wp\/v2\/comments?post=28363"}],"version-history":[{"count":2,"href":"https:\/\/adidascombat.md\/ro\/wp-json\/wp\/v2\/product\/28363\/revisions"}],"predecessor-version":[{"id":28371,"href":"https:\/\/adidascombat.md\/ro\/wp-json\/wp\/v2\/product\/28363\/revisions\/28371"}],"wp:featuredmedia":[{"embeddable":true,"href":"https:\/\/adidascombat.md\/ro\/wp-json\/wp\/v2\/media\/31320"}],"wp:attachment":[{"href":"https:\/\/adidascombat.md\/ro\/wp-json\/wp\/v2\/media?parent=28363"}],"wp:term":[{"taxonomy":"product_brand","embeddable":true,"href":"https:\/\/adidascombat.md\/ro\/wp-json\/wp\/v2\/product_brand?post=28363"},{"taxonomy":"product_cat","embeddable":true,"href":"https:\/\/adidascombat.md\/ro\/wp-json\/wp\/v2\/product_cat?post=28363"},{"taxonomy":"product_tag","embeddable":true,"href":"https:\/\/adidascombat.md\/ro\/wp-json\/wp\/v2\/product_tag?post=28363"}],"curies":[{"name":"wp","href":"https:\/\/api.w.org\/{rel}","templated":true}]}}