{"id":28447,"date":"2025-05-13T08:31:55","date_gmt":"2025-05-13T08:31:55","guid":{"rendered":"https:\/\/adidascombat.md\/product\/%d0%b1%d0%be%d0%ba%d1%81%d0%b5%d1%80%d1%81%d0%ba%d0%b8%d0%b5-%d0%bf%d0%b5%d1%80%d1%87%d0%b0%d1%82%d0%ba%d0%b8-adidas-speed-tilt-350v-pro-%d1%87%d0%b5%d1%80%d0%bd%d1%8b%d0%b9-%d0%b1%d0%b5%d0%bb%d1%8b\/"},"modified":"2025-05-13T08:32:59","modified_gmt":"2025-05-13T08:32:59","slug":"%d0%b1%d0%be%d0%ba%d1%81%d0%b5%d1%80%d1%81%d0%ba%d0%b8%d0%b5-%d0%bf%d0%b5%d1%80%d1%87%d0%b0%d1%82%d0%ba%d0%b8-adidas-speed-tilt-350v-pro-%d1%87%d0%b5%d1%80%d0%bd%d1%8b%d0%b9-%d0%b1%d0%b5%d0%bb%d1%8b","status":"publish","type":"product","link":"https:\/\/adidascombat.md\/ro\/Produs\/%d0%b1%d0%be%d0%ba%d1%81%d0%b5%d1%80%d1%81%d0%ba%d0%b8%d0%b5-%d0%bf%d0%b5%d1%80%d1%87%d0%b0%d1%82%d0%ba%d0%b8-adidas-speed-tilt-350v-pro-%d1%87%d0%b5%d1%80%d0%bd%d1%8b%d0%b9-%d0%b1%d0%b5%d0%bb%d1%8b\/","title":{"rendered":"M\u0103nu\u0219i de box adidas SPEED TILT 350V pro negru\/alb SPD350VTG"},"content":{"rendered":"<p>Noua Speed \u200b\u200bTilt 350 este prima m\u0103nu\u0219\u0103 de box de la adidas fabricat\u0103 din materiale 100% sustenabile. Materialul exterior este fabricat dintr-un strat de piele de cactus cu grosimea de 1,1 mm. \u00cen plus, c\u0103ptu\u0219eala din spum\u0103 multistrat ofer\u0103 o amortizare optim\u0103 pentru loviturile tale. Interiorul acestei m\u0103nu\u0219i de box Speed \u200b\u200bTilt este c\u0103ptu\u0219it cu material satinat pentru o aderen\u021b\u0103 \u0219i un confort optime. Speed \u200b\u200bTilt 350 poate fi \u00eenchis cu o band\u0103 de fixare Velcro. Tehnologia TILT utilizat\u0103 ofer\u0103 protec\u021bie maxim\u0103 pumnilor, deoarece forma ergonomic\u0103 a m\u0103nu\u0219ii plaseaz\u0103 \u00eencheieturile m\u00e2inilor \u00een pozi\u021bia corect\u0103 de lovire, permi\u021b\u00e2ndu-le s\u0103 se balanseze.<\/p>\n<p>&#8211; Fabricat din piele ecologic\u0103 de cactus &#8211; Form\u0103 ergonomic\u0103 datorit\u0103 tehnologiei<br \/>\nTILT &#8211; Protec\u021bie maxim\u0103 pentru \u00eencheietura m\u00e2inii<br \/>\n&#8211; Cu sistem de fixare cu velcro<\/p>\n","protected":false},"excerpt":{"rendered":"<p>Noua Speed \u200b\u200bTilt 350 este prima m\u0103nu\u0219\u0103 de box de la adidas fabricat\u0103 din materiale 100% sustenabile. Materialul exterior este<\/p>\n","protected":false},"featured_media":31322,"comment_status":"open","ping_status":"closed","template":"","meta":[],"product_brand":[],"product_cat":[517,757,533,765],"product_tag":[],"class_list":{"0":"post-28447","1":"product","2":"type-product","3":"status-publish","4":"has-post-thumbnail","6":"product_cat-adidas-box-ro","7":"product_cat-adidas-kickbox-ro","8":"product_cat-manusi-ro-4","9":"product_cat-manusi-ro-5","11":"first","12":"instock","13":"shipping-taxable","14":"purchasable","15":"product-type-variable"},"_links":{"self":[{"href":"https:\/\/adidascombat.md\/ro\/wp-json\/wp\/v2\/product\/28447","targetHints":{"allow":["GET"]}}],"collection":[{"href":"https:\/\/adidascombat.md\/ro\/wp-json\/wp\/v2\/product"}],"about":[{"href":"https:\/\/adidascombat.md\/ro\/wp-json\/wp\/v2\/types\/product"}],"replies":[{"embeddable":true,"href":"https:\/\/adidascombat.md\/ro\/wp-json\/wp\/v2\/comments?post=28447"}],"version-history":[{"count":1,"href":"https:\/\/adidascombat.md\/ro\/wp-json\/wp\/v2\/product\/28447\/revisions"}],"predecessor-version":[{"id":28453,"href":"https:\/\/adidascombat.md\/ro\/wp-json\/wp\/v2\/product\/28447\/revisions\/28453"}],"wp:featuredmedia":[{"embeddable":true,"href":"https:\/\/adidascombat.md\/ro\/wp-json\/wp\/v2\/media\/31322"}],"wp:attachment":[{"href":"https:\/\/adidascombat.md\/ro\/wp-json\/wp\/v2\/media?parent=28447"}],"wp:term":[{"taxonomy":"product_brand","embeddable":true,"href":"https:\/\/adidascombat.md\/ro\/wp-json\/wp\/v2\/product_brand?post=28447"},{"taxonomy":"product_cat","embeddable":true,"href":"https:\/\/adidascombat.md\/ro\/wp-json\/wp\/v2\/product_cat?post=28447"},{"taxonomy":"product_tag","embeddable":true,"href":"https:\/\/adidascombat.md\/ro\/wp-json\/wp\/v2\/product_tag?post=28447"}],"curies":[{"name":"wp","href":"https:\/\/api.w.org\/{rel}","templated":true}]}}