{"id":28626,"date":"2025-05-13T09:27:03","date_gmt":"2025-05-13T09:27:03","guid":{"rendered":"https:\/\/adidascombat.md\/product\/adidas-speed-tilt-750pro-%d0%b1%d0%be%d0%ba%d1%81%d0%b5%d1%80%d1%81%d0%ba%d0%b0%d1%8f-%d0%bf%d0%b5%d1%80%d1%87%d0%b0%d1%82%d0%ba%d0%b0-%d1%87%d0%b5%d1%80%d0%bd%d1%8b%d0%b9-%d0%b7%d0%be%d0%bb%d0%be\/"},"modified":"2025-05-13T09:28:44","modified_gmt":"2025-05-13T09:28:44","slug":"adidas-speed-tilt-750pro-%d0%b1%d0%be%d0%ba%d1%81%d0%b5%d1%80%d1%81%d0%ba%d0%b0%d1%8f-%d0%bf%d0%b5%d1%80%d1%87%d0%b0%d1%82%d0%ba%d0%b0-%d1%87%d0%b5%d1%80%d0%bd%d1%8b%d0%b9-%d0%b7%d0%be%d0%bb%d0%be","status":"publish","type":"product","link":"https:\/\/adidascombat.md\/ro\/Produs\/adidas-speed-tilt-750pro-%d0%b1%d0%be%d0%ba%d1%81%d0%b5%d1%80%d1%81%d0%ba%d0%b0%d1%8f-%d0%bf%d0%b5%d1%80%d1%87%d0%b0%d1%82%d0%ba%d0%b0-%d1%87%d0%b5%d1%80%d0%bd%d1%8b%d0%b9-%d0%b7%d0%be%d0%bb%d0%be\/","title":{"rendered":"M\u0103nu\u0219i de box adidas SPEED TILT 750pro, Negru\/Auriu metalizat, SPD750FG"},"content":{"rendered":"<p>TILT750FG &#8211; M\u0103nu\u0219\u0103 de lupt\u0103 din piele de vac\u0103<\/p>\n<p>O m\u0103nu\u0219\u0103 de lupt\u0103 din cea mai fin\u0103 piele de vac\u0103 pentru profesioni\u0219ti!<br \/>\nTILT750FG este un model premium din colec\u021bia adidas Box. M\u0103nu\u0219a ofer\u0103 boxerului protec\u021bia dorit\u0103 datorit\u0103 brevetului s\u0103u unic, dar \u00een acela\u0219i timp ofer\u0103 \u0219i puterea de penetrare necesar\u0103 \u00eentr-o lupt\u0103. Designul nu las\u0103 nimic de dorit, jocul de culori perfect asortat \u00eempreun\u0103 cu efectul metalic fac ca m\u0103nu\u0219a s\u0103 fie ideal\u0103 din toate punctele de vedere. Tilt750 se adapteaz\u0103 m\u00e2inii tale ca o a doua piele!<\/p>\n<ul>\n<li>\u00a0Cea mai recent\u0103 tehnologie patentat\u0103 Tilt de la adidas<\/li>\n<li>M\u0103nu\u0219i profesionaledezvoltat \u00een colaborare cu medicii speciali\u0219ti \u00een \u00eengrijirea m\u00e2inii<\/li>\n<li>Construc\u021bie din piele de vac\u0103 premium cu efect metalic<\/li>\n<li>Tapi\u021berie multistrat cu spum\u0103 MVE Cloud<\/li>\n<li>C\u0103ptu\u0219eal\u0103 interioar\u0103 din satin de poliester<\/li>\n<li>\u00cenchidere cu dantel\u0103<\/li>\n<li>Tehnologia patentat\u0103 TILT ofer\u0103 suport \u0219i protec\u021bie maxim\u0103 pentru \u00eencheietura m\u00e2inii prin alinierea perfect\u0103 a gleznei. Acest lucru evit\u0103 flexia nedorit\u0103 a \u00eencheieturii m\u00e2inii!<\/li>\n<li>Performan\u021b\u0103 \u00eembun\u0103t\u0103\u021bit\u0103 datorit\u0103 alinierii optimizate!<\/li>\n<\/ul>\n","protected":false},"excerpt":{"rendered":"<p>TILT750FG &#8211; M\u0103nu\u0219\u0103 de lupt\u0103 din piele de vac\u0103 O m\u0103nu\u0219\u0103 de lupt\u0103 din cea mai fin\u0103 piele de vac\u0103<\/p>\n","protected":false},"featured_media":28624,"comment_status":"open","ping_status":"closed","template":"","meta":[],"product_brand":[],"product_cat":[517,533],"product_tag":[],"class_list":{"0":"post-28626","1":"product","2":"type-product","3":"status-publish","4":"has-post-thumbnail","6":"product_cat-adidas-box-ro","7":"product_cat-manusi-ro-4","9":"first","10":"instock","11":"shipping-taxable","12":"purchasable","13":"product-type-variable"},"_links":{"self":[{"href":"https:\/\/adidascombat.md\/ro\/wp-json\/wp\/v2\/product\/28626","targetHints":{"allow":["GET"]}}],"collection":[{"href":"https:\/\/adidascombat.md\/ro\/wp-json\/wp\/v2\/product"}],"about":[{"href":"https:\/\/adidascombat.md\/ro\/wp-json\/wp\/v2\/types\/product"}],"replies":[{"embeddable":true,"href":"https:\/\/adidascombat.md\/ro\/wp-json\/wp\/v2\/comments?post=28626"}],"version-history":[{"count":1,"href":"https:\/\/adidascombat.md\/ro\/wp-json\/wp\/v2\/product\/28626\/revisions"}],"predecessor-version":[{"id":28630,"href":"https:\/\/adidascombat.md\/ro\/wp-json\/wp\/v2\/product\/28626\/revisions\/28630"}],"wp:featuredmedia":[{"embeddable":true,"href":"https:\/\/adidascombat.md\/ro\/wp-json\/wp\/v2\/media\/28624"}],"wp:attachment":[{"href":"https:\/\/adidascombat.md\/ro\/wp-json\/wp\/v2\/media?parent=28626"}],"wp:term":[{"taxonomy":"product_brand","embeddable":true,"href":"https:\/\/adidascombat.md\/ro\/wp-json\/wp\/v2\/product_brand?post=28626"},{"taxonomy":"product_cat","embeddable":true,"href":"https:\/\/adidascombat.md\/ro\/wp-json\/wp\/v2\/product_cat?post=28626"},{"taxonomy":"product_tag","embeddable":true,"href":"https:\/\/adidascombat.md\/ro\/wp-json\/wp\/v2\/product_tag?post=28626"}],"curies":[{"name":"wp","href":"https:\/\/api.w.org\/{rel}","templated":true}]}}