{"id":28723,"date":"2025-05-13T10:18:52","date_gmt":"2025-05-13T10:18:52","guid":{"rendered":"https:\/\/adidascombat.md\/product\/%d0%b1%d1%80%d1%8e%d0%ba%d0%b8-%d0%b4%d0%bb%d1%8f-%d0%ba%d0%b8%d0%ba%d0%b1%d0%be%d0%ba%d1%81%d0%b8%d0%bd%d0%b3%d0%b0-cs14-motion-pro-%d1%87%d0%b5%d1%80%d0%bd%d1%8b%d0%b5\/"},"modified":"2025-05-13T10:21:24","modified_gmt":"2025-05-13T10:21:24","slug":"%d0%b1%d1%80%d1%8e%d0%ba%d0%b8-%d0%b4%d0%bb%d1%8f-%d0%ba%d0%b8%d0%ba%d0%b1%d0%be%d0%ba%d1%81%d0%b8%d0%bd%d0%b3%d0%b0-cs14-motion-pro-%d1%87%d0%b5%d1%80%d0%bd%d1%8b%d0%b5","status":"publish","type":"product","link":"https:\/\/adidascombat.md\/ro\/Produs\/%d0%b1%d1%80%d1%8e%d0%ba%d0%b8-%d0%b4%d0%bb%d1%8f-%d0%ba%d0%b8%d0%ba%d0%b1%d0%be%d0%ba%d1%81%d0%b8%d0%bd%d0%b3%d0%b0-cs14-motion-pro-%d1%87%d0%b5%d1%80%d0%bd%d1%8b%d0%b5\/","title":{"rendered":"Pantaloni de kickboxing CS14 motion Pro \u201enegri\u201d"},"content":{"rendered":"<p>Pantalonii de kickboxing Motion Pro \u00ee\u0219i respect\u0103 promisiunile. Amestecul selectat de materiale te men\u021bine mereu \u00een pozi\u021bia potrivit\u0103 \u00een timpul antrenamentului zilnic. Inser\u021bia elastic\u0103 din spandex pe interiorul piciorului asigur\u0103 o str\u00e2ngere lin\u0103 a picioarelor \u00een timpul loviturilor \u00eenalte. Materialul tip plas\u0103 de pe exteriorul pantalonilor ventila optim picioarele \u0219i asigur\u0103 r\u0103coarea necesar\u0103. Banda elastic\u0103 cu \u0219ireturi suplimentare men\u021bine pantalonii str\u00e2m\u021bi \u0219i stabili. Stratul de satin din interior previne lipirea pantalonilor \u00een timpul antrenamentului. Logo-ul Ju-Sports elegant brodat pe picior \u0219i cus\u0103turile triple disting clar pantalonii de gama standard. 100% poliester.<\/p>\n<p>Particularit\u0103\u021bi:<br \/>\n&#8211; 100% satin de poliester<\/p>\n<p>&#8211; Band\u0103 elastic\u0103 \u0219i \u0219ireturi suplimentare<\/p>\n","protected":false},"excerpt":{"rendered":"<p>Pantalonii de kickboxing Motion Pro \u00ee\u0219i respect\u0103 promisiunile. Amestecul selectat de materiale te men\u021bine mereu \u00een pozi\u021bia potrivit\u0103 \u00een timpul<\/p>\n","protected":false},"featured_media":28721,"comment_status":"open","ping_status":"closed","template":"","meta":[],"product_brand":[],"product_cat":[757,763],"product_tag":[],"class_list":{"0":"post-28723","1":"product","2":"type-product","3":"status-publish","4":"has-post-thumbnail","6":"product_cat-adidas-kickbox-ro","7":"product_cat-imbracaminte-pentru-competitii-ro-5","9":"first","10":"instock","11":"shipping-taxable","12":"purchasable","13":"product-type-variable"},"_links":{"self":[{"href":"https:\/\/adidascombat.md\/ro\/wp-json\/wp\/v2\/product\/28723","targetHints":{"allow":["GET"]}}],"collection":[{"href":"https:\/\/adidascombat.md\/ro\/wp-json\/wp\/v2\/product"}],"about":[{"href":"https:\/\/adidascombat.md\/ro\/wp-json\/wp\/v2\/types\/product"}],"replies":[{"embeddable":true,"href":"https:\/\/adidascombat.md\/ro\/wp-json\/wp\/v2\/comments?post=28723"}],"version-history":[{"count":1,"href":"https:\/\/adidascombat.md\/ro\/wp-json\/wp\/v2\/product\/28723\/revisions"}],"predecessor-version":[{"id":28730,"href":"https:\/\/adidascombat.md\/ro\/wp-json\/wp\/v2\/product\/28723\/revisions\/28730"}],"wp:featuredmedia":[{"embeddable":true,"href":"https:\/\/adidascombat.md\/ro\/wp-json\/wp\/v2\/media\/28721"}],"wp:attachment":[{"href":"https:\/\/adidascombat.md\/ro\/wp-json\/wp\/v2\/media?parent=28723"}],"wp:term":[{"taxonomy":"product_brand","embeddable":true,"href":"https:\/\/adidascombat.md\/ro\/wp-json\/wp\/v2\/product_brand?post=28723"},{"taxonomy":"product_cat","embeddable":true,"href":"https:\/\/adidascombat.md\/ro\/wp-json\/wp\/v2\/product_cat?post=28723"},{"taxonomy":"product_tag","embeddable":true,"href":"https:\/\/adidascombat.md\/ro\/wp-json\/wp\/v2\/product_tag?post=28723"}],"curies":[{"name":"wp","href":"https:\/\/api.w.org\/{rel}","templated":true}]}}