{"id":29055,"date":"2025-05-14T12:44:10","date_gmt":"2025-05-14T12:44:10","guid":{"rendered":"https:\/\/adidascombat.md\/product\/%d1%88%d0%be%d1%80%d1%82%d1%8b-%d0%b4%d0%bb%d1%8f-%d0%ba%d0%b8%d0%ba%d0%b1%d0%be%d0%ba%d1%81%d0%b8%d0%bd%d0%b3%d0%b0-kick-light-pro-%d0%ba%d1%80%d0%b0%d1%81%d0%bd%d1%8b%d0%b9-%d1%87%d0%b5%d1%80%d0%bd\/"},"modified":"2025-05-14T12:45:56","modified_gmt":"2025-05-14T12:45:56","slug":"%d1%88%d0%be%d1%80%d1%82%d1%8b-%d0%b4%d0%bb%d1%8f-%d0%ba%d0%b8%d0%ba%d0%b1%d0%be%d0%ba%d1%81%d0%b8%d0%bd%d0%b3%d0%b0-kick-light-pro-%d0%ba%d1%80%d0%b0%d1%81%d0%bd%d1%8b%d0%b9-%d1%87%d0%b5%d1%80%d0%bd","status":"publish","type":"product","link":"https:\/\/adidascombat.md\/ro\/Produs\/%d1%88%d0%be%d1%80%d1%82%d1%8b-%d0%b4%d0%bb%d1%8f-%d0%ba%d0%b8%d0%ba%d0%b1%d0%be%d0%ba%d1%81%d0%b8%d0%bd%d0%b3%d0%b0-kick-light-pro-%d0%ba%d1%80%d0%b0%d1%81%d0%bd%d1%8b%d0%b9-%d1%87%d0%b5%d1%80%d0%bd\/","title":{"rendered":"Pantaloni scur\u021bi de kickboxing Kick light Pro ro\u0219ii\/negri"},"content":{"rendered":"<p>Noua colec\u021bie de kickboxing Ju-Sports este aici! Pantalonii Kick Light sunt fabrica\u021bi conform specifica\u021biilor asocia\u021biei.<\/p>\n<p>Noul material u\u0219or se drapeaz\u0103 frumos, iar \u00eenf\u0103\u0219urarea pentru picioare sus\u021bine tehnica de croial\u0103 cu picior \u00eenalt. Centura lat\u0103 de box ofer\u0103 o aderen\u021b\u0103 bun\u0103.<\/p>\n<ul>\n<li>\u00a0100% poliester<\/li>\n<li>Croial\u0103 clasic\u0103<\/li>\n<li>Band\u0103 elastic\u0103 \u0219i \u0219ireturi suplimentare<\/li>\n<\/ul>\n","protected":false},"excerpt":{"rendered":"<p>Noua colec\u021bie de kickboxing Ju-Sports este aici! Pantalonii Kick Light sunt fabrica\u021bi conform specifica\u021biilor asocia\u021biei. Noul material u\u0219or se drapeaz\u0103<\/p>\n","protected":false},"featured_media":29050,"comment_status":"open","ping_status":"closed","template":"","meta":[],"product_brand":[],"product_cat":[757,763],"product_tag":[],"class_list":{"0":"post-29055","1":"product","2":"type-product","3":"status-publish","4":"has-post-thumbnail","6":"product_cat-adidas-kickbox-ro","7":"product_cat-imbracaminte-pentru-competitii-ro-5","9":"first","10":"instock","11":"shipping-taxable","12":"purchasable","13":"product-type-variable"},"_links":{"self":[{"href":"https:\/\/adidascombat.md\/ro\/wp-json\/wp\/v2\/product\/29055","targetHints":{"allow":["GET"]}}],"collection":[{"href":"https:\/\/adidascombat.md\/ro\/wp-json\/wp\/v2\/product"}],"about":[{"href":"https:\/\/adidascombat.md\/ro\/wp-json\/wp\/v2\/types\/product"}],"replies":[{"embeddable":true,"href":"https:\/\/adidascombat.md\/ro\/wp-json\/wp\/v2\/comments?post=29055"}],"version-history":[{"count":1,"href":"https:\/\/adidascombat.md\/ro\/wp-json\/wp\/v2\/product\/29055\/revisions"}],"predecessor-version":[{"id":29060,"href":"https:\/\/adidascombat.md\/ro\/wp-json\/wp\/v2\/product\/29055\/revisions\/29060"}],"wp:featuredmedia":[{"embeddable":true,"href":"https:\/\/adidascombat.md\/ro\/wp-json\/wp\/v2\/media\/29050"}],"wp:attachment":[{"href":"https:\/\/adidascombat.md\/ro\/wp-json\/wp\/v2\/media?parent=29055"}],"wp:term":[{"taxonomy":"product_brand","embeddable":true,"href":"https:\/\/adidascombat.md\/ro\/wp-json\/wp\/v2\/product_brand?post=29055"},{"taxonomy":"product_cat","embeddable":true,"href":"https:\/\/adidascombat.md\/ro\/wp-json\/wp\/v2\/product_cat?post=29055"},{"taxonomy":"product_tag","embeddable":true,"href":"https:\/\/adidascombat.md\/ro\/wp-json\/wp\/v2\/product_tag?post=29055"}],"curies":[{"name":"wp","href":"https:\/\/api.w.org\/{rel}","templated":true}]}}