{"id":29694,"date":"2025-05-20T16:44:03","date_gmt":"2025-05-20T16:44:03","guid":{"rendered":"https:\/\/adidascombat.md\/product\/%d0%b1%d1%80%d1%8e%d0%ba%d0%b8-%d0%b4%d0%bb%d1%8f-%d0%ba%d0%b8%d0%ba%d0%b1%d0%be%d0%ba%d1%81%d0%b8%d0%bd%d0%b3%d0%b0-core-line-%d1%81%d0%b8%d0%bd%d0%b8%d0%b5\/"},"modified":"2025-05-20T16:45:25","modified_gmt":"2025-05-20T16:45:25","slug":"%d0%b1%d1%80%d1%8e%d0%ba%d0%b8-%d0%b4%d0%bb%d1%8f-%d0%ba%d0%b8%d0%ba%d0%b1%d0%be%d0%ba%d1%81%d0%b8%d0%bd%d0%b3%d0%b0-core-line-%d1%81%d0%b8%d0%bd%d0%b8%d0%b5","status":"publish","type":"product","link":"https:\/\/adidascombat.md\/ro\/Produs\/%d0%b1%d1%80%d1%8e%d0%ba%d0%b8-%d0%b4%d0%bb%d1%8f-%d0%ba%d0%b8%d0%ba%d0%b1%d0%be%d0%ba%d1%81%d0%b8%d0%bd%d0%b3%d0%b0-core-line-%d1%81%d0%b8%d0%bd%d0%b8%d0%b5\/","title":{"rendered":"Pantaloni de kickboxing Core line alba\u0219tri"},"content":{"rendered":"<p>Noua colec\u021bie de kickboxing Ju-Sports este aici!<\/p>\n<p>Noul material u\u0219or se drapeaz\u0103 frumos, iar \u00eenf\u0103\u0219urarea pentru picioare sus\u021bine tehnica de croial\u0103 cu picior \u00eenalt. Centura lat\u0103 de box ofer\u0103 o aderen\u021b\u0103 bun\u0103.<\/p>\n<ul>\n<li>100% poliester<\/li>\n<li>Croial\u0103 clasic\u0103<\/li>\n<li>Band\u0103 elastic\u0103 \u0219i \u0219ireturi suplimentare<\/li>\n<li>M\u0103rimi disponibile de la 160 la 190 (dimensiunea carcasei)<\/li>\n<\/ul>\n","protected":false},"excerpt":{"rendered":"<p>Noua colec\u021bie de kickboxing Ju-Sports este aici! Noul material u\u0219or se drapeaz\u0103 frumos, iar \u00eenf\u0103\u0219urarea pentru picioare sus\u021bine tehnica de<\/p>\n","protected":false},"featured_media":29692,"comment_status":"open","ping_status":"closed","template":"","meta":[],"product_brand":[],"product_cat":[757,763],"product_tag":[],"class_list":{"0":"post-29694","1":"product","2":"type-product","3":"status-publish","4":"has-post-thumbnail","6":"product_cat-adidas-kickbox-ro","7":"product_cat-imbracaminte-pentru-competitii-ro-5","9":"first","10":"instock","11":"shipping-taxable","12":"purchasable","13":"product-type-variable"},"_links":{"self":[{"href":"https:\/\/adidascombat.md\/ro\/wp-json\/wp\/v2\/product\/29694","targetHints":{"allow":["GET"]}}],"collection":[{"href":"https:\/\/adidascombat.md\/ro\/wp-json\/wp\/v2\/product"}],"about":[{"href":"https:\/\/adidascombat.md\/ro\/wp-json\/wp\/v2\/types\/product"}],"replies":[{"embeddable":true,"href":"https:\/\/adidascombat.md\/ro\/wp-json\/wp\/v2\/comments?post=29694"}],"version-history":[{"count":1,"href":"https:\/\/adidascombat.md\/ro\/wp-json\/wp\/v2\/product\/29694\/revisions"}],"predecessor-version":[{"id":29700,"href":"https:\/\/adidascombat.md\/ro\/wp-json\/wp\/v2\/product\/29694\/revisions\/29700"}],"wp:featuredmedia":[{"embeddable":true,"href":"https:\/\/adidascombat.md\/ro\/wp-json\/wp\/v2\/media\/29692"}],"wp:attachment":[{"href":"https:\/\/adidascombat.md\/ro\/wp-json\/wp\/v2\/media?parent=29694"}],"wp:term":[{"taxonomy":"product_brand","embeddable":true,"href":"https:\/\/adidascombat.md\/ro\/wp-json\/wp\/v2\/product_brand?post=29694"},{"taxonomy":"product_cat","embeddable":true,"href":"https:\/\/adidascombat.md\/ro\/wp-json\/wp\/v2\/product_cat?post=29694"},{"taxonomy":"product_tag","embeddable":true,"href":"https:\/\/adidascombat.md\/ro\/wp-json\/wp\/v2\/product_tag?post=29694"}],"curies":[{"name":"wp","href":"https:\/\/api.w.org\/{rel}","templated":true}]}}