{"id":30244,"date":"2025-05-22T11:24:47","date_gmt":"2025-05-22T11:24:47","guid":{"rendered":"https:\/\/adidascombat.md\/product\/adidas-community-22-%d1%84%d1%83%d1%82%d0%b1%d0%be%d0%bb%d0%ba%d0%b0-%d0%b4%d0%bb%d1%8f-%d0%ba%d0%b8%d0%ba%d0%b1%d0%be%d0%ba%d1%81%d0%b8%d0%bd%d0%b3%d0%b0-%d1%81%d0%b5%d1%80%d1%8b%d0%b9-adiclts21v-kb\/"},"modified":"2025-05-22T11:26:07","modified_gmt":"2025-05-22T11:26:07","slug":"adidas-community-22-%d1%84%d1%83%d1%82%d0%b1%d0%be%d0%bb%d0%ba%d0%b0-%d0%b4%d0%bb%d1%8f-%d0%ba%d0%b8%d0%ba%d0%b1%d0%be%d0%ba%d1%81%d0%b8%d0%bd%d0%b3%d0%b0-%d1%81%d0%b5%d1%80%d1%8b%d0%b9-adiclts21v-kb","status":"publish","type":"product","link":"https:\/\/adidascombat.md\/ro\/Produs\/adidas-community-22-%d1%84%d1%83%d1%82%d0%b1%d0%be%d0%bb%d0%ba%d0%b0-%d0%b4%d0%bb%d1%8f-%d0%ba%d0%b8%d0%ba%d0%b1%d0%be%d0%ba%d1%81%d0%b8%d0%bd%d0%b3%d0%b0-%d1%81%d0%b5%d1%80%d1%8b%d0%b9-adiclts21v-kb\/","title":{"rendered":"Tricou adidas Community 22 Kickboxing gri adiCLTS21V-KB"},"content":{"rendered":"<p>Croial\u0103 grozav\u0103, design cool \u0219i aspect adidas superb cu logo sport, iat\u0103 noul tricou adidas. Indiferent dac\u0103 te antrenezi sau pur \u0219i simplu ie\u0219i \u00een ora\u0219, acest tricou te va face s\u0103 ar\u0103\u021bi grozav! Modele \u0219i culori noi vor da antrenamentului t\u0103u aspectul potrivit.<\/p>\n<ul>\n<li>\u00a0Material: 100% bumbac<\/li>\n<li>Culoare: negru cu imprimeu<\/li>\n<li>M\u0103rimi: S-XL<br \/>\nNot\u0103: Deoarece acesta este un produs unisex, femeile ar trebui s\u0103 aleag\u0103 o m\u0103rime mai mic\u0103.<\/li>\n<\/ul>\n","protected":false},"excerpt":{"rendered":"<p>Croial\u0103 grozav\u0103, design cool \u0219i aspect adidas superb cu logo sport, iat\u0103 noul tricou adidas. Indiferent dac\u0103 te antrenezi sau<\/p>\n","protected":false},"featured_media":30242,"comment_status":"open","ping_status":"closed","template":"","meta":[],"product_brand":[],"product_cat":[757,761],"product_tag":[],"class_list":{"0":"post-30244","1":"product","2":"type-product","3":"status-publish","4":"has-post-thumbnail","6":"product_cat-adidas-kickbox-ro","7":"product_cat-imbracaminte-casual-ro-5","9":"first","10":"instock","11":"shipping-taxable","12":"purchasable","13":"product-type-variable"},"_links":{"self":[{"href":"https:\/\/adidascombat.md\/ro\/wp-json\/wp\/v2\/product\/30244","targetHints":{"allow":["GET"]}}],"collection":[{"href":"https:\/\/adidascombat.md\/ro\/wp-json\/wp\/v2\/product"}],"about":[{"href":"https:\/\/adidascombat.md\/ro\/wp-json\/wp\/v2\/types\/product"}],"replies":[{"embeddable":true,"href":"https:\/\/adidascombat.md\/ro\/wp-json\/wp\/v2\/comments?post=30244"}],"version-history":[{"count":1,"href":"https:\/\/adidascombat.md\/ro\/wp-json\/wp\/v2\/product\/30244\/revisions"}],"predecessor-version":[{"id":30249,"href":"https:\/\/adidascombat.md\/ro\/wp-json\/wp\/v2\/product\/30244\/revisions\/30249"}],"wp:featuredmedia":[{"embeddable":true,"href":"https:\/\/adidascombat.md\/ro\/wp-json\/wp\/v2\/media\/30242"}],"wp:attachment":[{"href":"https:\/\/adidascombat.md\/ro\/wp-json\/wp\/v2\/media?parent=30244"}],"wp:term":[{"taxonomy":"product_brand","embeddable":true,"href":"https:\/\/adidascombat.md\/ro\/wp-json\/wp\/v2\/product_brand?post=30244"},{"taxonomy":"product_cat","embeddable":true,"href":"https:\/\/adidascombat.md\/ro\/wp-json\/wp\/v2\/product_cat?post=30244"},{"taxonomy":"product_tag","embeddable":true,"href":"https:\/\/adidascombat.md\/ro\/wp-json\/wp\/v2\/product_tag?post=30244"}],"curies":[{"name":"wp","href":"https:\/\/api.w.org\/{rel}","templated":true}]}}