{"id":30300,"date":"2025-05-22T11:40:12","date_gmt":"2025-05-22T11:40:12","guid":{"rendered":"https:\/\/adidascombat.md\/product\/adidas-%d0%b7%d0%bd%d0%b0%d1%87%d0%be%d0%ba-%d1%81%d0%bf%d0%be%d1%80%d1%82-%d1%84%d1%83%d1%82%d0%b1%d0%be%d0%bb%d0%ba%d0%b0-%d0%ba%d0%b8%d0%ba%d0%b1%d0%be%d0%ba%d1%81%d0%b8%d0%bd%d0%b3-%d1%87%d0%b5\/"},"modified":"2025-05-22T11:41:49","modified_gmt":"2025-05-22T11:41:49","slug":"adidas-%d0%b7%d0%bd%d0%b0%d1%87%d0%be%d0%ba-%d1%81%d0%bf%d0%be%d1%80%d1%82-%d1%84%d1%83%d1%82%d0%b1%d0%be%d0%bb%d0%ba%d0%b0-%d0%ba%d0%b8%d0%ba%d0%b1%d0%be%d0%ba%d1%81%d0%b8%d0%bd%d0%b3-%d1%87%d0%b5","status":"publish","type":"product","link":"https:\/\/adidascombat.md\/ro\/Produs\/adidas-%d0%b7%d0%bd%d0%b0%d1%87%d0%be%d0%ba-%d1%81%d0%bf%d0%be%d1%80%d1%82-%d1%84%d1%83%d1%82%d0%b1%d0%be%d0%bb%d0%ba%d0%b0-%d0%ba%d0%b8%d0%ba%d0%b1%d0%be%d0%ba%d1%81%d0%b8%d0%bd%d0%b3-%d1%87%d0%b5\/","title":{"rendered":"Tricou sport adidas Badge Kickboxing negru adiCLTS20KB"},"content":{"rendered":"<p>Tricou adidas Badge of Sport Kickboxing: Croial\u0103 excelent\u0103, design cool \u0219i aspect deosebit. adidas cu logo-ul sport, iat\u0103 noul tricou adidas. Indiferent dac\u0103 te antrenezi sau pur \u0219i simplu ie\u0219i \u00een ora\u0219, acest tricou te va face s\u0103 ar\u0103\u021bi grozav!<\/p>\n<p>Etaleaz\u0103-\u021bi sportul &#8211; nimic nu e mai bun dec\u00e2t cu adidas \u201eBagde of Sport-Line\u201d.<\/p>\n<p>&#8211; Material: 100% bumbac<br \/>\n&#8211; Culoare: negru cu imprimeu<br \/>\n&#8211; M\u0103rimi: 152-XL<br \/>\nNot\u0103: Deoarece acesta este un produs unisex, femeile ar trebui s\u0103 aleag\u0103 o m\u0103rime mai mic\u0103.<\/p>\n","protected":false},"excerpt":{"rendered":"<p>Tricou adidas Badge of Sport Kickboxing: Croial\u0103 excelent\u0103, design cool \u0219i aspect deosebit. adidas cu logo-ul sport, iat\u0103 noul tricou<\/p>\n","protected":false},"featured_media":30298,"comment_status":"open","ping_status":"closed","template":"","meta":[],"product_brand":[],"product_cat":[757,761],"product_tag":[],"class_list":{"0":"post-30300","1":"product","2":"type-product","3":"status-publish","4":"has-post-thumbnail","6":"product_cat-adidas-kickbox-ro","7":"product_cat-imbracaminte-casual-ro-5","9":"first","10":"instock","11":"shipping-taxable","12":"purchasable","13":"product-type-variable"},"_links":{"self":[{"href":"https:\/\/adidascombat.md\/ro\/wp-json\/wp\/v2\/product\/30300","targetHints":{"allow":["GET"]}}],"collection":[{"href":"https:\/\/adidascombat.md\/ro\/wp-json\/wp\/v2\/product"}],"about":[{"href":"https:\/\/adidascombat.md\/ro\/wp-json\/wp\/v2\/types\/product"}],"replies":[{"embeddable":true,"href":"https:\/\/adidascombat.md\/ro\/wp-json\/wp\/v2\/comments?post=30300"}],"version-history":[{"count":1,"href":"https:\/\/adidascombat.md\/ro\/wp-json\/wp\/v2\/product\/30300\/revisions"}],"predecessor-version":[{"id":30307,"href":"https:\/\/adidascombat.md\/ro\/wp-json\/wp\/v2\/product\/30300\/revisions\/30307"}],"wp:featuredmedia":[{"embeddable":true,"href":"https:\/\/adidascombat.md\/ro\/wp-json\/wp\/v2\/media\/30298"}],"wp:attachment":[{"href":"https:\/\/adidascombat.md\/ro\/wp-json\/wp\/v2\/media?parent=30300"}],"wp:term":[{"taxonomy":"product_brand","embeddable":true,"href":"https:\/\/adidascombat.md\/ro\/wp-json\/wp\/v2\/product_brand?post=30300"},{"taxonomy":"product_cat","embeddable":true,"href":"https:\/\/adidascombat.md\/ro\/wp-json\/wp\/v2\/product_cat?post=30300"},{"taxonomy":"product_tag","embeddable":true,"href":"https:\/\/adidascombat.md\/ro\/wp-json\/wp\/v2\/product_tag?post=30300"}],"curies":[{"name":"wp","href":"https:\/\/api.w.org\/{rel}","templated":true}]}}