{"id":30357,"date":"2025-05-22T11:57:35","date_gmt":"2025-05-22T11:57:35","guid":{"rendered":"https:\/\/adidascombat.md\/product\/adidas-community-line-%d1%84%d1%83%d1%82%d0%b1%d0%be%d0%bb%d0%ba%d0%b0-%d0%b4%d0%bb%d1%8f-%d0%ba%d0%b8%d0%ba%d0%b1%d0%be%d0%ba%d1%81%d0%b8%d0%bd%d0%b3%d0%b0-%d1%81%d0%b5%d1%80%d1%8b%d0%b9-adicl01kb\/"},"modified":"2025-05-22T11:58:43","modified_gmt":"2025-05-22T11:58:43","slug":"adidas-community-line-%d1%84%d1%83%d1%82%d0%b1%d0%be%d0%bb%d0%ba%d0%b0-%d0%b4%d0%bb%d1%8f-%d0%ba%d0%b8%d0%ba%d0%b1%d0%be%d0%ba%d1%81%d0%b8%d0%bd%d0%b3%d0%b0-%d1%81%d0%b5%d1%80%d1%8b%d0%b9-adicl01kb","status":"publish","type":"product","link":"https:\/\/adidascombat.md\/ro\/Produs\/adidas-community-line-%d1%84%d1%83%d1%82%d0%b1%d0%be%d0%bb%d0%ba%d0%b0-%d0%b4%d0%bb%d1%8f-%d0%ba%d0%b8%d0%ba%d0%b1%d0%be%d0%ba%d1%81%d0%b8%d0%bd%d0%b3%d0%b0-%d1%81%d0%b5%d1%80%d1%8b%d0%b9-adicl01kb\/","title":{"rendered":"Tricou adidas Community Line Kickboxing gri adiCL01KB"},"content":{"rendered":"<p>Croial\u0103 grozav\u0103, design cool \u0219i aspect adidas superb cu logo sport, iat\u0103 noul tricou adidas. Indiferent dac\u0103 te antrenezi sau te relaxezi, acest tricou te va face s\u0103 ar\u0103\u021bi grozav! Modele \u0219i culori noi vor da antrenamentului t\u0103u aspectul potrivit.<br \/>\n&#8211; Material: 100% bumbac<br \/>\n&#8211; Culoare: gri cu imprimeu<br \/>\n&#8211; M\u0103rimi: XS-XL<br \/>\nNot\u0103: Deoarece acesta este un produs unisex, femeile ar trebui s\u0103 aleag\u0103 o m\u0103rime mai mic\u0103.<\/p>\n","protected":false},"excerpt":{"rendered":"<p>Croial\u0103 grozav\u0103, design cool \u0219i aspect adidas superb cu logo sport, iat\u0103 noul tricou adidas. Indiferent dac\u0103 te antrenezi sau<\/p>\n","protected":false},"featured_media":30355,"comment_status":"open","ping_status":"closed","template":"","meta":[],"product_brand":[],"product_cat":[757,761],"product_tag":[],"class_list":{"0":"post-30357","1":"product","2":"type-product","3":"status-publish","4":"has-post-thumbnail","6":"product_cat-adidas-kickbox-ro","7":"product_cat-imbracaminte-casual-ro-5","9":"first","10":"instock","11":"shipping-taxable","12":"purchasable","13":"product-type-variable"},"_links":{"self":[{"href":"https:\/\/adidascombat.md\/ro\/wp-json\/wp\/v2\/product\/30357","targetHints":{"allow":["GET"]}}],"collection":[{"href":"https:\/\/adidascombat.md\/ro\/wp-json\/wp\/v2\/product"}],"about":[{"href":"https:\/\/adidascombat.md\/ro\/wp-json\/wp\/v2\/types\/product"}],"replies":[{"embeddable":true,"href":"https:\/\/adidascombat.md\/ro\/wp-json\/wp\/v2\/comments?post=30357"}],"version-history":[{"count":2,"href":"https:\/\/adidascombat.md\/ro\/wp-json\/wp\/v2\/product\/30357\/revisions"}],"predecessor-version":[{"id":30364,"href":"https:\/\/adidascombat.md\/ro\/wp-json\/wp\/v2\/product\/30357\/revisions\/30364"}],"wp:featuredmedia":[{"embeddable":true,"href":"https:\/\/adidascombat.md\/ro\/wp-json\/wp\/v2\/media\/30355"}],"wp:attachment":[{"href":"https:\/\/adidascombat.md\/ro\/wp-json\/wp\/v2\/media?parent=30357"}],"wp:term":[{"taxonomy":"product_brand","embeddable":true,"href":"https:\/\/adidascombat.md\/ro\/wp-json\/wp\/v2\/product_brand?post=30357"},{"taxonomy":"product_cat","embeddable":true,"href":"https:\/\/adidascombat.md\/ro\/wp-json\/wp\/v2\/product_cat?post=30357"},{"taxonomy":"product_tag","embeddable":true,"href":"https:\/\/adidascombat.md\/ro\/wp-json\/wp\/v2\/product_tag?post=30357"}],"curies":[{"name":"wp","href":"https:\/\/api.w.org\/{rel}","templated":true}]}}