{"id":30462,"date":"2025-05-22T12:28:53","date_gmt":"2025-05-22T12:28:53","guid":{"rendered":"https:\/\/adidascombat.md\/product\/adidas-community-line-%d1%82%d0%be%d0%bb%d1%81%d1%82%d0%be%d0%b2%d0%ba%d0%b0-%d1%81-%d0%ba%d0%b0%d0%bf%d1%8e%d1%88%d0%be%d0%bd%d0%be%d0%bc-%d0%ba%d0%b8%d0%ba%d0%b1%d0%be%d0%ba%d1%81%d0%b8%d0%bd%d0%b3\/"},"modified":"2025-05-22T12:30:42","modified_gmt":"2025-05-22T12:30:42","slug":"adidas-community-line-%d1%82%d0%be%d0%bb%d1%81%d1%82%d0%be%d0%b2%d0%ba%d0%b0-%d1%81-%d0%ba%d0%b0%d0%bf%d1%8e%d1%88%d0%be%d0%bd%d0%be%d0%bc-%d0%ba%d0%b8%d0%ba%d0%b1%d0%be%d0%ba%d1%81%d0%b8%d0%bd%d0%b3","status":"publish","type":"product","link":"https:\/\/adidascombat.md\/ro\/Produs\/adidas-community-line-%d1%82%d0%be%d0%bb%d1%81%d1%82%d0%be%d0%b2%d0%ba%d0%b0-%d1%81-%d0%ba%d0%b0%d0%bf%d1%8e%d1%88%d0%be%d0%bd%d0%be%d0%bc-%d0%ba%d0%b8%d0%ba%d0%b1%d0%be%d0%ba%d1%81%d0%b8%d0%bd%d0%b3\/","title":{"rendered":"Hanorac adidas Community Line Kickboxing Negru\/Alb adiCL02KB"},"content":{"rendered":"<p>Hanoracul adidas Community Hoody Kickboxing este confec\u021bionat din 100% bumbac \u0219i are o croial\u0103 sport. Gluga \u00eencorporat\u0103 ofer\u0103 protec\u021bie ideal\u0103 \u00eempotriva v\u00e2ntului. Materialul moale se adapteaz\u0103 perfect corpului t\u0103u \u0219i \u00ee\u021bi garanteaz\u0103 un nivel ridicat de confort \u0219i o potrivire perfect\u0103.<\/p>\n<p>De asemenea, este excelent pentru a fi folosit ca hanorac de \u00eenc\u0103lzire!<\/p>\n","protected":false},"excerpt":{"rendered":"<p>Hanoracul adidas Community Hoody Kickboxing este confec\u021bionat din 100% bumbac \u0219i are o croial\u0103 sport. Gluga \u00eencorporat\u0103 ofer\u0103 protec\u021bie ideal\u0103<\/p>\n","protected":false},"featured_media":30460,"comment_status":"open","ping_status":"closed","template":"","meta":[],"product_brand":[],"product_cat":[757,761],"product_tag":[],"class_list":{"0":"post-30462","1":"product","2":"type-product","3":"status-publish","4":"has-post-thumbnail","6":"product_cat-adidas-kickbox-ro","7":"product_cat-imbracaminte-casual-ro-5","9":"first","10":"instock","11":"shipping-taxable","12":"purchasable","13":"product-type-variable"},"_links":{"self":[{"href":"https:\/\/adidascombat.md\/ro\/wp-json\/wp\/v2\/product\/30462","targetHints":{"allow":["GET"]}}],"collection":[{"href":"https:\/\/adidascombat.md\/ro\/wp-json\/wp\/v2\/product"}],"about":[{"href":"https:\/\/adidascombat.md\/ro\/wp-json\/wp\/v2\/types\/product"}],"replies":[{"embeddable":true,"href":"https:\/\/adidascombat.md\/ro\/wp-json\/wp\/v2\/comments?post=30462"}],"version-history":[{"count":2,"href":"https:\/\/adidascombat.md\/ro\/wp-json\/wp\/v2\/product\/30462\/revisions"}],"predecessor-version":[{"id":30470,"href":"https:\/\/adidascombat.md\/ro\/wp-json\/wp\/v2\/product\/30462\/revisions\/30470"}],"wp:featuredmedia":[{"embeddable":true,"href":"https:\/\/adidascombat.md\/ro\/wp-json\/wp\/v2\/media\/30460"}],"wp:attachment":[{"href":"https:\/\/adidascombat.md\/ro\/wp-json\/wp\/v2\/media?parent=30462"}],"wp:term":[{"taxonomy":"product_brand","embeddable":true,"href":"https:\/\/adidascombat.md\/ro\/wp-json\/wp\/v2\/product_brand?post=30462"},{"taxonomy":"product_cat","embeddable":true,"href":"https:\/\/adidascombat.md\/ro\/wp-json\/wp\/v2\/product_cat?post=30462"},{"taxonomy":"product_tag","embeddable":true,"href":"https:\/\/adidascombat.md\/ro\/wp-json\/wp\/v2\/product_tag?post=30462"}],"curies":[{"name":"wp","href":"https:\/\/api.w.org\/{rel}","templated":true}]}}