{"id":30517,"date":"2025-05-22T13:02:31","date_gmt":"2025-05-22T13:02:31","guid":{"rendered":"https:\/\/adidascombat.md\/product\/adidas-community-line-hoody-%d0%ba%d0%b8%d0%ba%d0%b1%d0%be%d0%ba%d1%81%d0%b8%d0%bd%d0%b3-%d1%81%d0%b5%d1%80%d1%8b%d0%b9-%d1%87%d0%b5%d1%80%d0%bd%d1%8b%d0%b9-adicl02kb\/"},"modified":"2025-05-22T13:03:45","modified_gmt":"2025-05-22T13:03:45","slug":"adidas-community-line-hoody-%d0%ba%d0%b8%d0%ba%d0%b1%d0%be%d0%ba%d1%81%d0%b8%d0%bd%d0%b3-%d1%81%d0%b5%d1%80%d1%8b%d0%b9-%d1%87%d0%b5%d1%80%d0%bd%d1%8b%d0%b9-adicl02kb","status":"publish","type":"product","link":"https:\/\/adidascombat.md\/ro\/Produs\/adidas-community-line-hoody-%d0%ba%d0%b8%d0%ba%d0%b1%d0%be%d0%ba%d1%81%d0%b8%d0%bd%d0%b3-%d1%81%d0%b5%d1%80%d1%8b%d0%b9-%d1%87%d0%b5%d1%80%d0%bd%d1%8b%d0%b9-adicl02kb\/","title":{"rendered":"Hanorac adidas Community Line Kickboxing Gri\/Negru, adiCL02KB"},"content":{"rendered":"<p>Croial\u0103 excelent\u0103, design cool \u0219i un aspect adidas superb cu logo sport &#8211; acesta este noul hanorac adidas. Indiferent dac\u0103 te antrenezi sau te relaxezi, acest hanorac te va face s\u0103 ar\u0103\u021bi grozav! Modele \u0219i culori noi vor da antrenamentului t\u0103u aspectul potrivit.<\/p>\n<p>&#8211;\u00a0 Material: 100% bumbac<\/p>\n<p>&#8211; Culoare: gri cu imprimeu<\/p>\n<p>&#8211; M\u0103rimi: XS-2XL<\/p>\n<p>Not\u0103: Deoarece acesta este un produs unisex, femeile ar trebui s\u0103 aleag\u0103 o m\u0103rime mai mic\u0103.<\/p>\n","protected":false},"excerpt":{"rendered":"<p>Croial\u0103 excelent\u0103, design cool \u0219i un aspect adidas superb cu logo sport &#8211; acesta este noul hanorac adidas. Indiferent dac\u0103<\/p>\n","protected":false},"featured_media":30515,"comment_status":"open","ping_status":"closed","template":"","meta":[],"product_brand":[],"product_cat":[757,761],"product_tag":[],"class_list":{"0":"post-30517","1":"product","2":"type-product","3":"status-publish","4":"has-post-thumbnail","6":"product_cat-adidas-kickbox-ro","7":"product_cat-imbracaminte-casual-ro-5","9":"first","10":"instock","11":"shipping-taxable","12":"purchasable","13":"product-type-variable"},"_links":{"self":[{"href":"https:\/\/adidascombat.md\/ro\/wp-json\/wp\/v2\/product\/30517","targetHints":{"allow":["GET"]}}],"collection":[{"href":"https:\/\/adidascombat.md\/ro\/wp-json\/wp\/v2\/product"}],"about":[{"href":"https:\/\/adidascombat.md\/ro\/wp-json\/wp\/v2\/types\/product"}],"replies":[{"embeddable":true,"href":"https:\/\/adidascombat.md\/ro\/wp-json\/wp\/v2\/comments?post=30517"}],"version-history":[{"count":1,"href":"https:\/\/adidascombat.md\/ro\/wp-json\/wp\/v2\/product\/30517\/revisions"}],"predecessor-version":[{"id":30524,"href":"https:\/\/adidascombat.md\/ro\/wp-json\/wp\/v2\/product\/30517\/revisions\/30524"}],"wp:featuredmedia":[{"embeddable":true,"href":"https:\/\/adidascombat.md\/ro\/wp-json\/wp\/v2\/media\/30515"}],"wp:attachment":[{"href":"https:\/\/adidascombat.md\/ro\/wp-json\/wp\/v2\/media?parent=30517"}],"wp:term":[{"taxonomy":"product_brand","embeddable":true,"href":"https:\/\/adidascombat.md\/ro\/wp-json\/wp\/v2\/product_brand?post=30517"},{"taxonomy":"product_cat","embeddable":true,"href":"https:\/\/adidascombat.md\/ro\/wp-json\/wp\/v2\/product_cat?post=30517"},{"taxonomy":"product_tag","embeddable":true,"href":"https:\/\/adidascombat.md\/ro\/wp-json\/wp\/v2\/product_tag?post=30517"}],"curies":[{"name":"wp","href":"https:\/\/api.w.org\/{rel}","templated":true}]}}