{"id":30587,"date":"2025-05-23T13:12:38","date_gmt":"2025-05-23T13:12:38","guid":{"rendered":"https:\/\/adidascombat.md\/product\/adidas-community-22-%d1%82%d0%be%d0%bb%d1%81%d1%82%d0%be%d0%b2%d0%ba%d0%b0-%d1%81-%d0%ba%d0%b0%d0%bf%d1%8e%d1%88%d0%be%d0%bd%d0%be%d0%bc-%d0%ba%d0%b8%d0%ba%d0%b1%d0%be%d0%ba%d1%81%d0%b8%d0%bd%d0%b3\/"},"modified":"2025-05-23T13:14:01","modified_gmt":"2025-05-23T13:14:01","slug":"adidas-community-22-%d1%82%d0%be%d0%bb%d1%81%d1%82%d0%be%d0%b2%d0%ba%d0%b0-%d1%81-%d0%ba%d0%b0%d0%bf%d1%8e%d1%88%d0%be%d0%bd%d0%be%d0%bc-%d0%ba%d0%b8%d0%ba%d0%b1%d0%be%d0%ba%d1%81%d0%b8%d0%bd%d0%b3","status":"publish","type":"product","link":"https:\/\/adidascombat.md\/ro\/Produs\/adidas-community-22-%d1%82%d0%be%d0%bb%d1%81%d1%82%d0%be%d0%b2%d0%ba%d0%b0-%d1%81-%d0%ba%d0%b0%d0%bf%d1%8e%d1%88%d0%be%d0%bd%d0%be%d0%bc-%d0%ba%d0%b8%d0%ba%d0%b1%d0%be%d0%ba%d1%81%d0%b8%d0%bd%d0%b3\/","title":{"rendered":"Hanorac adidas Community 22 Kickboxing Negru adiCLHD21V-KB"},"content":{"rendered":"<p>Croial\u0103 excelent\u0103, design cool \u0219i un aspect adidas superb cu logo sport &#8211; acesta este noul hanorac adidas. Indiferent dac\u0103 te antrenezi sau te relaxezi, acest hanorac te va face s\u0103 ar\u0103\u021bi grozav! Modele \u0219i culori noi vor da antrenamentului t\u0103u aspectul potrivit.<\/p>\n<ul>\n<li>Material: 80% bumbac, 20% poliester<\/li>\n<li>Culoare: negru cu imprimeu<\/li>\n<li>M\u0103rimi: S-XL<br \/>\nNot\u0103: Deoarece acesta este un produs unisex, femeile ar trebui s\u0103 aleag\u0103 o m\u0103rime mai mic\u0103.<\/li>\n<\/ul>\n","protected":false},"excerpt":{"rendered":"<p>Croial\u0103 excelent\u0103, design cool \u0219i un aspect adidas superb cu logo sport &#8211; acesta este noul hanorac adidas. Indiferent dac\u0103<\/p>\n","protected":false},"featured_media":30577,"comment_status":"open","ping_status":"closed","template":"","meta":[],"product_brand":[],"product_cat":[757,761],"product_tag":[],"class_list":{"0":"post-30587","1":"product","2":"type-product","3":"status-publish","4":"has-post-thumbnail","6":"product_cat-adidas-kickbox-ro","7":"product_cat-imbracaminte-casual-ro-5","9":"first","10":"instock","11":"shipping-taxable","12":"purchasable","13":"product-type-variable"},"_links":{"self":[{"href":"https:\/\/adidascombat.md\/ro\/wp-json\/wp\/v2\/product\/30587","targetHints":{"allow":["GET"]}}],"collection":[{"href":"https:\/\/adidascombat.md\/ro\/wp-json\/wp\/v2\/product"}],"about":[{"href":"https:\/\/adidascombat.md\/ro\/wp-json\/wp\/v2\/types\/product"}],"replies":[{"embeddable":true,"href":"https:\/\/adidascombat.md\/ro\/wp-json\/wp\/v2\/comments?post=30587"}],"version-history":[{"count":1,"href":"https:\/\/adidascombat.md\/ro\/wp-json\/wp\/v2\/product\/30587\/revisions"}],"predecessor-version":[{"id":30592,"href":"https:\/\/adidascombat.md\/ro\/wp-json\/wp\/v2\/product\/30587\/revisions\/30592"}],"wp:featuredmedia":[{"embeddable":true,"href":"https:\/\/adidascombat.md\/ro\/wp-json\/wp\/v2\/media\/30577"}],"wp:attachment":[{"href":"https:\/\/adidascombat.md\/ro\/wp-json\/wp\/v2\/media?parent=30587"}],"wp:term":[{"taxonomy":"product_brand","embeddable":true,"href":"https:\/\/adidascombat.md\/ro\/wp-json\/wp\/v2\/product_brand?post=30587"},{"taxonomy":"product_cat","embeddable":true,"href":"https:\/\/adidascombat.md\/ro\/wp-json\/wp\/v2\/product_cat?post=30587"},{"taxonomy":"product_tag","embeddable":true,"href":"https:\/\/adidascombat.md\/ro\/wp-json\/wp\/v2\/product_tag?post=30587"}],"curies":[{"name":"wp","href":"https:\/\/api.w.org\/{rel}","templated":true}]}}