{"id":30637,"date":"2025-05-23T13:24:16","date_gmt":"2025-05-23T13:24:16","guid":{"rendered":"https:\/\/adidascombat.md\/product\/adidas-community-line-%d0%ba%d1%83%d1%80%d1%82%d0%ba%d0%b0-%d0%b4%d0%bb%d1%8f-%d0%ba%d0%b8%d0%ba%d0%b1%d0%be%d0%ba%d1%81%d0%b8%d0%bd%d0%b3%d0%b0-%d1%87%d0%b5%d1%80%d0%bd%d1%8b%d0%b9-%d0%b1%d0%b5%d0%bb\/"},"modified":"2025-05-23T13:25:31","modified_gmt":"2025-05-23T13:25:31","slug":"adidas-community-line-%d0%ba%d1%83%d1%80%d1%82%d0%ba%d0%b0-%d0%b4%d0%bb%d1%8f-%d0%ba%d0%b8%d0%ba%d0%b1%d0%be%d0%ba%d1%81%d0%b8%d0%bd%d0%b3%d0%b0-%d1%87%d0%b5%d1%80%d0%bd%d1%8b%d0%b9-%d0%b1%d0%b5%d0%bb","status":"publish","type":"product","link":"https:\/\/adidascombat.md\/ro\/Produs\/adidas-community-line-%d0%ba%d1%83%d1%80%d1%82%d0%ba%d0%b0-%d0%b4%d0%bb%d1%8f-%d0%ba%d0%b8%d0%ba%d0%b1%d0%be%d0%ba%d1%81%d0%b8%d0%bd%d0%b3%d0%b0-%d1%87%d0%b5%d1%80%d0%bd%d1%8b%d0%b9-%d0%b1%d0%b5%d0%bb\/","title":{"rendered":"Jachet\u0103 adidas Community Line Kickboxing Negru\/Alb adiCL03KB"},"content":{"rendered":"<p>Croial\u0103 excelent\u0103, design cool \u0219i un aspect adidas superb cu logo sport &#8211; acesta este noul hanorac adidas. Indiferent dac\u0103 te antrenezi sau te relaxezi, acest hanorac te va face s\u0103 ar\u0103\u021bi grozav! Modele \u0219i culori noi vor da antrenamentului t\u0103u aspectul potrivit.<\/p>\n<p>&#8211; Material: 100% bumbac<br \/>\n&#8211; Culoare: negru cu imprimeu<br \/>\n&#8211; M\u0103rimi: XS-2XL<\/p>\n","protected":false},"excerpt":{"rendered":"<p>Croial\u0103 excelent\u0103, design cool \u0219i un aspect adidas superb cu logo sport &#8211; acesta este noul hanorac adidas. Indiferent dac\u0103<\/p>\n","protected":false},"featured_media":30635,"comment_status":"open","ping_status":"closed","template":"","meta":[],"product_brand":[],"product_cat":[757,761],"product_tag":[],"class_list":{"0":"post-30637","1":"product","2":"type-product","3":"status-publish","4":"has-post-thumbnail","6":"product_cat-adidas-kickbox-ro","7":"product_cat-imbracaminte-casual-ro-5","9":"first","10":"instock","11":"shipping-taxable","12":"purchasable","13":"product-type-variable"},"_links":{"self":[{"href":"https:\/\/adidascombat.md\/ro\/wp-json\/wp\/v2\/product\/30637","targetHints":{"allow":["GET"]}}],"collection":[{"href":"https:\/\/adidascombat.md\/ro\/wp-json\/wp\/v2\/product"}],"about":[{"href":"https:\/\/adidascombat.md\/ro\/wp-json\/wp\/v2\/types\/product"}],"replies":[{"embeddable":true,"href":"https:\/\/adidascombat.md\/ro\/wp-json\/wp\/v2\/comments?post=30637"}],"version-history":[{"count":1,"href":"https:\/\/adidascombat.md\/ro\/wp-json\/wp\/v2\/product\/30637\/revisions"}],"predecessor-version":[{"id":30644,"href":"https:\/\/adidascombat.md\/ro\/wp-json\/wp\/v2\/product\/30637\/revisions\/30644"}],"wp:featuredmedia":[{"embeddable":true,"href":"https:\/\/adidascombat.md\/ro\/wp-json\/wp\/v2\/media\/30635"}],"wp:attachment":[{"href":"https:\/\/adidascombat.md\/ro\/wp-json\/wp\/v2\/media?parent=30637"}],"wp:term":[{"taxonomy":"product_brand","embeddable":true,"href":"https:\/\/adidascombat.md\/ro\/wp-json\/wp\/v2\/product_brand?post=30637"},{"taxonomy":"product_cat","embeddable":true,"href":"https:\/\/adidascombat.md\/ro\/wp-json\/wp\/v2\/product_cat?post=30637"},{"taxonomy":"product_tag","embeddable":true,"href":"https:\/\/adidascombat.md\/ro\/wp-json\/wp\/v2\/product_tag?post=30637"}],"curies":[{"name":"wp","href":"https:\/\/api.w.org\/{rel}","templated":true}]}}