{"id":31070,"date":"2025-05-30T14:44:50","date_gmt":"2025-05-30T14:44:50","guid":{"rendered":"https:\/\/adidascombat.md\/product\/adidas-%d0%b1%d0%be%d0%ba%d1%81%d0%b5%d1%80%d1%81%d0%ba%d0%b8%d0%b5-%d0%bf%d0%b5%d1%80%d1%87%d0%b0%d1%82%d0%ba%d0%b8-speed-50-adisbg50-%d1%81%d0%b8%d0%bd%d0%b8%d0%b9\/"},"modified":"2025-05-30T14:46:43","modified_gmt":"2025-05-30T14:46:43","slug":"adidas-%d0%b1%d0%be%d0%ba%d1%81%d0%b5%d1%80%d1%81%d0%ba%d0%b8%d0%b5-%d0%bf%d0%b5%d1%80%d1%87%d0%b0%d1%82%d0%ba%d0%b8-speed-50-adisbg50-%d1%81%d0%b8%d0%bd%d0%b8%d0%b9","status":"publish","type":"product","link":"https:\/\/adidascombat.md\/ro\/Produs\/adidas-%d0%b1%d0%be%d0%ba%d1%81%d0%b5%d1%80%d1%81%d0%ba%d0%b8%d0%b5-%d0%bf%d0%b5%d1%80%d1%87%d0%b0%d1%82%d0%ba%d0%b8-speed-50-adisbg50-%d1%81%d0%b8%d0%bd%d0%b8%d0%b9\/","title":{"rendered":"M\u0103nu\u0219i de box adidas Speed \u200b\u200b\u200b\u200b50, ADISBG50 albastre"},"content":{"rendered":"<p>Modelul entry-level din seria Speed \u200b\u200beste fabricat din piele sintetic\u0103 durabil\u0103, cu amortizare optim\u0103. O m\u0103nu\u0219\u0103 de box excelent\u0103 la un pre\u021b mic de la un furnizor de top, adidas.<\/p>\n<p>Cu un design complet nou \u0219i culori minunate, Speed \u200b\u200b50 convinge prin noul s\u0103u aspect! \u00cenchiderea cu velcro, l\u0103\u021bimea de 7,5 cm, fixeaz\u0103 optim m\u0103nu\u0219a pe \u00eencheietura m\u00e2inii.<\/p>\n<p>Degetul mare este cusut, desigur.<\/p>\n<p><strong>Caracteristici:<\/strong><br \/>\n&#8211; Fabricat\u0103 din piele sintetic\u0103 durabil\u0103<br \/>\n&#8211; Form\u0103 clasic\u0103 IMF cu amortizare optim\u0103<br \/>\n&#8211; \u00cenchidere cu velcro, l\u0103\u021bimea de 7,5 cm<\/p>\n","protected":false},"excerpt":{"rendered":"<p>Modelul entry-level din seria Speed \u200b\u200beste fabricat din piele sintetic\u0103 durabil\u0103, cu amortizare optim\u0103. O m\u0103nu\u0219\u0103 de box excelent\u0103 la<\/p>\n","protected":false},"featured_media":31068,"comment_status":"open","ping_status":"closed","template":"","meta":[],"product_brand":[],"product_cat":[757,765],"product_tag":[],"class_list":{"0":"post-31070","1":"product","2":"type-product","3":"status-publish","4":"has-post-thumbnail","6":"product_cat-adidas-kickbox-ro","7":"product_cat-manusi-ro-5","9":"first","10":"instock","11":"shipping-taxable","12":"purchasable","13":"product-type-variable"},"_links":{"self":[{"href":"https:\/\/adidascombat.md\/ro\/wp-json\/wp\/v2\/product\/31070","targetHints":{"allow":["GET"]}}],"collection":[{"href":"https:\/\/adidascombat.md\/ro\/wp-json\/wp\/v2\/product"}],"about":[{"href":"https:\/\/adidascombat.md\/ro\/wp-json\/wp\/v2\/types\/product"}],"replies":[{"embeddable":true,"href":"https:\/\/adidascombat.md\/ro\/wp-json\/wp\/v2\/comments?post=31070"}],"version-history":[{"count":1,"href":"https:\/\/adidascombat.md\/ro\/wp-json\/wp\/v2\/product\/31070\/revisions"}],"predecessor-version":[{"id":31075,"href":"https:\/\/adidascombat.md\/ro\/wp-json\/wp\/v2\/product\/31070\/revisions\/31075"}],"wp:featuredmedia":[{"embeddable":true,"href":"https:\/\/adidascombat.md\/ro\/wp-json\/wp\/v2\/media\/31068"}],"wp:attachment":[{"href":"https:\/\/adidascombat.md\/ro\/wp-json\/wp\/v2\/media?parent=31070"}],"wp:term":[{"taxonomy":"product_brand","embeddable":true,"href":"https:\/\/adidascombat.md\/ro\/wp-json\/wp\/v2\/product_brand?post=31070"},{"taxonomy":"product_cat","embeddable":true,"href":"https:\/\/adidascombat.md\/ro\/wp-json\/wp\/v2\/product_cat?post=31070"},{"taxonomy":"product_tag","embeddable":true,"href":"https:\/\/adidascombat.md\/ro\/wp-json\/wp\/v2\/product_tag?post=31070"}],"curies":[{"name":"wp","href":"https:\/\/api.w.org\/{rel}","templated":true}]}}