{"id":31162,"date":"2025-05-30T15:22:48","date_gmt":"2025-05-30T15:22:48","guid":{"rendered":"https:\/\/adidascombat.md\/product\/adidas-%d0%b1%d0%be%d0%ba%d1%81%d0%b5%d1%80%d1%81%d0%ba%d0%b8%d0%b5-%d0%bf%d0%b5%d1%80%d1%87%d0%b0%d1%82%d0%ba%d0%b8-speed-tilt-200-%d0%b1%d0%b5%d0%bb%d1%8b%d0%b9-spd200\/"},"modified":"2025-05-30T15:24:17","modified_gmt":"2025-05-30T15:24:17","slug":"adidas-%d0%b1%d0%be%d0%ba%d1%81%d0%b5%d1%80%d1%81%d0%ba%d0%b8%d0%b5-%d0%bf%d0%b5%d1%80%d1%87%d0%b0%d1%82%d0%ba%d0%b8-speed-tilt-200-%d0%b1%d0%b5%d0%bb%d1%8b%d0%b9-spd200","status":"publish","type":"product","link":"https:\/\/adidascombat.md\/ro\/Produs\/adidas-%d0%b1%d0%be%d0%ba%d1%81%d0%b5%d1%80%d1%81%d0%ba%d0%b8%d0%b5-%d0%bf%d0%b5%d1%80%d1%87%d0%b0%d1%82%d0%ba%d0%b8-speed-tilt-200-%d0%b1%d0%b5%d0%bb%d1%8b%d0%b9-spd200\/","title":{"rendered":"M\u0103nu\u0219i de box adidas SPEED TILT 200, Alb SPD200"},"content":{"rendered":"<p>Noile m\u0103nu\u0219i de box Speed \u200b\u200bTilt 200 de la adidas sunt fabricate din piele sintetic\u0103 premium FLX 3.0. C\u0103ptu\u0219eala din spum\u0103 preformat\u0103, dintr-o singur\u0103 bucat\u0103, pozi\u021bioneaz\u0103 \u00eencheieturile m\u00e2inilor \u00een pozi\u021bia corect\u0103 de lovire, asigur\u00e2nd o amortizare optim\u0103 \u0219i o protec\u021bie maxim\u0103 pentru pumni.<\/p>\n<p>Material: piele sintetic\u0103 premium FLX 3.0<\/p>\n<p>Fixare corect\u0103 a pumnilor \u00een m\u0103nu\u0219\u0103 datorit\u0103 tehnologiei inovatoare TILT<\/p>\n<p>C\u0103ptu\u0219eal\u0103 din nailon pentru o potrivire confortabil\u0103<\/p>\n<p><strong>M\u0103rimi: 10 oz, 12 oz, 14 oz.<\/strong><\/p>\n","protected":false},"excerpt":{"rendered":"<p>Noile m\u0103nu\u0219i de box Speed \u200b\u200bTilt 200 de la adidas sunt fabricate din piele sintetic\u0103 premium FLX 3.0. C\u0103ptu\u0219eala din<\/p>\n","protected":false},"featured_media":31150,"comment_status":"open","ping_status":"closed","template":"","meta":[],"product_brand":[],"product_cat":[757,765],"product_tag":[],"class_list":{"0":"post-31162","1":"product","2":"type-product","3":"status-publish","4":"has-post-thumbnail","6":"product_cat-adidas-kickbox-ro","7":"product_cat-manusi-ro-5","9":"first","10":"instock","11":"shipping-taxable","12":"purchasable","13":"product-type-variable"},"_links":{"self":[{"href":"https:\/\/adidascombat.md\/ro\/wp-json\/wp\/v2\/product\/31162","targetHints":{"allow":["GET"]}}],"collection":[{"href":"https:\/\/adidascombat.md\/ro\/wp-json\/wp\/v2\/product"}],"about":[{"href":"https:\/\/adidascombat.md\/ro\/wp-json\/wp\/v2\/types\/product"}],"replies":[{"embeddable":true,"href":"https:\/\/adidascombat.md\/ro\/wp-json\/wp\/v2\/comments?post=31162"}],"version-history":[{"count":1,"href":"https:\/\/adidascombat.md\/ro\/wp-json\/wp\/v2\/product\/31162\/revisions"}],"predecessor-version":[{"id":31166,"href":"https:\/\/adidascombat.md\/ro\/wp-json\/wp\/v2\/product\/31162\/revisions\/31166"}],"wp:featuredmedia":[{"embeddable":true,"href":"https:\/\/adidascombat.md\/ro\/wp-json\/wp\/v2\/media\/31150"}],"wp:attachment":[{"href":"https:\/\/adidascombat.md\/ro\/wp-json\/wp\/v2\/media?parent=31162"}],"wp:term":[{"taxonomy":"product_brand","embeddable":true,"href":"https:\/\/adidascombat.md\/ro\/wp-json\/wp\/v2\/product_brand?post=31162"},{"taxonomy":"product_cat","embeddable":true,"href":"https:\/\/adidascombat.md\/ro\/wp-json\/wp\/v2\/product_cat?post=31162"},{"taxonomy":"product_tag","embeddable":true,"href":"https:\/\/adidascombat.md\/ro\/wp-json\/wp\/v2\/product_tag?post=31162"}],"curies":[{"name":"wp","href":"https:\/\/api.w.org\/{rel}","templated":true}]}}