{"id":31470,"date":"2025-06-10T13:58:38","date_gmt":"2025-06-10T13:58:38","guid":{"rendered":"https:\/\/adidascombat.md\/product\/adidas-%d0%b1%d0%be%d0%ba%d1%81%d0%b5%d1%80%d1%81%d0%ba%d0%b8%d0%b5-%d0%bf%d0%b5%d1%80%d1%87%d0%b0%d1%82%d0%ba%d0%b8-hybrid-500-adih500mv-4\/"},"modified":"2025-06-10T14:00:59","modified_gmt":"2025-06-10T14:00:59","slug":"adidas-%d0%b1%d0%be%d0%ba%d1%81%d0%b5%d1%80%d1%81%d0%ba%d0%b8%d0%b5-%d0%bf%d0%b5%d1%80%d1%87%d0%b0%d1%82%d0%ba%d0%b8-hybrid-500-adih500mv-4","status":"publish","type":"product","link":"https:\/\/adidascombat.md\/ro\/Produs\/adidas-%d0%b1%d0%be%d0%ba%d1%81%d0%b5%d1%80%d1%81%d0%ba%d0%b8%d0%b5-%d0%bf%d0%b5%d1%80%d1%87%d0%b0%d1%82%d0%ba%d0%b8-hybrid-500-adih500mv-4\/","title":{"rendered":"M\u0103nu\u0219i de box adidas Hybrid 500 &#8211; adiH500MV"},"content":{"rendered":"<p>M\u0103nu\u0219ile de box Hybrid 500 sunt cea mai recent\u0103 dezvoltare de la adidas. O m\u0103nu\u0219\u0103 cu aspect fantastic, fabricat\u0103 din microfibr\u0103 ecologic\u0103, care nu este \u00een niciun fel inferioar\u0103 pielii \u00een toate propriet\u0103\u021bile (rezisten\u021b\u0103, senza\u021bii tactile, aspect).<\/p>\n<p>M\u0103nu\u0219ile impresioneaz\u0103 printr-o \u00eenchidere Velcro lat\u0103, datorit\u0103 c\u0103reia m\u0103nu\u0219a se potrive\u0219te perfect pe \u00eencheietura m\u00e2inii.<br \/>\nC\u0103ptu\u0219eala interioar\u0103 este sublimat\u0103, ceea ce \u00eei confer\u0103 un aspect foarte elegant. Degetul mare este cusut, iar m\u0103nu\u0219a este alc\u0103tuit\u0103 dintr-o c\u0103ptu\u0219eal\u0103 din spum\u0103 multistrat \u00een interior pentru o siguran\u021b\u0103 optim\u0103 \u0219i o protec\u021bie perfect\u0103 a m\u00e2inilor.<br \/>\nHybrid 500 este disponibil\u0103 \u00een \u0219ase culori senza\u021bionale, fiecare de la 10 la 18 uncii.<\/p>\n","protected":false},"excerpt":{"rendered":"<p>M\u0103nu\u0219ile de box Hybrid 500 sunt cea mai recent\u0103 dezvoltare de la adidas. O m\u0103nu\u0219\u0103 cu aspect fantastic, fabricat\u0103 din<\/p>\n","protected":false},"featured_media":31456,"comment_status":"open","ping_status":"closed","template":"","meta":[],"product_brand":[],"product_cat":[517,757,533,765],"product_tag":[],"class_list":{"0":"post-31470","1":"product","2":"type-product","3":"status-publish","4":"has-post-thumbnail","6":"product_cat-adidas-box-ro","7":"product_cat-adidas-kickbox-ro","8":"product_cat-manusi-ro-4","9":"product_cat-manusi-ro-5","11":"first","12":"instock","13":"shipping-taxable","14":"purchasable","15":"product-type-variable"},"_links":{"self":[{"href":"https:\/\/adidascombat.md\/ro\/wp-json\/wp\/v2\/product\/31470","targetHints":{"allow":["GET"]}}],"collection":[{"href":"https:\/\/adidascombat.md\/ro\/wp-json\/wp\/v2\/product"}],"about":[{"href":"https:\/\/adidascombat.md\/ro\/wp-json\/wp\/v2\/types\/product"}],"replies":[{"embeddable":true,"href":"https:\/\/adidascombat.md\/ro\/wp-json\/wp\/v2\/comments?post=31470"}],"version-history":[{"count":1,"href":"https:\/\/adidascombat.md\/ro\/wp-json\/wp\/v2\/product\/31470\/revisions"}],"predecessor-version":[{"id":31476,"href":"https:\/\/adidascombat.md\/ro\/wp-json\/wp\/v2\/product\/31470\/revisions\/31476"}],"wp:featuredmedia":[{"embeddable":true,"href":"https:\/\/adidascombat.md\/ro\/wp-json\/wp\/v2\/media\/31456"}],"wp:attachment":[{"href":"https:\/\/adidascombat.md\/ro\/wp-json\/wp\/v2\/media?parent=31470"}],"wp:term":[{"taxonomy":"product_brand","embeddable":true,"href":"https:\/\/adidascombat.md\/ro\/wp-json\/wp\/v2\/product_brand?post=31470"},{"taxonomy":"product_cat","embeddable":true,"href":"https:\/\/adidascombat.md\/ro\/wp-json\/wp\/v2\/product_cat?post=31470"},{"taxonomy":"product_tag","embeddable":true,"href":"https:\/\/adidascombat.md\/ro\/wp-json\/wp\/v2\/product_tag?post=31470"}],"curies":[{"name":"wp","href":"https:\/\/api.w.org\/{rel}","templated":true}]}}