{"id":31877,"date":"2025-06-16T15:38:26","date_gmt":"2025-06-16T15:38:26","guid":{"rendered":"https:\/\/adidascombat.md\/product\/adidas-super-safety-kicks-%d0%b7%d0%b0%d1%89%d0%b8%d1%82%d0%b0-%d0%bd%d0%be%d0%b3-%d1%87%d0%b5%d1%80%d0%bd%d1%8b%d0%b9-%d0%ba%d1%80%d0%b0%d1%81%d0%bd%d1%8b%d0%b9-adibp04\/"},"modified":"2025-06-16T15:39:52","modified_gmt":"2025-06-16T15:39:52","slug":"adidas-super-safety-kicks-%d0%b7%d0%b0%d1%89%d0%b8%d1%82%d0%b0-%d0%bd%d0%be%d0%b3-%d1%87%d0%b5%d1%80%d0%bd%d1%8b%d0%b9-%d0%ba%d1%80%d0%b0%d1%81%d0%bd%d1%8b%d0%b9-adibp04","status":"publish","type":"product","link":"https:\/\/adidascombat.md\/ro\/Produs\/adidas-super-safety-kicks-%d0%b7%d0%b0%d1%89%d0%b8%d1%82%d0%b0-%d0%bd%d0%be%d0%b3-%d1%87%d0%b5%d1%80%d0%bd%d1%8b%d0%b9-%d0%ba%d1%80%d0%b0%d1%81%d0%bd%d1%8b%d0%b9-adibp04\/","title":{"rendered":"Ap\u0103r\u0103tori de picioare adidas Super Safety Kicks Negre\/Ro\u0219ii, ADIBP04"},"content":{"rendered":"<p>Protec\u021bie pentru picioare aprobat\u0103 de WAKO &#8211; pentru a \u00eempiedica adversarul s\u0103 provoace daune inutile chiar \u0219i cu cele mai puternice lovituri de picior. Potrivire perfect\u0103 pe picior pentru a evita \u00eentreruperile inutile \u00een timpul antrenamentelor \u0219i competi\u021biilor.<\/p>\n<p>Material exterior: piele sintetic\u0103<\/p>\n<p>Material interior: spum\u0103 poliuretanic\u0103<\/p>\n<p>\u00cenchidere elastic\u0103 cu velcro<\/p>\n<p>Tehnologie i-Comfort+<\/p>\n<p>Alb, Negru\/Gri: XS-2XL<\/p>\n","protected":false},"excerpt":{"rendered":"<p>Protec\u021bie pentru picioare aprobat\u0103 de WAKO &#8211; pentru a \u00eempiedica adversarul s\u0103 provoace daune inutile chiar \u0219i cu cele mai<\/p>\n","protected":false},"featured_media":31869,"comment_status":"open","ping_status":"closed","template":"","meta":[],"product_brand":[],"product_cat":[757,769],"product_tag":[],"class_list":{"0":"post-31877","1":"product","2":"type-product","3":"status-publish","4":"has-post-thumbnail","6":"product_cat-adidas-kickbox-ro","7":"product_cat-protectie-ro-5","9":"first","10":"instock","11":"shipping-taxable","12":"purchasable","13":"product-type-variable"},"_links":{"self":[{"href":"https:\/\/adidascombat.md\/ro\/wp-json\/wp\/v2\/product\/31877","targetHints":{"allow":["GET"]}}],"collection":[{"href":"https:\/\/adidascombat.md\/ro\/wp-json\/wp\/v2\/product"}],"about":[{"href":"https:\/\/adidascombat.md\/ro\/wp-json\/wp\/v2\/types\/product"}],"replies":[{"embeddable":true,"href":"https:\/\/adidascombat.md\/ro\/wp-json\/wp\/v2\/comments?post=31877"}],"version-history":[{"count":1,"href":"https:\/\/adidascombat.md\/ro\/wp-json\/wp\/v2\/product\/31877\/revisions"}],"predecessor-version":[{"id":31884,"href":"https:\/\/adidascombat.md\/ro\/wp-json\/wp\/v2\/product\/31877\/revisions\/31884"}],"wp:featuredmedia":[{"embeddable":true,"href":"https:\/\/adidascombat.md\/ro\/wp-json\/wp\/v2\/media\/31869"}],"wp:attachment":[{"href":"https:\/\/adidascombat.md\/ro\/wp-json\/wp\/v2\/media?parent=31877"}],"wp:term":[{"taxonomy":"product_brand","embeddable":true,"href":"https:\/\/adidascombat.md\/ro\/wp-json\/wp\/v2\/product_brand?post=31877"},{"taxonomy":"product_cat","embeddable":true,"href":"https:\/\/adidascombat.md\/ro\/wp-json\/wp\/v2\/product_cat?post=31877"},{"taxonomy":"product_tag","embeddable":true,"href":"https:\/\/adidascombat.md\/ro\/wp-json\/wp\/v2\/product_tag?post=31877"}],"curies":[{"name":"wp","href":"https:\/\/api.w.org\/{rel}","templated":true}]}}