{"id":31924,"date":"2025-06-19T09:44:44","date_gmt":"2025-06-19T09:44:44","guid":{"rendered":"https:\/\/adidascombat.md\/product\/%d0%b7%d0%b0%d1%89%d0%b8%d1%82%d0%b0-%d0%bd%d0%be%d0%b3-%d1%87%d0%b5%d1%80%d0%bd%d0%b0%d1%8f\/"},"modified":"2025-06-19T09:45:56","modified_gmt":"2025-06-19T09:45:56","slug":"%d0%b7%d0%b0%d1%89%d0%b8%d1%82%d0%b0-%d0%bd%d0%be%d0%b3-%d1%87%d0%b5%d1%80%d0%bd%d0%b0%d1%8f","status":"publish","type":"product","link":"https:\/\/adidascombat.md\/ro\/Produs\/%d0%b7%d0%b0%d1%89%d0%b8%d1%82%d0%b0-%d0%bd%d0%be%d0%b3-%d1%87%d0%b5%d1%80%d0%bd%d0%b0%d1%8f\/","title":{"rendered":"Protec\u021bie pentru picioare neagr\u0103"},"content":{"rendered":"<ul>\n<li>\u00a0C\u0103ptu\u0219eal\u0103 din spum\u0103 din imita\u021bie de piele (aprox. 10 mm)<\/li>\n<li>Bucle elastice pentru degete<\/li>\n<li>Band\u0103 elastic\u0103 pe toat\u0103 lungimea cu velcro<\/li>\n<\/ul>\n","protected":false},"excerpt":{"rendered":"<p>\u00a0C\u0103ptu\u0219eal\u0103 din spum\u0103 din imita\u021bie de piele (aprox. 10 mm) Bucle elastice pentru degete Band\u0103 elastic\u0103 pe toat\u0103 lungimea cu<\/p>\n","protected":false},"featured_media":31918,"comment_status":"open","ping_status":"closed","template":"","meta":[],"product_brand":[],"product_cat":[757,882,875,769],"product_tag":[],"class_list":{"0":"post-31924","1":"product","2":"type-product","3":"status-publish","4":"has-post-thumbnail","6":"product_cat-adidas-kickbox-ro","7":"product_cat-echipament-protectie-13","8":"product_cat-mmafreefight-thaiboxing","9":"product_cat-protectie-ro-5","11":"first","12":"instock","13":"shipping-taxable","14":"purchasable","15":"product-type-variable"},"_links":{"self":[{"href":"https:\/\/adidascombat.md\/ro\/wp-json\/wp\/v2\/product\/31924","targetHints":{"allow":["GET"]}}],"collection":[{"href":"https:\/\/adidascombat.md\/ro\/wp-json\/wp\/v2\/product"}],"about":[{"href":"https:\/\/adidascombat.md\/ro\/wp-json\/wp\/v2\/types\/product"}],"replies":[{"embeddable":true,"href":"https:\/\/adidascombat.md\/ro\/wp-json\/wp\/v2\/comments?post=31924"}],"version-history":[{"count":1,"href":"https:\/\/adidascombat.md\/ro\/wp-json\/wp\/v2\/product\/31924\/revisions"}],"predecessor-version":[{"id":31931,"href":"https:\/\/adidascombat.md\/ro\/wp-json\/wp\/v2\/product\/31924\/revisions\/31931"}],"wp:featuredmedia":[{"embeddable":true,"href":"https:\/\/adidascombat.md\/ro\/wp-json\/wp\/v2\/media\/31918"}],"wp:attachment":[{"href":"https:\/\/adidascombat.md\/ro\/wp-json\/wp\/v2\/media?parent=31924"}],"wp:term":[{"taxonomy":"product_brand","embeddable":true,"href":"https:\/\/adidascombat.md\/ro\/wp-json\/wp\/v2\/product_brand?post=31924"},{"taxonomy":"product_cat","embeddable":true,"href":"https:\/\/adidascombat.md\/ro\/wp-json\/wp\/v2\/product_cat?post=31924"},{"taxonomy":"product_tag","embeddable":true,"href":"https:\/\/adidascombat.md\/ro\/wp-json\/wp\/v2\/product_tag?post=31924"}],"curies":[{"name":"wp","href":"https:\/\/api.w.org\/{rel}","templated":true}]}}