{"id":31942,"date":"2025-06-19T09:48:28","date_gmt":"2025-06-19T09:48:28","guid":{"rendered":"https:\/\/adidascombat.md\/product\/adidas-super-safety-kicks-%d0%b7%d0%b0%d1%89%d0%b8%d1%82%d0%b0-%d0%bd%d0%be%d0%b3-%d0%b1%d0%b5%d0%bb%d0%b0%d1%8f-adibp04\/"},"modified":"2025-06-19T09:50:38","modified_gmt":"2025-06-19T09:50:38","slug":"adidas-super-safety-kicks-%d0%b7%d0%b0%d1%89%d0%b8%d1%82%d0%b0-%d0%bd%d0%be%d0%b3-%d0%b1%d0%b5%d0%bb%d0%b0%d1%8f-adibp04","status":"publish","type":"product","link":"https:\/\/adidascombat.md\/ro\/Produs\/adidas-super-safety-kicks-%d0%b7%d0%b0%d1%89%d0%b8%d1%82%d0%b0-%d0%bd%d0%be%d0%b3-%d0%b1%d0%b5%d0%bb%d0%b0%d1%8f-adibp04\/","title":{"rendered":"Ap\u0103r\u0103tori de picioare adidas Super Safety Kicks, albe, ADIBP04"},"content":{"rendered":"<p>Protec\u021bie pentru picioare aprobat\u0103 de WAKO &#8211; pentru a \u00eempiedica adversarul s\u0103 provoace daune inutile chiar \u0219i cu cele mai puternice lovituri de picior. Potrivire perfect\u0103 pe picior pentru a evita \u00eentreruperile inutile \u00een timpul antrenamentelor \u0219i competi\u021biilor.<\/p>\n<ul>\n<li>\u00a0Material exterior: piele sintetic\u0103<\/li>\n<li>\u00a0Material interior: spum\u0103 poliuretanic\u0103<\/li>\n<li>\u00cenchidere elastic\u0103 cu velcro<\/li>\n<li>\u00a0Tehnologie i-Comfort+<\/li>\n<\/ul>\n","protected":false},"excerpt":{"rendered":"<p>Protec\u021bie pentru picioare aprobat\u0103 de WAKO &#8211; pentru a \u00eempiedica adversarul s\u0103 provoace daune inutile chiar \u0219i cu cele mai<\/p>\n","protected":false},"featured_media":31936,"comment_status":"open","ping_status":"closed","template":"","meta":[],"product_brand":[],"product_cat":[757,769],"product_tag":[],"class_list":{"0":"post-31942","1":"product","2":"type-product","3":"status-publish","4":"has-post-thumbnail","6":"product_cat-adidas-kickbox-ro","7":"product_cat-protectie-ro-5","9":"first","10":"instock","11":"shipping-taxable","12":"purchasable","13":"product-type-variable"},"_links":{"self":[{"href":"https:\/\/adidascombat.md\/ro\/wp-json\/wp\/v2\/product\/31942","targetHints":{"allow":["GET"]}}],"collection":[{"href":"https:\/\/adidascombat.md\/ro\/wp-json\/wp\/v2\/product"}],"about":[{"href":"https:\/\/adidascombat.md\/ro\/wp-json\/wp\/v2\/types\/product"}],"replies":[{"embeddable":true,"href":"https:\/\/adidascombat.md\/ro\/wp-json\/wp\/v2\/comments?post=31942"}],"version-history":[{"count":1,"href":"https:\/\/adidascombat.md\/ro\/wp-json\/wp\/v2\/product\/31942\/revisions"}],"predecessor-version":[{"id":31945,"href":"https:\/\/adidascombat.md\/ro\/wp-json\/wp\/v2\/product\/31942\/revisions\/31945"}],"wp:featuredmedia":[{"embeddable":true,"href":"https:\/\/adidascombat.md\/ro\/wp-json\/wp\/v2\/media\/31936"}],"wp:attachment":[{"href":"https:\/\/adidascombat.md\/ro\/wp-json\/wp\/v2\/media?parent=31942"}],"wp:term":[{"taxonomy":"product_brand","embeddable":true,"href":"https:\/\/adidascombat.md\/ro\/wp-json\/wp\/v2\/product_brand?post=31942"},{"taxonomy":"product_cat","embeddable":true,"href":"https:\/\/adidascombat.md\/ro\/wp-json\/wp\/v2\/product_cat?post=31942"},{"taxonomy":"product_tag","embeddable":true,"href":"https:\/\/adidascombat.md\/ro\/wp-json\/wp\/v2\/product_tag?post=31942"}],"curies":[{"name":"wp","href":"https:\/\/api.w.org\/{rel}","templated":true}]}}