{"id":31957,"date":"2025-06-19T09:53:19","date_gmt":"2025-06-19T09:53:19","guid":{"rendered":"https:\/\/adidascombat.md\/product\/adidas-super-safety-kicks-%d0%b7%d0%b0%d1%89%d0%b8%d1%82%d0%b0-%d0%bd%d0%be%d0%b3-%d1%87%d0%b5%d1%80%d0%bd%d0%b0%d1%8f-adibp04\/"},"modified":"2025-06-19T09:54:32","modified_gmt":"2025-06-19T09:54:32","slug":"adidas-super-safety-kicks-%d0%b7%d0%b0%d1%89%d0%b8%d1%82%d0%b0-%d0%bd%d0%be%d0%b3-%d1%87%d0%b5%d1%80%d0%bd%d0%b0%d1%8f-adibp04","status":"publish","type":"product","link":"https:\/\/adidascombat.md\/ro\/Produs\/adidas-super-safety-kicks-%d0%b7%d0%b0%d1%89%d0%b8%d1%82%d0%b0-%d0%bd%d0%be%d0%b3-%d1%87%d0%b5%d1%80%d0%bd%d0%b0%d1%8f-adibp04\/","title":{"rendered":"Ap\u0103r\u0103tori de picioare adidas Super Safety Kicks, negre, ADIBP04"},"content":{"rendered":"<p>Protec\u021bii pentru picioare aprobate de WAKO pentru a \u00eempiedica adversarul s\u0103 se r\u0103neasc\u0103 inutil chiar \u0219i cu cele mai puternice lovituri de picior. Potrivire perfect\u0103 pentru a evita \u00eentreruperile inutile \u00een timpul antrenamentelor \u0219i competi\u021biilor.<\/p>\n<ul>\n<li>Material exterior: piele sintetic\u0103<\/li>\n<li>Material interior: spum\u0103 poliuretanic\u0103<\/li>\n<li>\u00cenchidere elastic\u0103 cu velcro<\/li>\n<li>Tehnologie i-Comfort+<\/li>\n<\/ul>\n","protected":false},"excerpt":{"rendered":"<p>Protec\u021bii pentru picioare aprobate de WAKO pentru a \u00eempiedica adversarul s\u0103 se r\u0103neasc\u0103 inutil chiar \u0219i cu cele mai puternice<\/p>\n","protected":false},"featured_media":31955,"comment_status":"open","ping_status":"closed","template":"","meta":[],"product_brand":[],"product_cat":[757,769],"product_tag":[],"class_list":{"0":"post-31957","1":"product","2":"type-product","3":"status-publish","4":"has-post-thumbnail","6":"product_cat-adidas-kickbox-ro","7":"product_cat-protectie-ro-5","9":"first","10":"instock","11":"shipping-taxable","12":"purchasable","13":"product-type-variable"},"_links":{"self":[{"href":"https:\/\/adidascombat.md\/ro\/wp-json\/wp\/v2\/product\/31957","targetHints":{"allow":["GET"]}}],"collection":[{"href":"https:\/\/adidascombat.md\/ro\/wp-json\/wp\/v2\/product"}],"about":[{"href":"https:\/\/adidascombat.md\/ro\/wp-json\/wp\/v2\/types\/product"}],"replies":[{"embeddable":true,"href":"https:\/\/adidascombat.md\/ro\/wp-json\/wp\/v2\/comments?post=31957"}],"version-history":[{"count":1,"href":"https:\/\/adidascombat.md\/ro\/wp-json\/wp\/v2\/product\/31957\/revisions"}],"predecessor-version":[{"id":31965,"href":"https:\/\/adidascombat.md\/ro\/wp-json\/wp\/v2\/product\/31957\/revisions\/31965"}],"wp:featuredmedia":[{"embeddable":true,"href":"https:\/\/adidascombat.md\/ro\/wp-json\/wp\/v2\/media\/31955"}],"wp:attachment":[{"href":"https:\/\/adidascombat.md\/ro\/wp-json\/wp\/v2\/media?parent=31957"}],"wp:term":[{"taxonomy":"product_brand","embeddable":true,"href":"https:\/\/adidascombat.md\/ro\/wp-json\/wp\/v2\/product_brand?post=31957"},{"taxonomy":"product_cat","embeddable":true,"href":"https:\/\/adidascombat.md\/ro\/wp-json\/wp\/v2\/product_cat?post=31957"},{"taxonomy":"product_tag","embeddable":true,"href":"https:\/\/adidascombat.md\/ro\/wp-json\/wp\/v2\/product_tag?post=31957"}],"curies":[{"name":"wp","href":"https:\/\/api.w.org\/{rel}","templated":true}]}}