{"id":31976,"date":"2025-06-19T10:05:37","date_gmt":"2025-06-19T10:05:37","guid":{"rendered":"https:\/\/adidascombat.md\/product\/adidas-super-safety-kicks-%d1%87%d0%b5%d1%80%d0%bd%d1%8b%d0%b9-adisbp04\/"},"modified":"2025-06-19T10:07:25","modified_gmt":"2025-06-19T10:07:25","slug":"adidas-super-safety-kicks-%d1%87%d0%b5%d1%80%d0%bd%d1%8b%d0%b9-adisbp04","status":"publish","type":"product","link":"https:\/\/adidascombat.md\/ro\/Produs\/adidas-super-safety-kicks-%d1%87%d0%b5%d1%80%d0%bd%d1%8b%d0%b9-adisbp04\/","title":{"rendered":"adidas Super Safety Kicks negre, ADISBP04"},"content":{"rendered":"<p>Pantofii adidas Super Safety Kicks sunt fabrica\u021bi din material poliuretanic extrem de rezistent \u0219i sunt ideali pentru kickboxing. Materialul interior este antiderapant, iar buclele pentru degete ofer\u0103 o aderen\u021b\u0103 perfect\u0103. \u00cenchiderea elastic\u0103 cu velcro ofer\u0103 suport suplimentar.<\/p>\n<ul>\n<li>\u00a0Material exterior: piele sintetic\u0103<\/li>\n<li>Material interior: spum\u0103 poliuretanic\u0103<\/li>\n<li>\u00cenchidere elastic\u0103 cu velcro<\/li>\n<li>Tehnologie i-Comfort+<\/li>\n<\/ul>\n","protected":false},"excerpt":{"rendered":"<p>Pantofii adidas Super Safety Kicks sunt fabrica\u021bi din material poliuretanic extrem de rezistent \u0219i sunt ideali pentru kickboxing. Materialul interior<\/p>\n","protected":false},"featured_media":31974,"comment_status":"open","ping_status":"closed","template":"","meta":[],"product_brand":[],"product_cat":[757,769],"product_tag":[],"class_list":{"0":"post-31976","1":"product","2":"type-product","3":"status-publish","4":"has-post-thumbnail","6":"product_cat-adidas-kickbox-ro","7":"product_cat-protectie-ro-5","9":"first","10":"instock","11":"shipping-taxable","12":"purchasable","13":"product-type-variable"},"_links":{"self":[{"href":"https:\/\/adidascombat.md\/ro\/wp-json\/wp\/v2\/product\/31976","targetHints":{"allow":["GET"]}}],"collection":[{"href":"https:\/\/adidascombat.md\/ro\/wp-json\/wp\/v2\/product"}],"about":[{"href":"https:\/\/adidascombat.md\/ro\/wp-json\/wp\/v2\/types\/product"}],"replies":[{"embeddable":true,"href":"https:\/\/adidascombat.md\/ro\/wp-json\/wp\/v2\/comments?post=31976"}],"version-history":[{"count":1,"href":"https:\/\/adidascombat.md\/ro\/wp-json\/wp\/v2\/product\/31976\/revisions"}],"predecessor-version":[{"id":31983,"href":"https:\/\/adidascombat.md\/ro\/wp-json\/wp\/v2\/product\/31976\/revisions\/31983"}],"wp:featuredmedia":[{"embeddable":true,"href":"https:\/\/adidascombat.md\/ro\/wp-json\/wp\/v2\/media\/31974"}],"wp:attachment":[{"href":"https:\/\/adidascombat.md\/ro\/wp-json\/wp\/v2\/media?parent=31976"}],"wp:term":[{"taxonomy":"product_brand","embeddable":true,"href":"https:\/\/adidascombat.md\/ro\/wp-json\/wp\/v2\/product_brand?post=31976"},{"taxonomy":"product_cat","embeddable":true,"href":"https:\/\/adidascombat.md\/ro\/wp-json\/wp\/v2\/product_cat?post=31976"},{"taxonomy":"product_tag","embeddable":true,"href":"https:\/\/adidascombat.md\/ro\/wp-json\/wp\/v2\/product_tag?post=31976"}],"curies":[{"name":"wp","href":"https:\/\/api.w.org\/{rel}","templated":true}]}}