{"id":32035,"date":"2025-06-19T10:52:09","date_gmt":"2025-06-19T10:52:09","guid":{"rendered":"https:\/\/adidascombat.md\/product\/%d0%bf%d1%80%d0%be%d1%82%d0%b5%d0%ba%d1%82%d0%be%d1%80-%d0%b3%d0%be%d0%bb%d0%b5%d0%bd%d0%b8-%d0%bf%d0%be%d0%b4%d1%8a%d0%b5%d0%bc%d0%b0-v-%d0%be%d0%b1%d1%80%d0%b0%d0%b7%d0%bd%d0%be%d0%b9-%d1%84%d0%be\/"},"modified":"2025-06-19T10:54:00","modified_gmt":"2025-06-19T10:54:00","slug":"%d0%bf%d1%80%d0%be%d1%82%d0%b5%d0%ba%d1%82%d0%be%d1%80-%d0%b3%d0%be%d0%bb%d0%b5%d0%bd%d0%b8-%d0%bf%d0%be%d0%b4%d1%8a%d0%b5%d0%bc%d0%b0-v-%d0%be%d0%b1%d1%80%d0%b0%d0%b7%d0%bd%d0%be%d0%b9-%d1%84%d0%be","status":"publish","type":"product","link":"https:\/\/adidascombat.md\/ro\/Produs\/%d0%bf%d1%80%d0%be%d1%82%d0%b5%d0%ba%d1%82%d0%be%d1%80-%d0%b3%d0%be%d0%bb%d0%b5%d0%bd%d0%b8-%d0%bf%d0%be%d0%b4%d1%8a%d0%b5%d0%bc%d0%b0-v-%d0%be%d0%b1%d1%80%d0%b0%d0%b7%d0%bd%d0%be%d0%b9-%d1%84%d0%be\/","title":{"rendered":"Protec\u021bie tibie\/coc de picior C19 \u00een form\u0103 de V"},"content":{"rendered":"<p>Ap\u0103r\u0103tori de tibie MMA\/All-Combat cu design func\u021bional. Protec\u021biile au zone moi \u0219i sunt \u00eent\u0103rite suplimentar \u00een puncte importante.<\/p>\n<p>Pur \u0219i simplu te arunci \u00een ele \u0219i sim\u021bi imediat un sentiment de siguran\u021b\u0103. Zonele de protec\u021bie \u00een form\u0103 de V sunt cele care au dat numele goeletei.<\/p>\n<p>Potrivite pentru multe stiluri unde ai nevoie de protectori ro\u0219ii \u0219i alba\u0219tri pentru competi\u021bii, dar, bine\u00een\u021beles, protec\u021biile \u00een form\u0103 de V de la Ju-Sports sunt excelente \u0219i pentru antrenament!<\/p>\n<p><strong>M\u0103rimi: S\/M \u0219i L\/XL<\/strong><\/p>\n<p><strong>Culoare: Albastru, Ro\u0219u \u0219i Negru<\/strong><\/p>\n<p>Caracteristici:<br \/>\n&#8211;\u00a0 Ap\u0103r\u0103toare de tibie din material textil (100% bumbac)<br \/>\n&#8211;\u00a0 potrivite pentru toate artele mar\u021biale<br \/>\n&#8211;\u00a0 Disponibile \u0219i \u00een alb sau albastru<br \/>\n&#8211;\u00a0 Material bandaj<br \/>\n&#8211;\u00a0 lavabile<\/p>\n","protected":false},"excerpt":{"rendered":"<p>Ap\u0103r\u0103tori de tibie MMA\/All-Combat cu design func\u021bional. Protec\u021biile au zone moi \u0219i sunt \u00eent\u0103rite suplimentar \u00een puncte importante. Pur \u0219i<\/p>\n","protected":false},"featured_media":32021,"comment_status":"open","ping_status":"closed","template":"","meta":[],"product_brand":[],"product_cat":[801,757,882,804,875,769],"product_tag":[],"class_list":{"0":"post-32035","1":"product","2":"type-product","3":"status-publish","4":"has-post-thumbnail","6":"product_cat-adidas-ju-jutsu","7":"product_cat-adidas-kickbox-ro","8":"product_cat-echipament-protectie-13","9":"product_cat-echipament-protectie-7","10":"product_cat-mmafreefight-thaiboxing","11":"product_cat-protectie-ro-5","13":"first","14":"instock","15":"shipping-taxable","16":"purchasable","17":"product-type-variable"},"_links":{"self":[{"href":"https:\/\/adidascombat.md\/ro\/wp-json\/wp\/v2\/product\/32035","targetHints":{"allow":["GET"]}}],"collection":[{"href":"https:\/\/adidascombat.md\/ro\/wp-json\/wp\/v2\/product"}],"about":[{"href":"https:\/\/adidascombat.md\/ro\/wp-json\/wp\/v2\/types\/product"}],"replies":[{"embeddable":true,"href":"https:\/\/adidascombat.md\/ro\/wp-json\/wp\/v2\/comments?post=32035"}],"version-history":[{"count":2,"href":"https:\/\/adidascombat.md\/ro\/wp-json\/wp\/v2\/product\/32035\/revisions"}],"predecessor-version":[{"id":32043,"href":"https:\/\/adidascombat.md\/ro\/wp-json\/wp\/v2\/product\/32035\/revisions\/32043"}],"wp:featuredmedia":[{"embeddable":true,"href":"https:\/\/adidascombat.md\/ro\/wp-json\/wp\/v2\/media\/32021"}],"wp:attachment":[{"href":"https:\/\/adidascombat.md\/ro\/wp-json\/wp\/v2\/media?parent=32035"}],"wp:term":[{"taxonomy":"product_brand","embeddable":true,"href":"https:\/\/adidascombat.md\/ro\/wp-json\/wp\/v2\/product_brand?post=32035"},{"taxonomy":"product_cat","embeddable":true,"href":"https:\/\/adidascombat.md\/ro\/wp-json\/wp\/v2\/product_cat?post=32035"},{"taxonomy":"product_tag","embeddable":true,"href":"https:\/\/adidascombat.md\/ro\/wp-json\/wp\/v2\/product_tag?post=32035"}],"curies":[{"name":"wp","href":"https:\/\/api.w.org\/{rel}","templated":true}]}}