{"id":32182,"date":"2025-06-25T15:39:48","date_gmt":"2025-06-25T15:39:48","guid":{"rendered":"https:\/\/adidascombat.md\/product\/adidas-%d1%89%d0%b8%d1%82%d0%ba%d0%b8-%d0%b4%d0%bb%d1%8f-%d0%b3%d0%be%d0%bb%d0%b5%d0%bd%d0%b8-%d1%81%d0%b8%d0%bd%d0%b8%d0%b9-wako-adiwakosg01\/"},"modified":"2025-06-25T15:41:30","modified_gmt":"2025-06-25T15:41:30","slug":"adidas-%d1%89%d0%b8%d1%82%d0%ba%d0%b8-%d0%b4%d0%bb%d1%8f-%d0%b3%d0%be%d0%bb%d0%b5%d0%bd%d0%b8-%d1%81%d0%b8%d0%bd%d0%b8%d0%b9-wako-adiwakosg01","status":"publish","type":"product","link":"https:\/\/adidascombat.md\/ro\/Produs\/adidas-%d1%89%d0%b8%d1%82%d0%ba%d0%b8-%d0%b4%d0%bb%d1%8f-%d0%b3%d0%be%d0%bb%d0%b5%d0%bd%d0%b8-%d1%81%d0%b8%d0%bd%d0%b8%d0%b9-wako-adiwakosg01\/","title":{"rendered":"Ap\u0103r\u0103tori de tibie adidas albastre WAKO ADIWAKOSG01"},"content":{"rendered":"<p>Durabile \u0219i adaptabile &#8211; asta diferen\u021biaz\u0103 ap\u0103r\u0103torile de tibie adidas WAKO PU!<\/p>\n<p>Ap\u0103r\u0103torile de tibie WAKO PU sunt fabricate din piele sintetic\u0103 durabil\u0103 \u0219i au trei elemente de fixare flexibile cu velcro.<\/p>\n<p>&nbsp;<\/p>\n","protected":false},"excerpt":{"rendered":"<p>Durabile \u0219i adaptabile &#8211; asta diferen\u021biaz\u0103 ap\u0103r\u0103torile de tibie adidas WAKO PU! Ap\u0103r\u0103torile de tibie WAKO PU sunt fabricate din<\/p>\n","protected":false},"featured_media":32180,"comment_status":"open","ping_status":"closed","template":"","meta":[],"product_brand":[],"product_cat":[757,769],"product_tag":[],"class_list":{"0":"post-32182","1":"product","2":"type-product","3":"status-publish","4":"has-post-thumbnail","6":"product_cat-adidas-kickbox-ro","7":"product_cat-protectie-ro-5","9":"first","10":"instock","11":"shipping-taxable","12":"purchasable","13":"product-type-variable"},"_links":{"self":[{"href":"https:\/\/adidascombat.md\/ro\/wp-json\/wp\/v2\/product\/32182","targetHints":{"allow":["GET"]}}],"collection":[{"href":"https:\/\/adidascombat.md\/ro\/wp-json\/wp\/v2\/product"}],"about":[{"href":"https:\/\/adidascombat.md\/ro\/wp-json\/wp\/v2\/types\/product"}],"replies":[{"embeddable":true,"href":"https:\/\/adidascombat.md\/ro\/wp-json\/wp\/v2\/comments?post=32182"}],"version-history":[{"count":1,"href":"https:\/\/adidascombat.md\/ro\/wp-json\/wp\/v2\/product\/32182\/revisions"}],"predecessor-version":[{"id":32188,"href":"https:\/\/adidascombat.md\/ro\/wp-json\/wp\/v2\/product\/32182\/revisions\/32188"}],"wp:featuredmedia":[{"embeddable":true,"href":"https:\/\/adidascombat.md\/ro\/wp-json\/wp\/v2\/media\/32180"}],"wp:attachment":[{"href":"https:\/\/adidascombat.md\/ro\/wp-json\/wp\/v2\/media?parent=32182"}],"wp:term":[{"taxonomy":"product_brand","embeddable":true,"href":"https:\/\/adidascombat.md\/ro\/wp-json\/wp\/v2\/product_brand?post=32182"},{"taxonomy":"product_cat","embeddable":true,"href":"https:\/\/adidascombat.md\/ro\/wp-json\/wp\/v2\/product_cat?post=32182"},{"taxonomy":"product_tag","embeddable":true,"href":"https:\/\/adidascombat.md\/ro\/wp-json\/wp\/v2\/product_tag?post=32182"}],"curies":[{"name":"wp","href":"https:\/\/api.w.org\/{rel}","templated":true}]}}