{"id":32868,"date":"2025-11-12T09:13:07","date_gmt":"2025-11-12T09:13:07","guid":{"rendered":"https:\/\/adidascombat.md\/product\/simulator-inteligent-de-reactie-rapida\/"},"modified":"2025-11-12T09:13:07","modified_gmt":"2025-11-12T09:13:07","slug":"simulator-inteligent-de-reactie-rapida","status":"publish","type":"product","link":"https:\/\/adidascombat.md\/ro\/Produs\/simulator-inteligent-de-reactie-rapida\/","title":{"rendered":"Simulator inteligent de reac\u021bie rapid\u0103"},"content":{"rendered":"<div class=\"accordion-item\">\n<div id=\"description-tab-pane\" class=\"tab-pane fade show active accordion-collapse collapse\" role=\"tabpanel\" aria-labelledby=\"description-tab\" data-bs-parent=\"#product-detail-accordion\">\n<div class=\"offcanvas-body\">\n<div class=\"product-detail-description tab-pane-container\">\n<div class=\"product-detail-description-text\">\n<p>Reglare infinit variabil\u0103 a \u00een\u0103l\u021bimii de la 140 la 190 cm.<\/p>\n<p>Smart Trainer este ideal pentru antrenamentul de reac\u021bie \u0219i precizie.<\/p>\n<p>Tehnicile de evadare \u0219i ap\u0103rare pot fi exersate bine aici.<\/p>\n<p>Lovirea p\u00e2rghiei rotative necesit\u0103 lovituri precise \u0219i exacte.<\/p>\n<p>Bra\u021bul se desf\u0103\u0219oar\u0103 rapid la impact &#8211; este necesar\u0103 o reac\u021bie bun\u0103 la blocaj sau la mi\u0219carea evaziv\u0103.<\/p>\n<p>V\u0103 recomand\u0103m s\u0103 umple\u021bi baza cu ap\u0103 sau nisip. \u00cen acest fel se ob\u021bine greutatea optim\u0103 pentru un suport stabil. <\/p>\n<p>Cu umplutur\u0103 aprox. 30-45 kg. <\/p>\n<\/div>\n<\/div>\n<\/div>\n<\/div>\n<\/div>\n<div class=\"accordion-item\">\n<div class=\"accordion-header product-detail-properties-tab-title\"><\/div>\n<\/div>\n","protected":false},"excerpt":{"rendered":"<p>Reglare infinit variabil\u0103 a \u00een\u0103l\u021bimii de la 140 la 190 cm. Smart Trainer este ideal pentru antrenamentul de reac\u021bie \u0219i<\/p>\n","protected":false},"featured_media":32512,"comment_status":"closed","ping_status":"closed","template":"","meta":[],"product_brand":[],"product_cat":[517,137,757,79,81,781,539],"product_tag":[],"class_list":{"0":"post-32868","1":"product","2":"type-product","3":"status-publish","4":"has-post-thumbnail","6":"product_cat-adidas-box-ro","7":"product_cat-adidas-karate-ro","8":"product_cat-adidas-kickbox-ro","9":"product_cat-adidas-taekwondo-ro","10":"product_cat-manechine-si-saci-de-box","11":"product_cat-saci-ro-5","12":"product_cat-saci-ro-4","14":"first","15":"instock","16":"shipping-taxable","17":"purchasable","18":"product-type-simple"},"_links":{"self":[{"href":"https:\/\/adidascombat.md\/ro\/wp-json\/wp\/v2\/product\/32868","targetHints":{"allow":["GET"]}}],"collection":[{"href":"https:\/\/adidascombat.md\/ro\/wp-json\/wp\/v2\/product"}],"about":[{"href":"https:\/\/adidascombat.md\/ro\/wp-json\/wp\/v2\/types\/product"}],"replies":[{"embeddable":true,"href":"https:\/\/adidascombat.md\/ro\/wp-json\/wp\/v2\/comments?post=32868"}],"version-history":[{"count":0,"href":"https:\/\/adidascombat.md\/ro\/wp-json\/wp\/v2\/product\/32868\/revisions"}],"wp:featuredmedia":[{"embeddable":true,"href":"https:\/\/adidascombat.md\/ro\/wp-json\/wp\/v2\/media\/32512"}],"wp:attachment":[{"href":"https:\/\/adidascombat.md\/ro\/wp-json\/wp\/v2\/media?parent=32868"}],"wp:term":[{"taxonomy":"product_brand","embeddable":true,"href":"https:\/\/adidascombat.md\/ro\/wp-json\/wp\/v2\/product_brand?post=32868"},{"taxonomy":"product_cat","embeddable":true,"href":"https:\/\/adidascombat.md\/ro\/wp-json\/wp\/v2\/product_cat?post=32868"},{"taxonomy":"product_tag","embeddable":true,"href":"https:\/\/adidascombat.md\/ro\/wp-json\/wp\/v2\/product_tag?post=32868"}],"curies":[{"name":"wp","href":"https:\/\/api.w.org\/{rel}","templated":true}]}}