{"id":32878,"date":"2025-11-27T14:45:45","date_gmt":"2025-11-27T14:45:45","guid":{"rendered":"https:\/\/adidascombat.md\/product\/protector-pentru-picioare-adidas-pro-kickboxing-negru-adikbb100\/"},"modified":"2025-11-27T14:45:45","modified_gmt":"2025-11-27T14:45:45","slug":"protector-pentru-picioare-adidas-pro-kickboxing-negru-adikbb100","status":"publish","type":"product","link":"https:\/\/adidascombat.md\/ro\/Produs\/protector-pentru-picioare-adidas-pro-kickboxing-negru-adikbb100\/","title":{"rendered":"Protector pentru picioare adidas Pro Kickboxing negru, adiKBB100"},"content":{"rendered":"<p>Ap\u0103r\u0103tori de picioare pentru kickboxing de la adidas cu un nou stil! Designul senza\u021bional \u00eent\u00e2lne\u0219te calitatea superioar\u0103! Cizmele sunt fabricate dintr-un material PU nou, transparent, care este foarte u\u0219or \u0219i moale. De asemenea, au interior din PU pentru sp\u0103larea \u0219i cur\u0103\u021barea rapid\u0103 a panourilor de protec\u021bie. <\/p>\n<p>\u00cen interior, o c\u0103ptu\u0219eal\u0103 preformat\u0103 din spum\u0103 PU v\u0103 acoper\u0103 piciorul \u0219i v\u0103 men\u021bine \u00een siguran\u021b\u0103. Fixarea Velcro \u00eempiedic\u0103 alunecarea dispozitivului de protec\u021bie pe picior.<\/p>\n","protected":false},"excerpt":{"rendered":"<p>Ap\u0103r\u0103tori de picioare pentru kickboxing de la adidas cu un nou stil! Designul senza\u021bional \u00eent\u00e2lne\u0219te calitatea superioar\u0103! Cizmele sunt fabricate<\/p>\n","protected":false},"featured_media":32312,"comment_status":"open","ping_status":"closed","template":"","meta":[],"product_brand":[],"product_cat":[757,769],"product_tag":[],"class_list":{"0":"post-32878","1":"product","2":"type-product","3":"status-publish","4":"has-post-thumbnail","6":"product_cat-adidas-kickbox-ro","7":"product_cat-protectie-ro-5","9":"first","10":"instock","11":"shipping-taxable","12":"purchasable","13":"product-type-variable"},"_links":{"self":[{"href":"https:\/\/adidascombat.md\/ro\/wp-json\/wp\/v2\/product\/32878","targetHints":{"allow":["GET"]}}],"collection":[{"href":"https:\/\/adidascombat.md\/ro\/wp-json\/wp\/v2\/product"}],"about":[{"href":"https:\/\/adidascombat.md\/ro\/wp-json\/wp\/v2\/types\/product"}],"replies":[{"embeddable":true,"href":"https:\/\/adidascombat.md\/ro\/wp-json\/wp\/v2\/comments?post=32878"}],"version-history":[{"count":0,"href":"https:\/\/adidascombat.md\/ro\/wp-json\/wp\/v2\/product\/32878\/revisions"}],"wp:featuredmedia":[{"embeddable":true,"href":"https:\/\/adidascombat.md\/ro\/wp-json\/wp\/v2\/media\/32312"}],"wp:attachment":[{"href":"https:\/\/adidascombat.md\/ro\/wp-json\/wp\/v2\/media?parent=32878"}],"wp:term":[{"taxonomy":"product_brand","embeddable":true,"href":"https:\/\/adidascombat.md\/ro\/wp-json\/wp\/v2\/product_brand?post=32878"},{"taxonomy":"product_cat","embeddable":true,"href":"https:\/\/adidascombat.md\/ro\/wp-json\/wp\/v2\/product_cat?post=32878"},{"taxonomy":"product_tag","embeddable":true,"href":"https:\/\/adidascombat.md\/ro\/wp-json\/wp\/v2\/product_tag?post=32878"}],"curies":[{"name":"wp","href":"https:\/\/api.w.org\/{rel}","templated":true}]}}