{"id":32950,"date":"2025-11-27T17:05:27","date_gmt":"2025-11-27T17:05:27","guid":{"rendered":"https:\/\/adidascombat.md\/product\/manusi-adidas-pro-point-fighter-negru-pe-negru-adikbppf200\/"},"modified":"2025-11-27T17:05:27","modified_gmt":"2025-11-27T17:05:27","slug":"manusi-adidas-pro-point-fighter-negru-pe-negru-adikbppf200","status":"publish","type":"product","link":"https:\/\/adidascombat.md\/ro\/Produs\/manusi-adidas-pro-point-fighter-negru-pe-negru-adikbppf200\/","title":{"rendered":"M\u0103nu\u0219i adidas Pro Point Fighter negru pe negru, adiKBPPF200"},"content":{"rendered":"<p>M\u0103nu\u0219i Point Fight de la adidas \u00eentr-un stil nou! Designul senza\u021bional de simplu \u00eent\u00e2lne\u0219te calitatea de top! Antebra\u021bele sunt realizate din material PU transparent, simplu, dar nobil, cu o suprafa\u021b\u0103 extrem de absorbant\u0103 a \u0219ocurilor. Palma este acoperit\u0103 cu material Quick Dry.   <\/p>\n<p>\u00cen interior, o c\u0103ptu\u0219eal\u0103 preformat\u0103 din spum\u0103 PU v\u0103 \u00eembr\u0103\u021bi\u0219eaz\u0103 m\u00e2na. Spuma cu memorie face din m\u0103nu\u0219\u0103 cea mai bun\u0103 m\u0103nu\u0219\u0103 pe care Adidas a f\u0103cut-o vreodat\u0103 \u00een domeniul luptei cu puncte. Fermoarul Velcro previne alunecarea benzii de rulare pe m\u00e2na ta!  <\/p>\n<p>M\u0103nu\u0219i aprobate de WAKO!<\/p>\n<p>\u00cen plus, m\u0103nu\u0219a este echipat\u0103 cu tehnologia adidas I Comfort plus!<\/p>\n","protected":false},"excerpt":{"rendered":"<p>M\u0103nu\u0219i Point Fight de la adidas \u00eentr-un stil nou! Designul senza\u021bional de simplu \u00eent\u00e2lne\u0219te calitatea de top! Antebra\u021bele sunt realizate<\/p>\n","protected":false},"featured_media":32939,"comment_status":"open","ping_status":"closed","template":"","meta":[],"product_brand":[],"product_cat":[757,765],"product_tag":[],"class_list":{"0":"post-32950","1":"product","2":"type-product","3":"status-publish","4":"has-post-thumbnail","6":"product_cat-adidas-kickbox-ro","7":"product_cat-manusi-ro-5","9":"first","10":"instock","11":"shipping-taxable","12":"purchasable","13":"product-type-variable"},"_links":{"self":[{"href":"https:\/\/adidascombat.md\/ro\/wp-json\/wp\/v2\/product\/32950","targetHints":{"allow":["GET"]}}],"collection":[{"href":"https:\/\/adidascombat.md\/ro\/wp-json\/wp\/v2\/product"}],"about":[{"href":"https:\/\/adidascombat.md\/ro\/wp-json\/wp\/v2\/types\/product"}],"replies":[{"embeddable":true,"href":"https:\/\/adidascombat.md\/ro\/wp-json\/wp\/v2\/comments?post=32950"}],"version-history":[{"count":0,"href":"https:\/\/adidascombat.md\/ro\/wp-json\/wp\/v2\/product\/32950\/revisions"}],"wp:featuredmedia":[{"embeddable":true,"href":"https:\/\/adidascombat.md\/ro\/wp-json\/wp\/v2\/media\/32939"}],"wp:attachment":[{"href":"https:\/\/adidascombat.md\/ro\/wp-json\/wp\/v2\/media?parent=32950"}],"wp:term":[{"taxonomy":"product_brand","embeddable":true,"href":"https:\/\/adidascombat.md\/ro\/wp-json\/wp\/v2\/product_brand?post=32950"},{"taxonomy":"product_cat","embeddable":true,"href":"https:\/\/adidascombat.md\/ro\/wp-json\/wp\/v2\/product_cat?post=32950"},{"taxonomy":"product_tag","embeddable":true,"href":"https:\/\/adidascombat.md\/ro\/wp-json\/wp\/v2\/product_tag?post=32950"}],"curies":[{"name":"wp","href":"https:\/\/api.w.org\/{rel}","templated":true}]}}