{"id":32965,"date":"2025-11-27T17:09:04","date_gmt":"2025-11-27T17:09:04","guid":{"rendered":"https:\/\/adidascombat.md\/product\/manusi-adidas-semi-contact-albastru-adiwakog3\/"},"modified":"2025-11-27T17:09:04","modified_gmt":"2025-11-27T17:09:04","slug":"manusi-adidas-semi-contact-albastru-adiwakog3","status":"publish","type":"product","link":"https:\/\/adidascombat.md\/ro\/Produs\/manusi-adidas-semi-contact-albastru-adiwakog3\/","title":{"rendered":"M\u0103nu\u0219i adidas Semi Contact &#8211; albastru, ADIWAKOG3"},"content":{"rendered":"<p>M\u0103nu\u0219i adidas Semi-contact<\/p>\n<p>M\u0103nu\u0219ile half-contact de la adidas sunt fabricate din piele sintetic\u0103 PU3G. Tehnologia i-Comfort+ \u00eembun\u0103t\u0103\u021be\u0219te materialele, asigur\u00e2nd confortul \u0219i siguran\u021ba \u00eembr\u0103c\u0103mintei. M\u0103nu\u0219ile semi-contact sunt special concepute pentru sporturile semi-contact.  <\/p>\n<p>&#8211; Fabricat din piele sintetic\u0103 PU3G<\/p>\n<p>&#8211; Tehnologia I-Comfort+<\/p>\n<p>&#8211; \u00cen special pentru semicontacte<\/p>\n","protected":false},"excerpt":{"rendered":"<p>M\u0103nu\u0219i adidas Semi-contact M\u0103nu\u0219ile half-contact de la adidas sunt fabricate din piele sintetic\u0103 PU3G. Tehnologia i-Comfort+ \u00eembun\u0103t\u0103\u021be\u0219te materialele, asigur\u00e2nd confortul<\/p>\n","protected":false},"featured_media":32962,"comment_status":"open","ping_status":"closed","template":"","meta":[],"product_brand":[],"product_cat":[757,765],"product_tag":[],"class_list":{"0":"post-32965","1":"product","2":"type-product","3":"status-publish","4":"has-post-thumbnail","6":"product_cat-adidas-kickbox-ro","7":"product_cat-manusi-ro-5","9":"first","10":"instock","11":"shipping-taxable","12":"purchasable","13":"product-type-variable"},"_links":{"self":[{"href":"https:\/\/adidascombat.md\/ro\/wp-json\/wp\/v2\/product\/32965","targetHints":{"allow":["GET"]}}],"collection":[{"href":"https:\/\/adidascombat.md\/ro\/wp-json\/wp\/v2\/product"}],"about":[{"href":"https:\/\/adidascombat.md\/ro\/wp-json\/wp\/v2\/types\/product"}],"replies":[{"embeddable":true,"href":"https:\/\/adidascombat.md\/ro\/wp-json\/wp\/v2\/comments?post=32965"}],"version-history":[{"count":0,"href":"https:\/\/adidascombat.md\/ro\/wp-json\/wp\/v2\/product\/32965\/revisions"}],"wp:featuredmedia":[{"embeddable":true,"href":"https:\/\/adidascombat.md\/ro\/wp-json\/wp\/v2\/media\/32962"}],"wp:attachment":[{"href":"https:\/\/adidascombat.md\/ro\/wp-json\/wp\/v2\/media?parent=32965"}],"wp:term":[{"taxonomy":"product_brand","embeddable":true,"href":"https:\/\/adidascombat.md\/ro\/wp-json\/wp\/v2\/product_brand?post=32965"},{"taxonomy":"product_cat","embeddable":true,"href":"https:\/\/adidascombat.md\/ro\/wp-json\/wp\/v2\/product_cat?post=32965"},{"taxonomy":"product_tag","embeddable":true,"href":"https:\/\/adidascombat.md\/ro\/wp-json\/wp\/v2\/product_tag?post=32965"}],"curies":[{"name":"wp","href":"https:\/\/api.w.org\/{rel}","templated":true}]}}