{"id":33005,"date":"2025-11-27T17:22:15","date_gmt":"2025-11-27T17:22:15","guid":{"rendered":"https:\/\/adidascombat.md\/product\/placute-pentru-calcaie-thai-pro\/"},"modified":"2025-11-27T17:22:15","modified_gmt":"2025-11-27T17:22:15","slug":"placute-pentru-calcaie-thai-pro","status":"publish","type":"product","link":"https:\/\/adidascombat.md\/ro\/Produs\/placute-pentru-calcaie-thai-pro\/","title":{"rendered":"Pl\u0103cu\u021be pentru c\u0103lc\u00e2ie Thai Pro"},"content":{"rendered":"<p>Protector de tibie din piele sintetic\u0103. Tampoanele sunt conectate \u00eentre ele pentru a asigura o potrivire optim\u0103. O &#8222;plac\u0103&#8221; absolut\u0103 proiectat\u0103 pentru contact total, muay thai \u0219i MMA.<\/p>\n<p>Forma pre-curbat\u0103 asigur\u0103 o potrivire perfect\u0103.<\/p>\n<p>Dou\u0103 \u00eenchiz\u0103tori Velcro fixeaz\u0103 suplimentar tamponul la tibie.<\/p>\n<p>Dac\u0103 sunte\u021bi \u00een c\u0103utarea unei protec\u021bii optime cu un design discret \u0219i elegant, Thai Pro este alegerea potrivit\u0103.<\/p>\n","protected":false},"excerpt":{"rendered":"<p>Protector de tibie din piele sintetic\u0103. Tampoanele sunt conectate \u00eentre ele pentru a asigura o potrivire optim\u0103. O &#8222;plac\u0103&#8221; absolut\u0103<\/p>\n","protected":false},"featured_media":33003,"comment_status":"open","ping_status":"closed","template":"","meta":[],"product_brand":[],"product_cat":[757,769],"product_tag":[],"class_list":{"0":"post-33005","1":"product","2":"type-product","3":"status-publish","4":"has-post-thumbnail","6":"product_cat-adidas-kickbox-ro","7":"product_cat-protectie-ro-5","9":"first","10":"instock","11":"shipping-taxable","12":"purchasable","13":"product-type-variable"},"_links":{"self":[{"href":"https:\/\/adidascombat.md\/ro\/wp-json\/wp\/v2\/product\/33005","targetHints":{"allow":["GET"]}}],"collection":[{"href":"https:\/\/adidascombat.md\/ro\/wp-json\/wp\/v2\/product"}],"about":[{"href":"https:\/\/adidascombat.md\/ro\/wp-json\/wp\/v2\/types\/product"}],"replies":[{"embeddable":true,"href":"https:\/\/adidascombat.md\/ro\/wp-json\/wp\/v2\/comments?post=33005"}],"version-history":[{"count":0,"href":"https:\/\/adidascombat.md\/ro\/wp-json\/wp\/v2\/product\/33005\/revisions"}],"wp:featuredmedia":[{"embeddable":true,"href":"https:\/\/adidascombat.md\/ro\/wp-json\/wp\/v2\/media\/33003"}],"wp:attachment":[{"href":"https:\/\/adidascombat.md\/ro\/wp-json\/wp\/v2\/media?parent=33005"}],"wp:term":[{"taxonomy":"product_brand","embeddable":true,"href":"https:\/\/adidascombat.md\/ro\/wp-json\/wp\/v2\/product_brand?post=33005"},{"taxonomy":"product_cat","embeddable":true,"href":"https:\/\/adidascombat.md\/ro\/wp-json\/wp\/v2\/product_cat?post=33005"},{"taxonomy":"product_tag","embeddable":true,"href":"https:\/\/adidascombat.md\/ro\/wp-json\/wp\/v2\/product_tag?post=33005"}],"curies":[{"name":"wp","href":"https:\/\/api.w.org\/{rel}","templated":true}]}}