{"id":33030,"date":"2025-11-27T17:29:27","date_gmt":"2025-11-27T17:29:27","guid":{"rendered":"https:\/\/adidascombat.md\/product\/protector-pentru-picioare-adidas-pro-kickboxing-negru-si-auriu-adikbb300hd\/"},"modified":"2025-11-27T17:29:27","modified_gmt":"2025-11-27T17:29:27","slug":"protector-pentru-picioare-adidas-pro-kickboxing-negru-si-auriu-adikbb300hd","status":"publish","type":"product","link":"https:\/\/adidascombat.md\/ro\/Produs\/protector-pentru-picioare-adidas-pro-kickboxing-negru-si-auriu-adikbb300hd\/","title":{"rendered":"Protector pentru picioare adidas Pro Kickboxing negru \u0219i auriu, adiKBB300HD"},"content":{"rendered":"<p>Ap\u0103r\u0103tori de picioare pentru kickboxing de la adidas cu un nou stil! Designul senza\u021bional \u00eent\u00e2lne\u0219te calitatea superioar\u0103! Ghetele sunt fabricate din material sintetic cu textur\u0103 Kevlar &#8222;FLX 3.0&#8221;, care este mai u\u0219or \u0219i mai moale dec\u00e2t orice a produs adidas p\u00e2n\u0103 acum. \u00cen interior, sunt c\u0103ptu\u0219ite cu Quick Dry pentru ventila\u021bie perfect\u0103 \u0219i confort maxim.<\/p>\n<p>\u00cen interior, o c\u0103ptu\u0219eal\u0103 preformat\u0103 din spum\u0103 PU v\u0103 acoper\u0103 piciorul \u0219i v\u0103 men\u021bine \u00een siguran\u021b\u0103. Fixarea Velcro \u00eempiedic\u0103 alunecarea dispozitivului de protec\u021bie pe picior.<br \/>\nProtectorii sunt prev\u0103zu\u021bi cu dou\u0103 \u00eenchiz\u0103tori: unul rigid \u0219i unul elastic!<\/p>\n<ul>\n<li>Material exterior: piele sintetic\u0103<\/li>\n<li>Material interior: spum\u0103 PU<\/li>\n<li>Fermoar elastic Velcro<\/li>\n<li>Tehnologia I-Comfort+<\/li>\n<\/ul>\n","protected":false},"excerpt":{"rendered":"<p>Ap\u0103r\u0103tori de picioare pentru kickboxing de la adidas cu un nou stil! Designul senza\u021bional \u00eent\u00e2lne\u0219te calitatea superioar\u0103! Ghetele sunt fabricate<\/p>\n","protected":false},"featured_media":33016,"comment_status":"open","ping_status":"closed","template":"","meta":[],"product_brand":[],"product_cat":[757,769],"product_tag":[],"class_list":{"0":"post-33030","1":"product","2":"type-product","3":"status-publish","4":"has-post-thumbnail","6":"product_cat-adidas-kickbox-ro","7":"product_cat-protectie-ro-5","9":"first","10":"instock","11":"shipping-taxable","12":"purchasable","13":"product-type-variable"},"_links":{"self":[{"href":"https:\/\/adidascombat.md\/ro\/wp-json\/wp\/v2\/product\/33030","targetHints":{"allow":["GET"]}}],"collection":[{"href":"https:\/\/adidascombat.md\/ro\/wp-json\/wp\/v2\/product"}],"about":[{"href":"https:\/\/adidascombat.md\/ro\/wp-json\/wp\/v2\/types\/product"}],"replies":[{"embeddable":true,"href":"https:\/\/adidascombat.md\/ro\/wp-json\/wp\/v2\/comments?post=33030"}],"version-history":[{"count":0,"href":"https:\/\/adidascombat.md\/ro\/wp-json\/wp\/v2\/product\/33030\/revisions"}],"wp:featuredmedia":[{"embeddable":true,"href":"https:\/\/adidascombat.md\/ro\/wp-json\/wp\/v2\/media\/33016"}],"wp:attachment":[{"href":"https:\/\/adidascombat.md\/ro\/wp-json\/wp\/v2\/media?parent=33030"}],"wp:term":[{"taxonomy":"product_brand","embeddable":true,"href":"https:\/\/adidascombat.md\/ro\/wp-json\/wp\/v2\/product_brand?post=33030"},{"taxonomy":"product_cat","embeddable":true,"href":"https:\/\/adidascombat.md\/ro\/wp-json\/wp\/v2\/product_cat?post=33030"},{"taxonomy":"product_tag","embeddable":true,"href":"https:\/\/adidascombat.md\/ro\/wp-json\/wp\/v2\/product_tag?post=33030"}],"curies":[{"name":"wp","href":"https:\/\/api.w.org\/{rel}","templated":true}]}}