{"id":33055,"date":"2025-11-27T17:33:36","date_gmt":"2025-11-27T17:33:36","guid":{"rendered":"https:\/\/adidascombat.md\/product\/assassin-paznic-instop\/"},"modified":"2025-11-27T17:33:36","modified_gmt":"2025-11-27T17:33:36","slug":"assassin-paznic-instop","status":"publish","type":"product","link":"https:\/\/adidascombat.md\/ro\/Produs\/assassin-paznic-instop\/","title":{"rendered":"Assassin Paznic Instop"},"content":{"rendered":"<p>Ap\u0103r\u0103tori de tibie profesionale realizate din puan de carbon extrem de durabil. Dou\u0103 bucle cu c\u00e2rlig \u0219i bucl\u0103 asigur\u0103 fixarea sigur\u0103 a tibiei. Scutul de ridicare a piciorului este fixat sub picior \u0219i pe c\u0103lc\u00e2i cu benzi elastice rezistente. \u021ainuta anatomic\u0103 cu c\u0103ptu\u0219eal\u0103 stabil\u0103 asigur\u0103 un confort pl\u0103cut la purtare cu protec\u021bie maxim\u0103. Banda de rulare este dublu acoperit\u0103 \u00een punctele critice. Antrenamentul dur \u0219i sparring-ul nu sunt o problem\u0103!<\/p>\n<h3>Caracteristici:<\/h3>\n<ul>\n<li>Noul design din carbon cu o potrivire perfect\u0103<\/li>\n<li>Ideal\u0103 pentru antrenamente intense \u0219i sesiuni de sparring<\/li>\n<li>Fixare excelent\u0103 datorit\u0103 curelelor Velcro cu \u00eenchidere cu c\u00e2rlig \u0219i bucl\u0103<\/li>\n<li>Potrivit pentru toate artele mar\u021biale full contact<\/li>\n<\/ul>\n","protected":false},"excerpt":{"rendered":"<p>Ap\u0103r\u0103tori de tibie profesionale realizate din puan de carbon extrem de durabil. Dou\u0103 bucle cu c\u00e2rlig \u0219i bucl\u0103 asigur\u0103 fixarea<\/p>\n","protected":false},"featured_media":33041,"comment_status":"open","ping_status":"closed","template":"","meta":[],"product_brand":[],"product_cat":[757,769],"product_tag":[],"class_list":{"0":"post-33055","1":"product","2":"type-product","3":"status-publish","4":"has-post-thumbnail","6":"product_cat-adidas-kickbox-ro","7":"product_cat-protectie-ro-5","9":"first","10":"instock","11":"shipping-taxable","12":"purchasable","13":"product-type-variable"},"_links":{"self":[{"href":"https:\/\/adidascombat.md\/ro\/wp-json\/wp\/v2\/product\/33055","targetHints":{"allow":["GET"]}}],"collection":[{"href":"https:\/\/adidascombat.md\/ro\/wp-json\/wp\/v2\/product"}],"about":[{"href":"https:\/\/adidascombat.md\/ro\/wp-json\/wp\/v2\/types\/product"}],"replies":[{"embeddable":true,"href":"https:\/\/adidascombat.md\/ro\/wp-json\/wp\/v2\/comments?post=33055"}],"version-history":[{"count":0,"href":"https:\/\/adidascombat.md\/ro\/wp-json\/wp\/v2\/product\/33055\/revisions"}],"wp:featuredmedia":[{"embeddable":true,"href":"https:\/\/adidascombat.md\/ro\/wp-json\/wp\/v2\/media\/33041"}],"wp:attachment":[{"href":"https:\/\/adidascombat.md\/ro\/wp-json\/wp\/v2\/media?parent=33055"}],"wp:term":[{"taxonomy":"product_brand","embeddable":true,"href":"https:\/\/adidascombat.md\/ro\/wp-json\/wp\/v2\/product_brand?post=33055"},{"taxonomy":"product_cat","embeddable":true,"href":"https:\/\/adidascombat.md\/ro\/wp-json\/wp\/v2\/product_cat?post=33055"},{"taxonomy":"product_tag","embeddable":true,"href":"https:\/\/adidascombat.md\/ro\/wp-json\/wp\/v2\/product_tag?post=33055"}],"curies":[{"name":"wp","href":"https:\/\/api.w.org\/{rel}","templated":true}]}}