{"id":33240,"date":"2025-11-28T08:32:58","date_gmt":"2025-11-28T08:32:58","guid":{"rendered":"https:\/\/adidascombat.md\/product\/adidas-pro-kickboxing-%d1%89%d0%b8%d1%82-%d0%b4%d0%bb%d1%8f-%d0%b3%d0%be%d0%bb%d0%b5%d0%bd%d0%b8-%d1%81%d0%b8%d0%bd%d0%b8%d0%b9-%d1%81%d0%b5%d1%80%d0%b5%d0%b1%d1%80%d0%b8%d1%81%d1%82%d1%8b%d0%b9-adik\/"},"modified":"2025-11-28T08:32:58","modified_gmt":"2025-11-28T08:32:58","slug":"adidas-pro-kickboxing-%d1%89%d0%b8%d1%82-%d0%b4%d0%bb%d1%8f-%d0%b3%d0%be%d0%bb%d0%b5%d0%bd%d0%b8-%d1%81%d0%b8%d0%bd%d0%b8%d0%b9-%d1%81%d0%b5%d1%80%d0%b5%d0%b1%d1%80%d0%b8%d1%81%d1%82%d1%8b%d0%b9-adik","status":"publish","type":"product","link":"https:\/\/adidascombat.md\/ro\/Produs\/adidas-pro-kickboxing-%d1%89%d0%b8%d1%82-%d0%b4%d0%bb%d1%8f-%d0%b3%d0%be%d0%bb%d0%b5%d0%bd%d0%b8-%d1%81%d0%b8%d0%bd%d0%b8%d0%b9-%d1%81%d0%b5%d1%80%d0%b5%d0%b1%d1%80%d0%b8%d1%81%d1%82%d1%8b%d0%b9-adik\/","title":{"rendered":"adidas Pro Kickboxing \u0429\u0438\u0442 \u0434\u043b\u044f \u0433\u043e\u043b\u0435\u043d\u0438 \u0441\u0438\u043d\u0438\u0439\/\u0441\u0435\u0440\u0435\u0431\u0440\u0438\u0441\u0442\u044b\u0439, adiKBSI300"},"content":{"rendered":"<p>Tampoane de kickboxing de la adidas \u00eentr-un stil nou! Designul senza\u021bional \u00eent\u00e2lne\u0219te calitatea superioar\u0103! Pl\u0103cu\u021bele sunt fabricate din material sintetic PU cu o textur\u0103 Kevlar, care este mai u\u0219oar\u0103 \u0219i mai moale dec\u00e2t orice a produs adidas p\u00e2n\u0103 acum. \u00cen interior, sunt c\u0103ptu\u0219ite cu Quick Dry pentru ventila\u021bie perfect\u0103 \u0219i confort maxim.<\/p>\n<p>Perna din spum\u0103 preformat\u0103 din interior v\u0103 acoper\u0103 piciorul \u0219i tibiile, men\u021bin\u00e2ndu-v\u0103 \u00een siguran\u021b\u0103. Fermoarele Velcro previn alunecarea benzii de rulare pe picior.<br \/>\n\u00cen plus, protec\u021bia piciorului este echipat\u0103 cu tehnologia adidas I Comfort plus!<\/p>\n","protected":false},"excerpt":{"rendered":"<p>Tampoane de kickboxing de la adidas \u00eentr-un stil nou! Designul senza\u021bional \u00eent\u00e2lne\u0219te calitatea superioar\u0103! Pl\u0103cu\u021bele sunt fabricate din material sintetic<\/p>\n","protected":false},"featured_media":33222,"comment_status":"open","ping_status":"closed","template":"","meta":[],"product_brand":[],"product_cat":[757,769],"product_tag":[],"class_list":{"0":"post-33240","1":"product","2":"type-product","3":"status-publish","4":"has-post-thumbnail","6":"product_cat-adidas-kickbox-ro","7":"product_cat-protectie-ro-5","9":"first","10":"instock","11":"shipping-taxable","12":"purchasable","13":"product-type-variable"},"_links":{"self":[{"href":"https:\/\/adidascombat.md\/ro\/wp-json\/wp\/v2\/product\/33240","targetHints":{"allow":["GET"]}}],"collection":[{"href":"https:\/\/adidascombat.md\/ro\/wp-json\/wp\/v2\/product"}],"about":[{"href":"https:\/\/adidascombat.md\/ro\/wp-json\/wp\/v2\/types\/product"}],"replies":[{"embeddable":true,"href":"https:\/\/adidascombat.md\/ro\/wp-json\/wp\/v2\/comments?post=33240"}],"version-history":[{"count":0,"href":"https:\/\/adidascombat.md\/ro\/wp-json\/wp\/v2\/product\/33240\/revisions"}],"wp:featuredmedia":[{"embeddable":true,"href":"https:\/\/adidascombat.md\/ro\/wp-json\/wp\/v2\/media\/33222"}],"wp:attachment":[{"href":"https:\/\/adidascombat.md\/ro\/wp-json\/wp\/v2\/media?parent=33240"}],"wp:term":[{"taxonomy":"product_brand","embeddable":true,"href":"https:\/\/adidascombat.md\/ro\/wp-json\/wp\/v2\/product_brand?post=33240"},{"taxonomy":"product_cat","embeddable":true,"href":"https:\/\/adidascombat.md\/ro\/wp-json\/wp\/v2\/product_cat?post=33240"},{"taxonomy":"product_tag","embeddable":true,"href":"https:\/\/adidascombat.md\/ro\/wp-json\/wp\/v2\/product_tag?post=33240"}],"curies":[{"name":"wp","href":"https:\/\/api.w.org\/{rel}","templated":true}]}}