{"id":33457,"date":"2025-11-29T15:15:43","date_gmt":"2025-11-29T15:15:43","guid":{"rendered":"https:\/\/adidascombat.md\/product\/adidas-adistar-pro-groin-guard-%d0%b1%d0%b5%d0%bb%d1%8b%d0%b9-%d1%87%d1%91%d1%80%d0%bd%d1%8b%d0%b9-adipgg01m\/"},"modified":"2025-11-29T15:17:04","modified_gmt":"2025-11-29T15:17:04","slug":"adidas-adistar-pro-groin-guard-%d0%b1%d0%b5%d0%bb%d1%8b%d0%b9-%d1%87%d1%91%d1%80%d0%bd%d1%8b%d0%b9-adipgg01m","status":"publish","type":"product","link":"https:\/\/adidascombat.md\/ro\/Produs\/adidas-adistar-pro-groin-guard-%d0%b1%d0%b5%d0%bb%d1%8b%d0%b9-%d1%87%d1%91%d1%80%d0%bd%d1%8b%d0%b9-adipgg01m\/","title":{"rendered":"Protec\u021bie inghinal\u0103 adidas adistar Pro alb\/negru, ADIPGG01M"},"content":{"rendered":"<p>Protec\u021bia inghinal\u0103 adidas adiSTAR Pro este o protec\u021bie profesional\u0103 pentru inghinale, fabricat\u0103 din microfibr\u0103 de \u00eenalt\u0103 calitate. Protec\u021bia are o \u00eenchidere cu \u0219ireturi pentru o potrivire optim\u0103. Dispune de o c\u0103ptu\u0219eal\u0103 extra-groas\u0103, special conceput\u0103 pentru a absorbi impacturile puternice \u00een sectorul profesional.<\/p>\n<p>\u2014 Protec\u021bie inghinal\u0103 profesional\u0103<\/p>\n<p>\u2014 \u00cenchidere cu \u0219ireturi la spate<\/p>\n<p>\u2014 Exterior din microfibr\u0103 premium<\/p>\n<p>\u2014 C\u0103ptu\u0219eal\u0103 extra-groas\u0103<\/p>\n","protected":false},"excerpt":{"rendered":"<p>Protec\u021bia inghinal\u0103 adidas adiSTAR Pro este o protec\u021bie profesional\u0103 pentru inghinale, fabricat\u0103 din microfibr\u0103 de \u00eenalt\u0103 calitate. Protec\u021bia are o<\/p>\n","protected":false},"featured_media":33446,"comment_status":"open","ping_status":"closed","template":"","meta":[],"product_brand":[],"product_cat":[757,769],"product_tag":[],"class_list":{"0":"post-33457","1":"product","2":"type-product","3":"status-publish","4":"has-post-thumbnail","6":"product_cat-adidas-kickbox-ro","7":"product_cat-protectie-ro-5","9":"first","10":"instock","11":"shipping-taxable","12":"purchasable","13":"product-type-variable"},"_links":{"self":[{"href":"https:\/\/adidascombat.md\/ro\/wp-json\/wp\/v2\/product\/33457","targetHints":{"allow":["GET"]}}],"collection":[{"href":"https:\/\/adidascombat.md\/ro\/wp-json\/wp\/v2\/product"}],"about":[{"href":"https:\/\/adidascombat.md\/ro\/wp-json\/wp\/v2\/types\/product"}],"replies":[{"embeddable":true,"href":"https:\/\/adidascombat.md\/ro\/wp-json\/wp\/v2\/comments?post=33457"}],"version-history":[{"count":1,"href":"https:\/\/adidascombat.md\/ro\/wp-json\/wp\/v2\/product\/33457\/revisions"}],"predecessor-version":[{"id":33462,"href":"https:\/\/adidascombat.md\/ro\/wp-json\/wp\/v2\/product\/33457\/revisions\/33462"}],"wp:featuredmedia":[{"embeddable":true,"href":"https:\/\/adidascombat.md\/ro\/wp-json\/wp\/v2\/media\/33446"}],"wp:attachment":[{"href":"https:\/\/adidascombat.md\/ro\/wp-json\/wp\/v2\/media?parent=33457"}],"wp:term":[{"taxonomy":"product_brand","embeddable":true,"href":"https:\/\/adidascombat.md\/ro\/wp-json\/wp\/v2\/product_brand?post=33457"},{"taxonomy":"product_cat","embeddable":true,"href":"https:\/\/adidascombat.md\/ro\/wp-json\/wp\/v2\/product_cat?post=33457"},{"taxonomy":"product_tag","embeddable":true,"href":"https:\/\/adidascombat.md\/ro\/wp-json\/wp\/v2\/product_tag?post=33457"}],"curies":[{"name":"wp","href":"https:\/\/api.w.org\/{rel}","templated":true}]}}