{"id":33684,"date":"2025-12-03T10:53:26","date_gmt":"2025-12-03T10:53:26","guid":{"rendered":"https:\/\/adidascombat.md\/product\/bjj-referee-atlet-no-gi-band-cuplu\/"},"modified":"2025-12-03T10:53:26","modified_gmt":"2025-12-03T10:53:26","slug":"bjj-referee-atlet-no-gi-band-cuplu","status":"publish","type":"product","link":"https:\/\/adidascombat.md\/ro\/Produs\/bjj-referee-atlet-no-gi-band-cuplu\/","title":{"rendered":"BJJ Referee + Atlet No-Gi Band &#8211; Cuplu"},"content":{"rendered":"<p>Curea de m\u00e2n\u0103 \/ glezn\u0103 din \u021bes\u0103tur\u0103 moale de terry; Dimensiune: 8cm l\u0103\u021bime; 80% bumbac \/ 20% elastan;<\/p>\n<p>O m\u0103rime, aici cump\u0103ra\u021bi 2 buc\u0103\u021bi<\/p>\n","protected":false},"excerpt":{"rendered":"<p>Curea de m\u00e2n\u0103 \/ glezn\u0103 din \u021bes\u0103tur\u0103 moale de terry; Dimensiune: 8cm l\u0103\u021bime; 80% bumbac \/ 20% elastan; O m\u0103rime,<\/p>\n","protected":false},"featured_media":33648,"comment_status":"open","ping_status":"closed","template":"","meta":[],"product_brand":[],"product_cat":[795,785],"product_tag":[],"class_list":{"0":"post-33684","1":"product","2":"type-product","3":"status-publish","4":"has-post-thumbnail","6":"product_cat-accesorii-ro-6","7":"product_cat-adidas-bjj-ro","9":"first","10":"instock","11":"shipping-taxable","12":"purchasable","13":"product-type-simple"},"_links":{"self":[{"href":"https:\/\/adidascombat.md\/ro\/wp-json\/wp\/v2\/product\/33684","targetHints":{"allow":["GET"]}}],"collection":[{"href":"https:\/\/adidascombat.md\/ro\/wp-json\/wp\/v2\/product"}],"about":[{"href":"https:\/\/adidascombat.md\/ro\/wp-json\/wp\/v2\/types\/product"}],"replies":[{"embeddable":true,"href":"https:\/\/adidascombat.md\/ro\/wp-json\/wp\/v2\/comments?post=33684"}],"version-history":[{"count":0,"href":"https:\/\/adidascombat.md\/ro\/wp-json\/wp\/v2\/product\/33684\/revisions"}],"wp:featuredmedia":[{"embeddable":true,"href":"https:\/\/adidascombat.md\/ro\/wp-json\/wp\/v2\/media\/33648"}],"wp:attachment":[{"href":"https:\/\/adidascombat.md\/ro\/wp-json\/wp\/v2\/media?parent=33684"}],"wp:term":[{"taxonomy":"product_brand","embeddable":true,"href":"https:\/\/adidascombat.md\/ro\/wp-json\/wp\/v2\/product_brand?post=33684"},{"taxonomy":"product_cat","embeddable":true,"href":"https:\/\/adidascombat.md\/ro\/wp-json\/wp\/v2\/product_cat?post=33684"},{"taxonomy":"product_tag","embeddable":true,"href":"https:\/\/adidascombat.md\/ro\/wp-json\/wp\/v2\/product_tag?post=33684"}],"curies":[{"name":"wp","href":"https:\/\/api.w.org\/{rel}","templated":true}]}}