{"id":33860,"date":"2025-12-04T08:15:03","date_gmt":"2025-12-04T08:15:03","guid":{"rendered":"https:\/\/adidascombat.md\/product\/%d0%b1%d0%be%d0%b5%d0%b2%d1%8b%d0%b5-%d1%88%d0%be%d1%80%d1%82%d1%8b-%d0%bc%d0%bd%d0%be%d0%b3%d0%be%d0%b1%d0%be%d1%80%d1%8c%d0%b5-%d0%b1%d1%83%d0%b4%d0%be\/"},"modified":"2025-12-04T18:08:22","modified_gmt":"2025-12-04T18:08:22","slug":"%d0%b1%d0%be%d0%b5%d0%b2%d1%8b%d0%b5-%d1%88%d0%be%d1%80%d1%82%d1%8b-%d0%bc%d0%bd%d0%be%d0%b3%d0%be%d0%b1%d0%be%d1%80%d1%8c%d0%b5-%d0%b1%d1%83%d0%b4%d0%be","status":"publish","type":"product","link":"https:\/\/adidascombat.md\/ro\/Produs\/%d0%b1%d0%be%d0%b5%d0%b2%d1%8b%d0%b5-%d1%88%d0%be%d1%80%d1%82%d1%8b-%d0%bc%d0%bd%d0%be%d0%b3%d0%be%d0%b1%d0%be%d1%80%d1%8c%d0%b5-%d0%b1%d1%83%d0%b4%d0%be\/","title":{"rendered":"Pantaloni scur\u021bi de lupt\u0103 Budo all-around"},"content":{"rendered":"<p>Aceste pantaloni scur\u021bi de arte mar\u021biale combin\u0103 stilul tradi\u021bional \u0219i confortul pantalonilor clasici de budo cu libertatea de mi\u0219care a pantalonilor scur\u021bi de antrenament. Fabrica\u021bi din bumbac 100% de \u00eenalt\u0103 calitate, ofer\u0103 o senza\u021bie confortabil\u0103 \u0219i o durabilitate excelent\u0103 &#8211; perfec\u021bi pentru antrenamente intense sau activit\u0103\u021bi de var\u0103 \u00een aer liber.<\/p>\n<p>Croiala este bazat\u0103 pe pantalonii de lupt\u0103 tradi\u021bionali, cum ar fi karate sau jiu-jitsu, dar \u00eentr-o form\u0103 mai scurt\u0103: o croial\u0103 larg\u0103 pentru libertate maxim\u0103 de mi\u0219care, cu o band\u0103 elastic\u0103 \u00een talie \u0219i \u0219nur de str\u00e2ngere pentru o potrivire sigur\u0103. Ideali pentru arte mar\u021biale precum karate, jiu-jitsu, ninjutsu, precum \u0219i pentru antrenament func\u021bional \u0219i\/sau cross-training.<\/p>\n<p>Detalii:<\/p>\n<ul>\n<li>\u00a0Material: 100% bumbac, durabil \u0219i prietenos cu pielea<\/li>\n<li>Deschidere larg\u0103 pentru libertate complet\u0103 de mi\u0219care<\/li>\n<li>Band\u0103 elastic\u0103 \u00een talie cu \u0219nur de str\u00e2ngere<\/li>\n<li>Versiune scurt\u0103 a pantalonilor tradi\u021bionali de budo<\/li>\n<li>U\u0219or de \u00eentre\u021binut \u0219i durabili<\/li>\n<\/ul>\n<p>Ideali pentru arti\u0219tii mar\u021biali tradi\u021bionali, antrenament \u00een aer liber sau pentru oricine dore\u0219te s\u0103 combine func\u021bionalitatea \u0219i tradi\u021bia. Disponibili \u0219i ca pantaloni casual<\/p>\n","protected":false},"excerpt":{"rendered":"<p>Aceste pantaloni scur\u021bi de arte mar\u021biale combin\u0103 stilul tradi\u021bional \u0219i confortul pantalonilor clasici de budo cu libertatea de mi\u0219care a<\/p>\n","protected":false},"featured_media":33726,"comment_status":"open","ping_status":"closed","template":"","meta":[],"product_brand":[],"product_cat":[836,875,843,878],"product_tag":[],"class_list":{"0":"post-33860","1":"product","2":"type-product","3":"status-publish","4":"has-post-thumbnail","6":"product_cat-kendo-ro","7":"product_cat-mmafreefight-thaiboxing","8":"product_cat-nin-jitsu-ro","9":"product_cat-sorti-13","11":"first","12":"instock","13":"shipping-taxable","14":"purchasable","15":"product-type-variable"},"_links":{"self":[{"href":"https:\/\/adidascombat.md\/ro\/wp-json\/wp\/v2\/product\/33860","targetHints":{"allow":["GET"]}}],"collection":[{"href":"https:\/\/adidascombat.md\/ro\/wp-json\/wp\/v2\/product"}],"about":[{"href":"https:\/\/adidascombat.md\/ro\/wp-json\/wp\/v2\/types\/product"}],"replies":[{"embeddable":true,"href":"https:\/\/adidascombat.md\/ro\/wp-json\/wp\/v2\/comments?post=33860"}],"version-history":[{"count":2,"href":"https:\/\/adidascombat.md\/ro\/wp-json\/wp\/v2\/product\/33860\/revisions"}],"predecessor-version":[{"id":33866,"href":"https:\/\/adidascombat.md\/ro\/wp-json\/wp\/v2\/product\/33860\/revisions\/33866"}],"wp:featuredmedia":[{"embeddable":true,"href":"https:\/\/adidascombat.md\/ro\/wp-json\/wp\/v2\/media\/33726"}],"wp:attachment":[{"href":"https:\/\/adidascombat.md\/ro\/wp-json\/wp\/v2\/media?parent=33860"}],"wp:term":[{"taxonomy":"product_brand","embeddable":true,"href":"https:\/\/adidascombat.md\/ro\/wp-json\/wp\/v2\/product_brand?post=33860"},{"taxonomy":"product_cat","embeddable":true,"href":"https:\/\/adidascombat.md\/ro\/wp-json\/wp\/v2\/product_cat?post=33860"},{"taxonomy":"product_tag","embeddable":true,"href":"https:\/\/adidascombat.md\/ro\/wp-json\/wp\/v2\/product_tag?post=33860"}],"curies":[{"name":"wp","href":"https:\/\/api.w.org\/{rel}","templated":true}]}}