{"id":33896,"date":"2025-12-06T19:04:48","date_gmt":"2025-12-06T19:04:48","guid":{"rendered":"https:\/\/adidascombat.md\/product\/%d1%81%d1%83%d0%bc%d0%ba%d0%b0-%d0%b4%d0%bb%d1%8f-%d0%ba%d0%be%d0%bc%d0%b0%d0%bd%d0%b4%d1%8b-%d0%bf%d0%be-%d0%ba%d0%b5%d0%bd%d0%b4%d0%be\/"},"modified":"2025-12-06T19:05:49","modified_gmt":"2025-12-06T19:05:49","slug":"%d1%81%d1%83%d0%bc%d0%ba%d0%b0-%d0%b4%d0%bb%d1%8f-%d0%ba%d0%be%d0%bc%d0%b0%d0%bd%d0%b4%d1%8b-%d0%bf%d0%be-%d0%ba%d0%b5%d0%bd%d0%b4%d0%be","status":"publish","type":"product","link":"https:\/\/adidascombat.md\/ro\/Produs\/%d1%81%d1%83%d0%bc%d0%ba%d0%b0-%d0%b4%d0%bb%d1%8f-%d0%ba%d0%be%d0%bc%d0%b0%d0%bd%d0%b4%d1%8b-%d0%bf%d0%be-%d0%ba%d0%b5%d0%bd%d0%b4%d0%be\/","title":{"rendered":"Geant\u0103 de echip\u0103 Kendo"},"content":{"rendered":"<p>Amestec de poliester\/nailon (600D\/420D), curea de transport c\u0103ptu\u0219it\u0103, dou\u0103 buzunare exterioare mari, fund \u00eent\u0103rit.<\/p>\n<p>Capacitate: <strong>55 litri<\/strong>. Dimensiuni: <strong>62 x 30 x 30 cm.<\/strong><\/p>\n<p>Cu un imprimeu kendo pe lateralul gen\u021bii. Tot ce ai nevoie pentru antrenament \u00eencape \u00een\u0103untru, cu suficient spa\u021biu pentru echipament de protec\u021bie, pe l\u00e2ng\u0103 \u00eembr\u0103c\u0103minte.<\/p>\n","protected":false},"excerpt":{"rendered":"<p>Amestec de poliester\/nailon (600D\/420D), curea de transport c\u0103ptu\u0219it\u0103, dou\u0103 buzunare exterioare mari, fund \u00eent\u0103rit. Capacitate: 55 litri. Dimensiuni: 62 x<\/p>\n","protected":false},"featured_media":33887,"comment_status":"open","ping_status":"closed","template":"","meta":[],"product_brand":[],"product_cat":[836],"product_tag":[],"class_list":{"0":"post-33896","1":"product","2":"type-product","3":"status-publish","4":"has-post-thumbnail","6":"product_cat-kendo-ro","8":"first","9":"instock","10":"shipping-taxable","11":"purchasable","12":"product-type-variable"},"_links":{"self":[{"href":"https:\/\/adidascombat.md\/ro\/wp-json\/wp\/v2\/product\/33896","targetHints":{"allow":["GET"]}}],"collection":[{"href":"https:\/\/adidascombat.md\/ro\/wp-json\/wp\/v2\/product"}],"about":[{"href":"https:\/\/adidascombat.md\/ro\/wp-json\/wp\/v2\/types\/product"}],"replies":[{"embeddable":true,"href":"https:\/\/adidascombat.md\/ro\/wp-json\/wp\/v2\/comments?post=33896"}],"version-history":[{"count":1,"href":"https:\/\/adidascombat.md\/ro\/wp-json\/wp\/v2\/product\/33896\/revisions"}],"predecessor-version":[{"id":33900,"href":"https:\/\/adidascombat.md\/ro\/wp-json\/wp\/v2\/product\/33896\/revisions\/33900"}],"wp:featuredmedia":[{"embeddable":true,"href":"https:\/\/adidascombat.md\/ro\/wp-json\/wp\/v2\/media\/33887"}],"wp:attachment":[{"href":"https:\/\/adidascombat.md\/ro\/wp-json\/wp\/v2\/media?parent=33896"}],"wp:term":[{"taxonomy":"product_brand","embeddable":true,"href":"https:\/\/adidascombat.md\/ro\/wp-json\/wp\/v2\/product_brand?post=33896"},{"taxonomy":"product_cat","embeddable":true,"href":"https:\/\/adidascombat.md\/ro\/wp-json\/wp\/v2\/product_cat?post=33896"},{"taxonomy":"product_tag","embeddable":true,"href":"https:\/\/adidascombat.md\/ro\/wp-json\/wp\/v2\/product_tag?post=33896"}],"curies":[{"name":"wp","href":"https:\/\/api.w.org\/{rel}","templated":true}]}}