{"id":33908,"date":"2025-12-06T19:10:09","date_gmt":"2025-12-06T19:10:09","guid":{"rendered":"https:\/\/adidascombat.md\/product\/trolley-kendo\/"},"modified":"2025-12-06T19:11:04","modified_gmt":"2025-12-06T19:11:04","slug":"trolley-kendo","status":"publish","type":"product","link":"https:\/\/adidascombat.md\/ro\/Produs\/trolley-kendo\/","title":{"rendered":"Trolley Kendo"},"content":{"rendered":"<p>Combina\u021bie 600D cu poliester \u0219i nailon 420D, o geant\u0103 practic\u0103 de comand\u0103 Parte interioar\u0103 mare, curea reglabil\u0103 \u043f\u043b\u0430\u0441\u0442\u0438\u043a\u043e\u0432\u044b\u0435 \u043d\u043e\u0436\u043a\u0438, Suport pentru broderie sau imprimare.<\/p>\n<p>Valoare: <strong>104 litri<\/strong>. Dimensiune: <strong>86 x 40 x 38 cm.<\/strong><\/p>\n<p>Imprimat elegant cu o emblem\u0103 sportiv\u0103 grozav\u0103.<\/p>\n","protected":false},"excerpt":{"rendered":"<p>Combina\u021bie 600D cu poliester \u0219i nailon 420D, o geant\u0103 practic\u0103 de comand\u0103 Parte interioar\u0103 mare, curea reglabil\u0103 \u043f\u043b\u0430\u0441\u0442\u0438\u043a\u043e\u0432\u044b\u0435 \u043d\u043e\u0436\u043a\u0438, Suport<\/p>\n","protected":false},"featured_media":33905,"comment_status":"open","ping_status":"closed","template":"","meta":[],"product_brand":[],"product_cat":[836],"product_tag":[],"class_list":{"0":"post-33908","1":"product","2":"type-product","3":"status-publish","4":"has-post-thumbnail","6":"product_cat-kendo-ro","8":"first","9":"instock","10":"shipping-taxable","11":"purchasable","12":"product-type-simple"},"_links":{"self":[{"href":"https:\/\/adidascombat.md\/ro\/wp-json\/wp\/v2\/product\/33908","targetHints":{"allow":["GET"]}}],"collection":[{"href":"https:\/\/adidascombat.md\/ro\/wp-json\/wp\/v2\/product"}],"about":[{"href":"https:\/\/adidascombat.md\/ro\/wp-json\/wp\/v2\/types\/product"}],"replies":[{"embeddable":true,"href":"https:\/\/adidascombat.md\/ro\/wp-json\/wp\/v2\/comments?post=33908"}],"version-history":[{"count":1,"href":"https:\/\/adidascombat.md\/ro\/wp-json\/wp\/v2\/product\/33908\/revisions"}],"predecessor-version":[{"id":33909,"href":"https:\/\/adidascombat.md\/ro\/wp-json\/wp\/v2\/product\/33908\/revisions\/33909"}],"wp:featuredmedia":[{"embeddable":true,"href":"https:\/\/adidascombat.md\/ro\/wp-json\/wp\/v2\/media\/33905"}],"wp:attachment":[{"href":"https:\/\/adidascombat.md\/ro\/wp-json\/wp\/v2\/media?parent=33908"}],"wp:term":[{"taxonomy":"product_brand","embeddable":true,"href":"https:\/\/adidascombat.md\/ro\/wp-json\/wp\/v2\/product_brand?post=33908"},{"taxonomy":"product_cat","embeddable":true,"href":"https:\/\/adidascombat.md\/ro\/wp-json\/wp\/v2\/product_cat?post=33908"},{"taxonomy":"product_tag","embeddable":true,"href":"https:\/\/adidascombat.md\/ro\/wp-json\/wp\/v2\/product_tag?post=33908"}],"curies":[{"name":"wp","href":"https:\/\/api.w.org\/{rel}","templated":true}]}}