{"id":33964,"date":"2025-12-06T19:38:06","date_gmt":"2025-12-06T19:38:06","guid":{"rendered":"https:\/\/adidascombat.md\/product\/%d0%b1%d0%be%d0%ba%d0%ba%d0%b5%d0%bd-%d1%8f%d0%bf%d0%be%d0%bd%d1%81%d0%ba%d0%be%d0%b3%d0%be-%d0%ba%d0%b0%d1%87%d0%b5%d1%81%d1%82%d0%b2%d0%b0-%d0%ba%d1%80%d0%b0%d1%81%d0%bd%d0%be%d0%b3%d0%be-%d1%86\/"},"modified":"2025-12-06T19:39:26","modified_gmt":"2025-12-06T19:39:26","slug":"%d0%b1%d0%be%d0%ba%d0%ba%d0%b5%d0%bd-%d1%8f%d0%bf%d0%be%d0%bd%d1%81%d0%ba%d0%be%d0%b3%d0%be-%d0%ba%d0%b0%d1%87%d0%b5%d1%81%d1%82%d0%b2%d0%b0-%d0%ba%d1%80%d0%b0%d1%81%d0%bd%d0%be%d0%b3%d0%be-%d1%86","status":"publish","type":"product","link":"https:\/\/adidascombat.md\/ro\/Produs\/%d0%b1%d0%be%d0%ba%d0%ba%d0%b5%d0%bd-%d1%8f%d0%bf%d0%be%d0%bd%d1%81%d0%ba%d0%be%d0%b3%d0%be-%d0%ba%d0%b0%d1%87%d0%b5%d1%81%d1%82%d0%b2%d0%b0-%d0%ba%d1%80%d0%b0%d1%81%d0%bd%d0%be%d0%b3%d0%be-%d1%86\/","title":{"rendered":"Bokken ro\u0219u de calitate japonez\u0103"},"content":{"rendered":"<p>Un bokken frumos lucrat, de calitate japonez\u0103 autentic\u0103, ideal pentru navigarea cu catamaranul \u0219i practicarea mi\u0219c\u0103rilor tradi\u021bionale.<\/p>\n<ul>\n<li>\u00a0Vine cu un suport pentru tsuba \u0219i o tsuba.<\/li>\n<li>Lungime: 101 cm<\/li>\n<li>Calitatea, m\u0103iestria \u0219i materialele sunt excep\u021bional de ridicate.<\/li>\n<li>Stabil \u0219i u\u0219or de manevrat.<\/li>\n<li>Material: Stejar asiatic.<\/li>\n<\/ul>\n","protected":false},"excerpt":{"rendered":"<p>Un bokken frumos lucrat, de calitate japonez\u0103 autentic\u0103, ideal pentru navigarea cu catamaranul \u0219i practicarea mi\u0219c\u0103rilor tradi\u021bionale. \u00a0Vine cu un<\/p>\n","protected":false},"featured_media":33961,"comment_status":"open","ping_status":"closed","template":"","meta":[],"product_brand":[],"product_cat":[836],"product_tag":[],"class_list":{"0":"post-33964","1":"product","2":"type-product","3":"status-publish","4":"has-post-thumbnail","6":"product_cat-kendo-ro","8":"first","9":"instock","10":"shipping-taxable","11":"purchasable","12":"product-type-simple"},"_links":{"self":[{"href":"https:\/\/adidascombat.md\/ro\/wp-json\/wp\/v2\/product\/33964","targetHints":{"allow":["GET"]}}],"collection":[{"href":"https:\/\/adidascombat.md\/ro\/wp-json\/wp\/v2\/product"}],"about":[{"href":"https:\/\/adidascombat.md\/ro\/wp-json\/wp\/v2\/types\/product"}],"replies":[{"embeddable":true,"href":"https:\/\/adidascombat.md\/ro\/wp-json\/wp\/v2\/comments?post=33964"}],"version-history":[{"count":1,"href":"https:\/\/adidascombat.md\/ro\/wp-json\/wp\/v2\/product\/33964\/revisions"}],"predecessor-version":[{"id":33965,"href":"https:\/\/adidascombat.md\/ro\/wp-json\/wp\/v2\/product\/33964\/revisions\/33965"}],"wp:featuredmedia":[{"embeddable":true,"href":"https:\/\/adidascombat.md\/ro\/wp-json\/wp\/v2\/media\/33961"}],"wp:attachment":[{"href":"https:\/\/adidascombat.md\/ro\/wp-json\/wp\/v2\/media?parent=33964"}],"wp:term":[{"taxonomy":"product_brand","embeddable":true,"href":"https:\/\/adidascombat.md\/ro\/wp-json\/wp\/v2\/product_brand?post=33964"},{"taxonomy":"product_cat","embeddable":true,"href":"https:\/\/adidascombat.md\/ro\/wp-json\/wp\/v2\/product_cat?post=33964"},{"taxonomy":"product_tag","embeddable":true,"href":"https:\/\/adidascombat.md\/ro\/wp-json\/wp\/v2\/product_tag?post=33964"}],"curies":[{"name":"wp","href":"https:\/\/api.w.org\/{rel}","templated":true}]}}