{"id":34037,"date":"2025-12-06T20:25:54","date_gmt":"2025-12-06T20:25:54","guid":{"rendered":"https:\/\/adidascombat.md\/product\/%d1%81%d1%83%d0%bc%d0%ba%d0%b0-%d1%82%d0%be%d0%bd%d1%84%d0%b0\/"},"modified":"2025-12-06T20:27:34","modified_gmt":"2025-12-06T20:27:34","slug":"%d1%81%d1%83%d0%bc%d0%ba%d0%b0-%d1%82%d0%be%d0%bd%d1%84%d0%b0","status":"publish","type":"product","link":"https:\/\/adidascombat.md\/ro\/Produs\/%d1%81%d1%83%d0%bc%d0%ba%d0%b0-%d1%82%d0%be%d0%bd%d1%84%d0%b0\/","title":{"rendered":"Geant\u0103 Tonfa"},"content":{"rendered":"<p>Geant\u0103 de um\u0103r pentru dou\u0103 tonfe, pentru transport convenabil la antrenament. Cu curea de um\u0103r reglabil\u0103.<\/p>\n","protected":false},"excerpt":{"rendered":"<p>Geant\u0103 de um\u0103r pentru dou\u0103 tonfe, pentru transport convenabil la antrenament. Cu curea de um\u0103r reglabil\u0103.<\/p>\n","protected":false},"featured_media":34034,"comment_status":"open","ping_status":"closed","template":"","meta":[],"product_brand":[],"product_cat":[840],"product_tag":[],"class_list":{"0":"post-34037","1":"product","2":"type-product","3":"status-publish","4":"has-post-thumbnail","6":"product_cat-kobudo-ro","8":"first","9":"instock","10":"shipping-taxable","11":"purchasable","12":"product-type-simple"},"_links":{"self":[{"href":"https:\/\/adidascombat.md\/ro\/wp-json\/wp\/v2\/product\/34037","targetHints":{"allow":["GET"]}}],"collection":[{"href":"https:\/\/adidascombat.md\/ro\/wp-json\/wp\/v2\/product"}],"about":[{"href":"https:\/\/adidascombat.md\/ro\/wp-json\/wp\/v2\/types\/product"}],"replies":[{"embeddable":true,"href":"https:\/\/adidascombat.md\/ro\/wp-json\/wp\/v2\/comments?post=34037"}],"version-history":[{"count":2,"href":"https:\/\/adidascombat.md\/ro\/wp-json\/wp\/v2\/product\/34037\/revisions"}],"predecessor-version":[{"id":34039,"href":"https:\/\/adidascombat.md\/ro\/wp-json\/wp\/v2\/product\/34037\/revisions\/34039"}],"wp:featuredmedia":[{"embeddable":true,"href":"https:\/\/adidascombat.md\/ro\/wp-json\/wp\/v2\/media\/34034"}],"wp:attachment":[{"href":"https:\/\/adidascombat.md\/ro\/wp-json\/wp\/v2\/media?parent=34037"}],"wp:term":[{"taxonomy":"product_brand","embeddable":true,"href":"https:\/\/adidascombat.md\/ro\/wp-json\/wp\/v2\/product_brand?post=34037"},{"taxonomy":"product_cat","embeddable":true,"href":"https:\/\/adidascombat.md\/ro\/wp-json\/wp\/v2\/product_cat?post=34037"},{"taxonomy":"product_tag","embeddable":true,"href":"https:\/\/adidascombat.md\/ro\/wp-json\/wp\/v2\/product_tag?post=34037"}],"curies":[{"name":"wp","href":"https:\/\/api.w.org\/{rel}","templated":true}]}}