{"id":34175,"date":"2025-12-08T13:13:52","date_gmt":"2025-12-08T13:13:52","guid":{"rendered":"https:\/\/adidascombat.md\/product\/%d1%81%d0%bf%d0%b0%d1%80%d1%82%d0%b0%d0%bd%d1%81%d0%ba%d0%b8%d0%b9-%d0%bc%d0%b5%d1%87-%d0%b8%d0%b7-%d0%bf%d0%bb%d0%b0%d1%81%d1%82%d0%b8%d0%ba%d0%b0-%d0%bf%d0%bf\/"},"modified":"2025-12-08T13:15:09","modified_gmt":"2025-12-08T13:15:09","slug":"%d1%81%d0%bf%d0%b0%d1%80%d1%82%d0%b0%d0%bd%d1%81%d0%ba%d0%b8%d0%b9-%d0%bc%d0%b5%d1%87-%d0%b8%d0%b7-%d0%bf%d0%bb%d0%b0%d1%81%d1%82%d0%b8%d0%ba%d0%b0-%d0%bf%d0%bf","status":"publish","type":"product","link":"https:\/\/adidascombat.md\/ro\/Produs\/%d1%81%d0%bf%d0%b0%d1%80%d1%82%d0%b0%d0%bd%d1%81%d0%ba%d0%b8%d0%b9-%d0%bc%d0%b5%d1%87-%d0%b8%d0%b7-%d0%bf%d0%bb%d0%b0%d1%81%d1%82%d0%b8%d0%ba%d0%b0-%d0%bf%d0%bf\/","title":{"rendered":"Sabie spartan\u0103 din plastic (PP)"},"content":{"rendered":"<p>Sabia spartan\u0103 este fabricat\u0103 din polipropilen\u0103 (PP) neagr\u0103, ceea ce o face frumoas\u0103 \u0219i durabil\u0103.<\/p>\n<p>Aspectul s\u0103u uimitor \u0219i greutatea impresionant\u0103 (<strong>530 g<\/strong>) o fac un accesoriu fantastic.<\/p>\n<p>Lungimea total\u0103 este de <strong>74 cm<\/strong>; plasticul este indestructibil, dar rezistent \u0219i durabil.<\/p>\n<p>M\u00e2nerul are aproximativ <strong>24 cm<\/strong> lungime.<\/p>\n<p>Finisajul rafinat al m\u00e2nerului \u0219i al lamei face din aceast\u0103 sabie o adev\u0103rat\u0103 oper\u0103 de art\u0103.<\/p>\n<p>M\u00e2nerul este suficient de lung pentru a fi folosit ca arm\u0103 cu dou\u0103 m\u00e2ini.<\/p>\n","protected":false},"excerpt":{"rendered":"<p>Sabia spartan\u0103 este fabricat\u0103 din polipropilen\u0103 (PP) neagr\u0103, ceea ce o face frumoas\u0103 \u0219i durabil\u0103. Aspectul s\u0103u uimitor \u0219i greutatea<\/p>\n","protected":false},"featured_media":34164,"comment_status":"open","ping_status":"closed","template":"","meta":[],"product_brand":[],"product_cat":[840],"product_tag":[],"class_list":{"0":"post-34175","1":"product","2":"type-product","3":"status-publish","4":"has-post-thumbnail","6":"product_cat-kobudo-ro","8":"first","9":"instock","10":"shipping-taxable","11":"purchasable","12":"product-type-simple"},"_links":{"self":[{"href":"https:\/\/adidascombat.md\/ro\/wp-json\/wp\/v2\/product\/34175","targetHints":{"allow":["GET"]}}],"collection":[{"href":"https:\/\/adidascombat.md\/ro\/wp-json\/wp\/v2\/product"}],"about":[{"href":"https:\/\/adidascombat.md\/ro\/wp-json\/wp\/v2\/types\/product"}],"replies":[{"embeddable":true,"href":"https:\/\/adidascombat.md\/ro\/wp-json\/wp\/v2\/comments?post=34175"}],"version-history":[{"count":1,"href":"https:\/\/adidascombat.md\/ro\/wp-json\/wp\/v2\/product\/34175\/revisions"}],"predecessor-version":[{"id":34176,"href":"https:\/\/adidascombat.md\/ro\/wp-json\/wp\/v2\/product\/34175\/revisions\/34176"}],"wp:featuredmedia":[{"embeddable":true,"href":"https:\/\/adidascombat.md\/ro\/wp-json\/wp\/v2\/media\/34164"}],"wp:attachment":[{"href":"https:\/\/adidascombat.md\/ro\/wp-json\/wp\/v2\/media?parent=34175"}],"wp:term":[{"taxonomy":"product_brand","embeddable":true,"href":"https:\/\/adidascombat.md\/ro\/wp-json\/wp\/v2\/product_brand?post=34175"},{"taxonomy":"product_cat","embeddable":true,"href":"https:\/\/adidascombat.md\/ro\/wp-json\/wp\/v2\/product_cat?post=34175"},{"taxonomy":"product_tag","embeddable":true,"href":"https:\/\/adidascombat.md\/ro\/wp-json\/wp\/v2\/product_tag?post=34175"}],"curies":[{"name":"wp","href":"https:\/\/api.w.org\/{rel}","templated":true}]}}