{"id":34188,"date":"2025-12-08T13:25:01","date_gmt":"2025-12-08T13:25:01","guid":{"rendered":"https:\/\/adidascombat.md\/product\/ju-sports-%d0%b1%d0%be%d0%ba%d0%ba%d1%8d%d0%bd\/"},"modified":"2025-12-08T13:26:01","modified_gmt":"2025-12-08T13:26:01","slug":"ju-sports-%d0%b1%d0%be%d0%ba%d0%ba%d1%8d%d0%bd","status":"publish","type":"product","link":"https:\/\/adidascombat.md\/ro\/Produs\/ju-sports-%d0%b1%d0%be%d0%ba%d0%ba%d1%8d%d0%bd\/","title":{"rendered":"Ju-Sports Bokken"},"content":{"rendered":"<p>Un bokken superb lucrat, cu un raport calitate-pre\u021b incredibil, ideal pentru kata \u0219i tehnici tradi\u021bionale.<\/p>\n<p>Vine cu o tsuba \u0219i un suport pentru tsuba.<br \/>\nLungime: <strong>101 cm<\/strong><br \/>\nMateriale \u0219i manoper\u0103 de \u00eenalt\u0103 calitate.<br \/>\nDurabil \u0219i confortabil de utilizat.<br \/>\nMaterial: Stejar asiatic.<\/p>\n","protected":false},"excerpt":{"rendered":"<p>Un bokken superb lucrat, cu un raport calitate-pre\u021b incredibil, ideal pentru kata \u0219i tehnici tradi\u021bionale. Vine cu o tsuba \u0219i<\/p>\n","protected":false},"featured_media":34185,"comment_status":"open","ping_status":"closed","template":"","meta":[],"product_brand":[],"product_cat":[818,822,840],"product_tag":[],"class_list":{"0":"post-34188","1":"product","2":"type-product","3":"status-publish","4":"has-post-thumbnail","6":"product_cat-adidas-aikido-ro","7":"product_cat-arme-8","8":"product_cat-kobudo-ro","10":"first","11":"instock","12":"shipping-taxable","13":"purchasable","14":"product-type-variable"},"_links":{"self":[{"href":"https:\/\/adidascombat.md\/ro\/wp-json\/wp\/v2\/product\/34188","targetHints":{"allow":["GET"]}}],"collection":[{"href":"https:\/\/adidascombat.md\/ro\/wp-json\/wp\/v2\/product"}],"about":[{"href":"https:\/\/adidascombat.md\/ro\/wp-json\/wp\/v2\/types\/product"}],"replies":[{"embeddable":true,"href":"https:\/\/adidascombat.md\/ro\/wp-json\/wp\/v2\/comments?post=34188"}],"version-history":[{"count":1,"href":"https:\/\/adidascombat.md\/ro\/wp-json\/wp\/v2\/product\/34188\/revisions"}],"predecessor-version":[{"id":34191,"href":"https:\/\/adidascombat.md\/ro\/wp-json\/wp\/v2\/product\/34188\/revisions\/34191"}],"wp:featuredmedia":[{"embeddable":true,"href":"https:\/\/adidascombat.md\/ro\/wp-json\/wp\/v2\/media\/34185"}],"wp:attachment":[{"href":"https:\/\/adidascombat.md\/ro\/wp-json\/wp\/v2\/media?parent=34188"}],"wp:term":[{"taxonomy":"product_brand","embeddable":true,"href":"https:\/\/adidascombat.md\/ro\/wp-json\/wp\/v2\/product_brand?post=34188"},{"taxonomy":"product_cat","embeddable":true,"href":"https:\/\/adidascombat.md\/ro\/wp-json\/wp\/v2\/product_cat?post=34188"},{"taxonomy":"product_tag","embeddable":true,"href":"https:\/\/adidascombat.md\/ro\/wp-json\/wp\/v2\/product_tag?post=34188"}],"curies":[{"name":"wp","href":"https:\/\/api.w.org\/{rel}","templated":true}]}}