{"id":34213,"date":"2025-12-08T13:59:12","date_gmt":"2025-12-08T13:59:12","guid":{"rendered":"https:\/\/adidascombat.md\/product\/%d0%b4%d0%b6%d0%be-%d0%b1%d0%b5%d0%bb%d1%8b%d0%b9-%d1%8f%d0%bf%d0%be%d0%bd%d1%81%d0%ba%d0%be%d0%b5-%d0%ba%d0%b0%d1%87%d0%b5%d1%81%d1%82%d0%b2%d0%be-127-%d1%81%d0%bc\/"},"modified":"2025-12-08T14:01:30","modified_gmt":"2025-12-08T14:01:30","slug":"%d0%b4%d0%b6%d0%be-%d0%b1%d0%b5%d0%bb%d1%8b%d0%b9-%d1%8f%d0%bf%d0%be%d0%bd%d1%81%d0%ba%d0%be%d0%b5-%d0%ba%d0%b0%d1%87%d0%b5%d1%81%d1%82%d0%b2%d0%be-127-%d1%81%d0%bc","status":"publish","type":"product","link":"https:\/\/adidascombat.md\/ro\/Produs\/%d0%b4%d0%b6%d0%be-%d0%b1%d0%b5%d0%bb%d1%8b%d0%b9-%d1%8f%d0%bf%d0%be%d0%bd%d1%81%d0%ba%d0%be%d0%b5-%d0%ba%d0%b0%d1%87%d0%b5%d1%81%d1%82%d0%b2%d0%be-127-%d1%81%d0%bc\/","title":{"rendered":"Joe alb calitate japonez\u0103 127 cm"},"content":{"rendered":"<p>Jo din lemn, stejar alb premium, diametru <strong>25 mm<\/strong><\/p>\n<p>Stejar alb japonez premium<br \/>\nPentru antrenament cu arme: arnis, eskrima, kali, jujutsu, kobudo etc.<br \/>\nSe potrive\u0219te perfect \u00een m\u00e2n\u0103<br \/>\n<strong>127 cm<\/strong><\/p>\n","protected":false},"excerpt":{"rendered":"<p>Jo din lemn, stejar alb premium, diametru 25 mm Stejar alb japonez premium Pentru antrenament cu arme: arnis, eskrima, kali,<\/p>\n","protected":false},"featured_media":34210,"comment_status":"open","ping_status":"closed","template":"","meta":[],"product_brand":[],"product_cat":[814,818,822,840],"product_tag":[],"class_list":{"0":"post-34213","1":"product","2":"type-product","3":"status-publish","4":"has-post-thumbnail","6":"product_cat-accesorii-ro-7","7":"product_cat-adidas-aikido-ro","8":"product_cat-arme-8","9":"product_cat-kobudo-ro","11":"first","12":"instock","13":"shipping-taxable","14":"purchasable","15":"product-type-simple"},"_links":{"self":[{"href":"https:\/\/adidascombat.md\/ro\/wp-json\/wp\/v2\/product\/34213","targetHints":{"allow":["GET"]}}],"collection":[{"href":"https:\/\/adidascombat.md\/ro\/wp-json\/wp\/v2\/product"}],"about":[{"href":"https:\/\/adidascombat.md\/ro\/wp-json\/wp\/v2\/types\/product"}],"replies":[{"embeddable":true,"href":"https:\/\/adidascombat.md\/ro\/wp-json\/wp\/v2\/comments?post=34213"}],"version-history":[{"count":2,"href":"https:\/\/adidascombat.md\/ro\/wp-json\/wp\/v2\/product\/34213\/revisions"}],"predecessor-version":[{"id":34215,"href":"https:\/\/adidascombat.md\/ro\/wp-json\/wp\/v2\/product\/34213\/revisions\/34215"}],"wp:featuredmedia":[{"embeddable":true,"href":"https:\/\/adidascombat.md\/ro\/wp-json\/wp\/v2\/media\/34210"}],"wp:attachment":[{"href":"https:\/\/adidascombat.md\/ro\/wp-json\/wp\/v2\/media?parent=34213"}],"wp:term":[{"taxonomy":"product_brand","embeddable":true,"href":"https:\/\/adidascombat.md\/ro\/wp-json\/wp\/v2\/product_brand?post=34213"},{"taxonomy":"product_cat","embeddable":true,"href":"https:\/\/adidascombat.md\/ro\/wp-json\/wp\/v2\/product_cat?post=34213"},{"taxonomy":"product_tag","embeddable":true,"href":"https:\/\/adidascombat.md\/ro\/wp-json\/wp\/v2\/product_tag?post=34213"}],"curies":[{"name":"wp","href":"https:\/\/api.w.org\/{rel}","templated":true}]}}