{"id":34249,"date":"2025-12-08T14:31:34","date_gmt":"2025-12-08T14:31:34","guid":{"rendered":"https:\/\/adidascombat.md\/product\/%d1%81%d1%83%d0%b1%d0%be%d1%80%d0%b8%d1%82%d0%be\/"},"modified":"2025-12-08T14:34:55","modified_gmt":"2025-12-08T14:34:55","slug":"%d1%81%d1%83%d0%b1%d0%be%d1%80%d0%b8%d1%82%d0%be","status":"publish","type":"product","link":"https:\/\/adidascombat.md\/ro\/Produs\/%d1%81%d1%83%d0%b1%d0%be%d1%80%d0%b8%d1%82%d0%be\/","title":{"rendered":"Suborito"},"content":{"rendered":"<p>Un suborito greu, din lemn de esen\u021b\u0103 tare. Culoarea poate varia u\u0219or.<\/p>\n<p>Suborito-ul este fabricat din lemn de esen\u021b\u0103 tare, de \u00eenalt\u0103 calitate.<br \/>\nPentru exersarea mi\u0219c\u0103rilor cu sabia, potrivit \u00een special pentru antrenamentul antebra\u021bului datorit\u0103 greut\u0103\u021bii sale.<br \/>\nAproximativ <strong>1050 g<\/strong>.<br \/>\nLungime<strong> 115 cm.<\/strong><br \/>\nPentru kendo, kobudo etc.<\/p>\n","protected":false},"excerpt":{"rendered":"<p>Un suborito greu, din lemn de esen\u021b\u0103 tare. Culoarea poate varia u\u0219or. Suborito-ul este fabricat din lemn de esen\u021b\u0103 tare,<\/p>\n","protected":false},"featured_media":34245,"comment_status":"open","ping_status":"closed","template":"","meta":[],"product_brand":[],"product_cat":[818,822,836,840],"product_tag":[],"class_list":{"0":"post-34249","1":"product","2":"type-product","3":"status-publish","4":"has-post-thumbnail","6":"product_cat-adidas-aikido-ro","7":"product_cat-arme-8","8":"product_cat-kendo-ro","9":"product_cat-kobudo-ro","11":"first","12":"instock","13":"shipping-taxable","14":"purchasable","15":"product-type-simple"},"_links":{"self":[{"href":"https:\/\/adidascombat.md\/ro\/wp-json\/wp\/v2\/product\/34249","targetHints":{"allow":["GET"]}}],"collection":[{"href":"https:\/\/adidascombat.md\/ro\/wp-json\/wp\/v2\/product"}],"about":[{"href":"https:\/\/adidascombat.md\/ro\/wp-json\/wp\/v2\/types\/product"}],"replies":[{"embeddable":true,"href":"https:\/\/adidascombat.md\/ro\/wp-json\/wp\/v2\/comments?post=34249"}],"version-history":[{"count":2,"href":"https:\/\/adidascombat.md\/ro\/wp-json\/wp\/v2\/product\/34249\/revisions"}],"predecessor-version":[{"id":34251,"href":"https:\/\/adidascombat.md\/ro\/wp-json\/wp\/v2\/product\/34249\/revisions\/34251"}],"wp:featuredmedia":[{"embeddable":true,"href":"https:\/\/adidascombat.md\/ro\/wp-json\/wp\/v2\/media\/34245"}],"wp:attachment":[{"href":"https:\/\/adidascombat.md\/ro\/wp-json\/wp\/v2\/media?parent=34249"}],"wp:term":[{"taxonomy":"product_brand","embeddable":true,"href":"https:\/\/adidascombat.md\/ro\/wp-json\/wp\/v2\/product_brand?post=34249"},{"taxonomy":"product_cat","embeddable":true,"href":"https:\/\/adidascombat.md\/ro\/wp-json\/wp\/v2\/product_cat?post=34249"},{"taxonomy":"product_tag","embeddable":true,"href":"https:\/\/adidascombat.md\/ro\/wp-json\/wp\/v2\/product_tag?post=34249"}],"curies":[{"name":"wp","href":"https:\/\/api.w.org\/{rel}","templated":true}]}}