{"id":34257,"date":"2025-12-08T15:46:08","date_gmt":"2025-12-08T15:46:08","guid":{"rendered":"https:\/\/adidascombat.md\/product\/%d0%b4%d0%b2%d1%83%d1%80%d1%83%d1%87%d0%bd%d1%8b%d0%b9-%d0%bc%d0%b5%d1%87-%d0%bf%d0%bf\/"},"modified":"2025-12-08T15:49:51","modified_gmt":"2025-12-08T15:49:51","slug":"%d0%b4%d0%b2%d1%83%d1%80%d1%83%d1%87%d0%bd%d1%8b%d0%b9-%d0%bc%d0%b5%d1%87-%d0%bf%d0%bf","status":"publish","type":"product","link":"https:\/\/adidascombat.md\/ro\/Produs\/%d0%b4%d0%b2%d1%83%d1%80%d1%83%d1%87%d0%bd%d1%8b%d0%b9-%d0%bc%d0%b5%d1%87-%d0%bf%d0%bf\/","title":{"rendered":"Sabie dou\u0103 m\u00e2ini PP"},"content":{"rendered":"<p>Aceast\u0103 sabie pentru dou\u0103 m\u00e2ini este fabricat\u0103 din plastic polipropilenic negru (polipropilen\u0103), ceea ce o face puternic\u0103, durabil\u0103 \u0219i rigid\u0103.<\/p>\n<p>Aspectul s\u0103u excelent \u0219i greutatea total\u0103 bun\u0103 (<strong>770 g<\/strong>) o fac un accesoriu excelent.<\/p>\n<p>Lungimea total\u0103 este de <strong>104 cm<\/strong>, iar plasticul este indestructibil, dar rigid, nu \u201emoale\u201d.<\/p>\n","protected":false},"excerpt":{"rendered":"<p>Aceast\u0103 sabie pentru dou\u0103 m\u00e2ini este fabricat\u0103 din plastic polipropilenic negru (polipropilen\u0103), ceea ce o face puternic\u0103, durabil\u0103 \u0219i rigid\u0103.<\/p>\n","protected":false},"featured_media":34254,"comment_status":"open","ping_status":"closed","template":"","meta":[],"product_brand":[],"product_cat":[840],"product_tag":[],"class_list":{"0":"post-34257","1":"product","2":"type-product","3":"status-publish","4":"has-post-thumbnail","6":"product_cat-kobudo-ro","8":"first","9":"instock","10":"shipping-taxable","11":"purchasable","12":"product-type-simple"},"_links":{"self":[{"href":"https:\/\/adidascombat.md\/ro\/wp-json\/wp\/v2\/product\/34257","targetHints":{"allow":["GET"]}}],"collection":[{"href":"https:\/\/adidascombat.md\/ro\/wp-json\/wp\/v2\/product"}],"about":[{"href":"https:\/\/adidascombat.md\/ro\/wp-json\/wp\/v2\/types\/product"}],"replies":[{"embeddable":true,"href":"https:\/\/adidascombat.md\/ro\/wp-json\/wp\/v2\/comments?post=34257"}],"version-history":[{"count":2,"href":"https:\/\/adidascombat.md\/ro\/wp-json\/wp\/v2\/product\/34257\/revisions"}],"predecessor-version":[{"id":34259,"href":"https:\/\/adidascombat.md\/ro\/wp-json\/wp\/v2\/product\/34257\/revisions\/34259"}],"wp:featuredmedia":[{"embeddable":true,"href":"https:\/\/adidascombat.md\/ro\/wp-json\/wp\/v2\/media\/34254"}],"wp:attachment":[{"href":"https:\/\/adidascombat.md\/ro\/wp-json\/wp\/v2\/media?parent=34257"}],"wp:term":[{"taxonomy":"product_brand","embeddable":true,"href":"https:\/\/adidascombat.md\/ro\/wp-json\/wp\/v2\/product_brand?post=34257"},{"taxonomy":"product_cat","embeddable":true,"href":"https:\/\/adidascombat.md\/ro\/wp-json\/wp\/v2\/product_cat?post=34257"},{"taxonomy":"product_tag","embeddable":true,"href":"https:\/\/adidascombat.md\/ro\/wp-json\/wp\/v2\/product_tag?post=34257"}],"curies":[{"name":"wp","href":"https:\/\/api.w.org\/{rel}","templated":true}]}}