{"id":34281,"date":"2025-12-08T15:58:13","date_gmt":"2025-12-08T15:58:13","guid":{"rendered":"https:\/\/adidascombat.md\/product\/%d0%b1%d0%be-%d0%ba%d1%80%d0%b0%d1%81%d0%bd%d1%8b%d0%b9-153-%d1%81%d0%bc\/"},"modified":"2025-12-08T15:59:13","modified_gmt":"2025-12-08T15:59:13","slug":"%d0%b1%d0%be-%d0%ba%d1%80%d0%b0%d1%81%d0%bd%d1%8b%d0%b9-153-%d1%81%d0%bc","status":"publish","type":"product","link":"https:\/\/adidascombat.md\/ro\/Produs\/%d0%b1%d0%be-%d0%ba%d1%80%d0%b0%d1%81%d0%bd%d1%8b%d0%b9-153-%d1%81%d0%bc\/","title":{"rendered":"Bo ro\u0219u 153 cm"},"content":{"rendered":"<p>Bo din stejar ro\u0219u, diametru<strong> 30 mm<\/strong><\/p>\n<p>Cel mai fin stejar japonez<\/p>\n<p>Pentru antrenament de autoap\u0103rare cu arme, arnis, eskrima, kali, jujutsu, kobudo etc.<\/p>\n<p>Se potrive\u0219te perfect \u00een m\u00e2n\u0103<br \/>\n153 cm<\/p>\n","protected":false},"excerpt":{"rendered":"<p>Bo din stejar ro\u0219u, diametru 30 mm Cel mai fin stejar japonez Pentru antrenament de autoap\u0103rare cu arme, arnis, eskrima,<\/p>\n","protected":false},"featured_media":34278,"comment_status":"open","ping_status":"closed","template":"","meta":[],"product_brand":[],"product_cat":[814,801,840],"product_tag":[],"class_list":{"0":"post-34281","1":"product","2":"type-product","3":"status-publish","4":"has-post-thumbnail","6":"product_cat-accesorii-ro-7","7":"product_cat-adidas-ju-jutsu","8":"product_cat-kobudo-ro","10":"first","11":"instock","12":"shipping-taxable","13":"purchasable","14":"product-type-simple"},"_links":{"self":[{"href":"https:\/\/adidascombat.md\/ro\/wp-json\/wp\/v2\/product\/34281","targetHints":{"allow":["GET"]}}],"collection":[{"href":"https:\/\/adidascombat.md\/ro\/wp-json\/wp\/v2\/product"}],"about":[{"href":"https:\/\/adidascombat.md\/ro\/wp-json\/wp\/v2\/types\/product"}],"replies":[{"embeddable":true,"href":"https:\/\/adidascombat.md\/ro\/wp-json\/wp\/v2\/comments?post=34281"}],"version-history":[{"count":1,"href":"https:\/\/adidascombat.md\/ro\/wp-json\/wp\/v2\/product\/34281\/revisions"}],"predecessor-version":[{"id":34282,"href":"https:\/\/adidascombat.md\/ro\/wp-json\/wp\/v2\/product\/34281\/revisions\/34282"}],"wp:featuredmedia":[{"embeddable":true,"href":"https:\/\/adidascombat.md\/ro\/wp-json\/wp\/v2\/media\/34278"}],"wp:attachment":[{"href":"https:\/\/adidascombat.md\/ro\/wp-json\/wp\/v2\/media?parent=34281"}],"wp:term":[{"taxonomy":"product_brand","embeddable":true,"href":"https:\/\/adidascombat.md\/ro\/wp-json\/wp\/v2\/product_brand?post=34281"},{"taxonomy":"product_cat","embeddable":true,"href":"https:\/\/adidascombat.md\/ro\/wp-json\/wp\/v2\/product_cat?post=34281"},{"taxonomy":"product_tag","embeddable":true,"href":"https:\/\/adidascombat.md\/ro\/wp-json\/wp\/v2\/product_tag?post=34281"}],"curies":[{"name":"wp","href":"https:\/\/api.w.org\/{rel}","templated":true}]}}