{"id":34380,"date":"2025-12-09T10:20:41","date_gmt":"2025-12-09T10:20:41","guid":{"rendered":"https:\/\/adidascombat.md\/product\/%d0%b4%d0%be%d0%bf%d0%be%d0%bb%d0%bd%d0%b8%d1%82%d0%b5%d0%bb%d1%8c%d0%bd%d1%8b%d0%b9-%d1%80%d0%b5%d0%b7%d0%b8%d0%bd%d0%be%d0%b2%d1%8b%d0%b9-%d0%bc%d0%b0%d0%b3%d0%b0%d0%b7%d0%b8%d0%bd-%d0%b4%d0%bb\/"},"modified":"2025-12-09T10:21:55","modified_gmt":"2025-12-09T10:21:55","slug":"%d0%b4%d0%be%d0%bf%d0%be%d0%bb%d0%bd%d0%b8%d1%82%d0%b5%d0%bb%d1%8c%d0%bd%d1%8b%d0%b9-%d1%80%d0%b5%d0%b7%d0%b8%d0%bd%d0%be%d0%b2%d1%8b%d0%b9-%d0%bc%d0%b0%d0%b3%d0%b0%d0%b7%d0%b8%d0%bd-%d0%b4%d0%bb","status":"publish","type":"product","link":"https:\/\/adidascombat.md\/ro\/Produs\/%d0%b4%d0%be%d0%bf%d0%be%d0%bb%d0%bd%d0%b8%d1%82%d0%b5%d0%bb%d1%8c%d0%bd%d1%8b%d0%b9-%d1%80%d0%b5%d0%b7%d0%b8%d0%bd%d0%be%d0%b2%d1%8b%d0%b9-%d0%bc%d0%b0%d0%b3%d0%b0%d0%b7%d0%b8%d0%bd-%d0%b4%d0%bb\/","title":{"rendered":"\u00cenc\u0103rc\u0103tor suplimentar de cauciuc pentru articolul 4201005"},"content":{"rendered":"<p>\u00cenc\u0103rc\u0103tor de cauciuc pentru piesa noastr\u0103 num\u0103rul 4201005, aproximativ <strong>120g,<\/strong> <strong>11,5cm<\/strong> lungime, <strong>3,5cm<\/strong> l\u0103\u021bime, pentru exersarea schimb\u0103rii \u00eenc\u0103rc\u0103torului&#8230;<\/p>\n","protected":false},"excerpt":{"rendered":"<p>\u00cenc\u0103rc\u0103tor de cauciuc pentru piesa noastr\u0103 num\u0103rul 4201005, aproximativ 120g, 11,5cm lungime, 3,5cm l\u0103\u021bime, pentru exersarea schimb\u0103rii \u00eenc\u0103rc\u0103torului&#8230;<\/p>\n","protected":false},"featured_media":34377,"comment_status":"open","ping_status":"closed","template":"","meta":[],"product_brand":[],"product_cat":[854,846],"product_tag":[],"class_list":{"0":"post-34380","1":"product","2":"type-product","3":"status-publish","4":"has-post-thumbnail","6":"product_cat-arme-antrenament-ro-11","7":"product_cat-krav-maga-ro","9":"first","10":"instock","11":"shipping-taxable","12":"purchasable","13":"product-type-simple"},"_links":{"self":[{"href":"https:\/\/adidascombat.md\/ro\/wp-json\/wp\/v2\/product\/34380","targetHints":{"allow":["GET"]}}],"collection":[{"href":"https:\/\/adidascombat.md\/ro\/wp-json\/wp\/v2\/product"}],"about":[{"href":"https:\/\/adidascombat.md\/ro\/wp-json\/wp\/v2\/types\/product"}],"replies":[{"embeddable":true,"href":"https:\/\/adidascombat.md\/ro\/wp-json\/wp\/v2\/comments?post=34380"}],"version-history":[{"count":1,"href":"https:\/\/adidascombat.md\/ro\/wp-json\/wp\/v2\/product\/34380\/revisions"}],"predecessor-version":[{"id":34381,"href":"https:\/\/adidascombat.md\/ro\/wp-json\/wp\/v2\/product\/34380\/revisions\/34381"}],"wp:featuredmedia":[{"embeddable":true,"href":"https:\/\/adidascombat.md\/ro\/wp-json\/wp\/v2\/media\/34377"}],"wp:attachment":[{"href":"https:\/\/adidascombat.md\/ro\/wp-json\/wp\/v2\/media?parent=34380"}],"wp:term":[{"taxonomy":"product_brand","embeddable":true,"href":"https:\/\/adidascombat.md\/ro\/wp-json\/wp\/v2\/product_brand?post=34380"},{"taxonomy":"product_cat","embeddable":true,"href":"https:\/\/adidascombat.md\/ro\/wp-json\/wp\/v2\/product_cat?post=34380"},{"taxonomy":"product_tag","embeddable":true,"href":"https:\/\/adidascombat.md\/ro\/wp-json\/wp\/v2\/product_tag?post=34380"}],"curies":[{"name":"wp","href":"https:\/\/api.w.org\/{rel}","templated":true}]}}