{"id":34511,"date":"2025-12-10T11:31:03","date_gmt":"2025-12-10T11:31:03","guid":{"rendered":"https:\/\/adidascombat.md\/product\/ju-sports-signature-line-krav-maga-%d1%84%d1%83%d1%82%d0%b1%d0%be%d0%bb%d0%ba%d0%b0-%d1%81-%d0%bb%d0%b5%d0%b4%d0%b8-%d1%81%d1%82%d1%80%d0%b8%d0%b6%d0%ba%d0%be%d0%b9\/"},"modified":"2025-12-10T11:33:17","modified_gmt":"2025-12-10T11:33:17","slug":"ju-sports-signature-line-krav-maga-%d1%84%d1%83%d1%82%d0%b1%d0%be%d0%bb%d0%ba%d0%b0-%d1%81-%d0%bb%d0%b5%d0%b4%d0%b8-%d1%81%d1%82%d1%80%d0%b8%d0%b6%d0%ba%d0%be%d0%b9","status":"publish","type":"product","link":"https:\/\/adidascombat.md\/ro\/Produs\/ju-sports-signature-line-krav-maga-%d1%84%d1%83%d1%82%d0%b1%d0%be%d0%bb%d0%ba%d0%b0-%d1%81-%d0%bb%d0%b5%d0%b4%d0%b8-%d1%81%d1%82%d1%80%d0%b8%d0%b6%d0%ba%d0%be%d0%b9\/","title":{"rendered":"Tricou Ju-Sports Signature Line \u201eKrav Maga\u201d cu tunsoare feminin\u0103"},"content":{"rendered":"<p>Tricou Krav Maga pentru femei. Acest tricou pentru femei are o croial\u0103 modern\u0103, cu talie str\u00e2ns\u0103, \u0219i este perfect at\u00e2t pentru antrenamentele de Krav Maga, c\u00e2t \u0219i pentru \u021binutele casual.<\/p>\n<p>Cu logo-ul \u0219i inscrip\u021bia discret\u0103 inspirat\u0103 de Krav Maga, \u00ee\u021bi po\u021bi etala pasiunea pentru acest sport.<\/p>\n<p>Acest tricou sport te va face s\u0103 ar\u0103\u021bi grozav at\u00e2t \u00een \u200b\u200btimpul antrenamentului, c\u00e2t \u0219i pentru \u021binutele casual.<\/p>\n<p>100% bumbac organic piept\u0103nat, filat \u00een inel.<br \/>\nCus\u0103turile laterale asigur\u0103 o potrivire confortabil\u0103.<br \/>\nGulerul sub\u021bire \u0219i cus\u0103turile umerilor sunt \u00eent\u0103rite cu band\u0103 moale de-a lungul tivului.<br \/>\nFoarte la mod\u0103 \u0219i confortabil de purtat!<br \/>\nDisponibil \u00een m\u0103rimile pentru femei de la XS la XXL.<\/p>\n<p><strong>Caracteristici:<\/strong><br \/>\nBumbac organic, Fair Wear<br \/>\nFabricat la un unghi de 40\u00b0. Nu c\u0103lca\u021bi, nu usca\u021bi la usc\u0103tor \u0219i nu folosi\u021bi balsam de rufe.<br \/>\nFoarte confortabil de purtat.<br \/>\n100% bumbac<br \/>\nLady Regular (versiune normal\u0103)<\/p>\n","protected":false},"excerpt":{"rendered":"<p>Tricou Krav Maga pentru femei. Acest tricou pentru femei are o croial\u0103 modern\u0103, cu talie str\u00e2ns\u0103, \u0219i este perfect at\u00e2t<\/p>\n","protected":false},"featured_media":34507,"comment_status":"open","ping_status":"closed","template":"","meta":[],"product_brand":[],"product_cat":[848,846],"product_tag":[],"class_list":{"0":"post-34511","1":"product","2":"type-product","3":"status-publish","4":"has-post-thumbnail","6":"product_cat-imbracaminte-11","7":"product_cat-krav-maga-ro","9":"first","10":"instock","11":"shipping-taxable","12":"purchasable","13":"product-type-variable"},"_links":{"self":[{"href":"https:\/\/adidascombat.md\/ro\/wp-json\/wp\/v2\/product\/34511","targetHints":{"allow":["GET"]}}],"collection":[{"href":"https:\/\/adidascombat.md\/ro\/wp-json\/wp\/v2\/product"}],"about":[{"href":"https:\/\/adidascombat.md\/ro\/wp-json\/wp\/v2\/types\/product"}],"replies":[{"embeddable":true,"href":"https:\/\/adidascombat.md\/ro\/wp-json\/wp\/v2\/comments?post=34511"}],"version-history":[{"count":2,"href":"https:\/\/adidascombat.md\/ro\/wp-json\/wp\/v2\/product\/34511\/revisions"}],"predecessor-version":[{"id":34543,"href":"https:\/\/adidascombat.md\/ro\/wp-json\/wp\/v2\/product\/34511\/revisions\/34543"}],"wp:featuredmedia":[{"embeddable":true,"href":"https:\/\/adidascombat.md\/ro\/wp-json\/wp\/v2\/media\/34507"}],"wp:attachment":[{"href":"https:\/\/adidascombat.md\/ro\/wp-json\/wp\/v2\/media?parent=34511"}],"wp:term":[{"taxonomy":"product_brand","embeddable":true,"href":"https:\/\/adidascombat.md\/ro\/wp-json\/wp\/v2\/product_brand?post=34511"},{"taxonomy":"product_cat","embeddable":true,"href":"https:\/\/adidascombat.md\/ro\/wp-json\/wp\/v2\/product_cat?post=34511"},{"taxonomy":"product_tag","embeddable":true,"href":"https:\/\/adidascombat.md\/ro\/wp-json\/wp\/v2\/product_tag?post=34511"}],"curies":[{"name":"wp","href":"https:\/\/api.w.org\/{rel}","templated":true}]}}